{"id":626,"date":"2025-02-23T17:44:37","date_gmt":"2025-02-23T16:44:37","guid":{"rendered":"https:\/\/1nasty.com\/?post_type=product&#038;p=626"},"modified":"2026-04-04T09:32:51","modified_gmt":"2026-04-04T07:32:51","slug":"dual-mode","status":"publish","type":"product","link":"https:\/\/1nasty.com\/sk\/produkt\/dual-mode\/","title":{"rendered":"Mikina - Urban Beauty: Dual Mode"},"content":{"rendered":"<h2 data-section-id=\"p6622n\" data-start=\"134\" data-end=\"195\">Mikina Urban Beauty: Dual Mode - variabiln\u00e1 forma v rafinovanom dizajne<\/h2>\n<p data-start=\"79\" data-end=\"457\">Mikina Urban Beauty Dual Mode Sweatshirt bola navrhnut\u00e1 ako dvojfunk\u010dn\u00fd model, ktor\u00fd sp\u00e1ja estetiku s flexibiln\u00fdm pou\u017eit\u00edm. Forma in\u0161pirovan\u00e1 kimonom jej dod\u00e1va \u013eahkos\u0165, zatia\u013e \u010do dizajn umo\u017e\u0148uje nosi\u0165 mikinu dvoma sp\u00f4sobmi - klasicky alebo chrbtom k sebe. Jeden model tak pon\u00faka r\u00f4zne mo\u017enosti \u0161tyliz\u00e1cie, pri\u010dom celkov\u00fd vzh\u013ead zost\u00e1va vizu\u00e1lne konzistentn\u00fd.<\/p>\n<p data-start=\"459\" data-end=\"747\">Strih bol vyvinut\u00fd tak, aby zv\u00fdraznil horn\u00fa \u010das\u0165 postavy bez naru\u0161enia proporci\u00ed. L\u00ednia ramien zost\u00e1va m\u00e4kk\u00e1, zatia\u013e \u010do spodn\u00e1 \u010das\u0165 mikiny stabilizuje tvar a udr\u017eiava ho na mieste. V\u00fdsledkom je, \u017ee model vyzer\u00e1 dobre v pohybe aj v statickej \u00faprave.<\/p>\n<hr data-start=\"1829\" data-end=\"1832\" \/>\n<h2 data-start=\"1813\" data-end=\"1849\">Dizajn a detaily mikiny Dual Mode<\/h2>\n<p data-start=\"797\" data-end=\"1143\">Dizajn je zalo\u017een\u00fd na rovnov\u00e1he medzi vo\u013enos\u0165ou a kontrolou tvaru. Strih in\u0161pirovan\u00fd kimonom prin\u00e1\u0161a prirodzen\u00fa plynulos\u0165 l\u00edni\u00ed, ale celkov\u00fd dizajn bol prepracovan\u00fd tak, aby si zachoval modern\u00fd, \u0161trukt\u00farovan\u00fd dojem. Mo\u017enos\u0165 nosi\u0165 mikinu v dvoch variantoch men\u00ed nielen vzh\u013ead v\u00fdstrihu, ale aj vn\u00edmanie celej siluety.<\/p>\n<p data-start=\"1145\" data-end=\"1355\">V jednej verzii je l\u00ednia viac stavan\u00e1 a minimalistick\u00e1, zatia\u013e \u010do druh\u00e1 verzia je otvorenej\u0161ia a \u017eenskej\u0161ia. T\u00fdmto sp\u00f4sobom sa mikina prisp\u00f4sobuje \u0161t\u00fdlu a situ\u00e1cii, namiesto toho, aby vnucovala jeden smer.<\/p>\n<p data-start=\"1357\" data-end=\"1583\">Detaily zost\u00e1vaj\u00fa jemn\u00e9, preto\u017ee ich \u00falohou je dop\u013a\u0148a\u0165 formu, nie jej dominova\u0165. Povrchov\u00e1 \u00faprava je \u010dist\u00e1 a prec\u00edzna, tak\u017ee model si zachov\u00e1va prvotriednu estetiku a dobre lad\u00ed so zvy\u0161kom kolekcie.<\/p>\n<p data-start=\"1585\" data-end=\"1599\">Model je vybaven\u00fd:<\/p>\n<ul data-start=\"1601\" data-end=\"1783\">\n<li data-section-id=\"1j93nla\" data-start=\"1601\" data-end=\"1639\">obojstrann\u00fd dizajn (predn\u00fd\/zadn\u00fd)<\/li>\n<li data-section-id=\"1itrl8d\" data-start=\"1640\" data-end=\"1668\">in\u0161pirovan\u00e9 strihom kimona<\/li>\n<li data-section-id=\"1wk7gdy\" data-start=\"1669\" data-end=\"1716\">meranie p\u00e1su na stabiliz\u00e1ciu proporci\u00ed<\/li>\n<li data-section-id=\"uk1a1v\" data-start=\"1717\" data-end=\"1758\">pru\u017en\u00e1 \u0161trukt\u00fara na podporu pohybu<\/li>\n<li data-section-id=\"18ukr9t\" data-start=\"1759\" data-end=\"1783\">jemn\u00e9 logo 1NASTY<\/li>\n<\/ul>\n<p data-start=\"1785\" data-end=\"1867\">T\u00fdmto sp\u00f4sobom zost\u00e1va celok funk\u010dn\u00fd a z\u00e1rove\u0148 vizu\u00e1lne \u0161trukt\u00farovan\u00fd.<\/p>\n<hr data-start=\"1150\" data-end=\"1153\" \/>\n<h2 data-start=\"1155\" data-end=\"1217\">Mikina Urban Beauty Dual Mode s modalom Lenzing\u2122 - pohodlie a odolnos\u0165<\/h2>\n<p data-start=\"1219\" data-end=\"1256\">Model bol vytvoren\u00fd z materi\u00e1lu zlo\u017een\u00e9ho z:<\/p>\n<p data-start=\"1258\" data-end=\"1333\">52% LENZING\u2122 Modal<br data-start=\"1276\" data-end=\"1279\" \/>42% Polyester<br data-start=\"1292\" data-end=\"1295\" \/>6% Elastan \/ Spandex \/ Polyuret\u00e1n<\/p>\n<p data-start=\"1335\" data-end=\"1569\">Tkanina zost\u00e1va pr\u00edjemn\u00e1 na poko\u017eke, preto\u017ee modal je zodpovedn\u00fd za m\u00e4kkos\u0165 a priedu\u0161nos\u0165. Polyester stabilizuje \u0161trukt\u00faru, zatia\u013e \u010do elastan zvy\u0161uje pru\u017enos\u0165, tak\u017ee tkanina pracuje s pohybom a dlho si udr\u017e\u00ed tvar.<\/p>\n<p data-start=\"1586\" data-end=\"1827\">Certifikovan\u00e9 vl\u00e1kna <a href=\"https:\/\/www.lenzing.com\/products\/lenzing-modal\">Lenzing\u2122<\/a> sa hojne pou\u017e\u00edvaj\u00fa v pr\u00e9miovom oble\u010den\u00ed, preto\u017ee sp\u00e1jaj\u00fa odolnos\u0165 s pohodl\u00edm. Viac inform\u00e1ci\u00ed o vlastnostiach modalu si m\u00f4\u017eete pre\u010d\u00edta\u0165 na webovej str\u00e1nke v\u00fdrobcu.<\/p>\n<p data-start=\"1586\" data-end=\"1827\">Materi\u00e1l je tie\u017e certifikovan\u00fd <a href=\"https:\/\/www.oeko-tex.com\/en\/our-standards\/oeko-tex-standard-100\" target=\"_blank\" rel=\"noopener\">OEKO-TEX\u00aeSTANDARD 100<\/a>. To znamen\u00e1, \u017ee bol testovan\u00fd na pr\u00edtomnos\u0165 \u0161kodliv\u00fdch l\u00e1tok a je bezpe\u010dn\u00fd pri priamom kontakte s poko\u017ekou.<\/p>\n<hr data-start=\"1829\" data-end=\"1832\" \/>\n<h2 data-start=\"1813\" data-end=\"1849\">Mestsk\u00e1 kr\u00e1sa: Du\u00e1lny re\u017eim v stylingu<\/h2>\n<p data-start=\"2356\" data-end=\"2589\">Mikina Urban Beauty Dual Mode funguje ako s\u00fa\u010das\u0165 v\u00e4\u010d\u0161ieho syst\u00e9mu, tak\u017ee ju m\u00f4\u017eete \u013eahko kombinova\u0165 s nohavicami alebo suk\u0148ami z rovnakej kolekcie. Obojstrann\u00e1 forma z\u00e1rove\u0148 umo\u017e\u0148uje meni\u0165 charakter stylingu bez toho, aby ste museli meni\u0165 v\u00fdrobok.<\/p>\n<p data-start=\"2591\" data-end=\"2813\">Tento model sa hod\u00ed na ka\u017edodenn\u00e9 nosenie, ale aj na rafinovanej\u0161ie komplety, preto\u017ee poskytuje kontrolu nad proporciami a l\u00edniou siluety. Je to rie\u0161enie pre \u017eeny, ktor\u00e9 chc\u00fa ma\u0165 mo\u017enos\u0165 v\u00fdberu a z\u00e1rove\u0148 si zachova\u0165 konzistentn\u00fd imid\u017e.<\/p>\n<p data-start=\"1664\" data-end=\"1886\">K dispoz\u00edcii v piatich farb\u00e1ch: <strong>Imperial Olive, Noble Rust, Dark Monarch, Majestic Plum<\/strong> a <strong>Kr\u00e1\u013eovsk\u00e1 \u010du\u010doriedka<\/strong>. Ka\u017ed\u00fd z nich sa hod\u00ed k estetike modern\u00e9ho mestsk\u00e9ho \u0161atn\u00edka a \u013eahko sa kombinuje s ostatn\u00fdmi prvkami <a href=\"https:\/\/1nasty.com\/sk\/kategoria-produktu\/kolekcje\/urban-beauty\/\" target=\"_blank\" rel=\"noopener\">kolekcia<\/a>.<\/p>","protected":false},"excerpt":{"rendered":"<p>Obojstrann\u00e1 mikina in\u0161pirovan\u00e1 kimonom vyroben\u00e1 z prvotriednej tkaniny. Sp\u00e1ja v sebe \u0161t\u00fdl a eleganciu.<\/p>","protected":false},"featured_media":813,"template":"","meta":{"_acf_changed":false},"product_brand":[558],"product_cat":[53,48,67],"product_tag":[146,147,148,81,163,164,151,165,139,143,144,141,140,142,166,167,150,149,157,158,138,156,160,145,155,136,175,176,174,162,168,159,161,169,170,172,173,171,153,97,154,152],"class_list":{"0":"post-626","1":"product","2":"type-product","3":"status-publish","4":"has-post-thumbnail","6":"product_brand-1nasty","7":"product_cat-bluzy","8":"product_cat-nowosci","9":"product_cat-urban-beauty","10":"product_tag-1nasty","11":"product_tag-1nasty-bluza","12":"product_tag-1nasty-dual-mode","13":"product_tag-bluza","14":"product_tag-bluza-dark-monarch","15":"product_tag-bluza-imperial-olive","16":"product_tag-bluza-m","17":"product_tag-bluza-majestic-plum","18":"product_tag-bluza-na-co-dzien","19":"product_tag-bluza-na-silownie","20":"product_tag-bluza-na-spacer","21":"product_tag-bluza-na-spotkanie","22":"product_tag-bluza-na-wieczor","23":"product_tag-bluza-na-wyjscie","24":"product_tag-bluza-noble-rust","25":"product_tag-bluza-royal-blueberry","26":"product_tag-bluza-s","27":"product_tag-bluza-xs","28":"product_tag-bluza-z-bawelny","29":"product_tag-bluza-z-wysokogatunkowej-tkaniny","30":"product_tag-czarna-bluza","31":"product_tag-ekskluzywna-bluza","32":"product_tag-fioletowa-bluza","33":"product_tag-kolekcja-urban-beauty","34":"product_tag-luksusowa-bluza","35":"product_tag-moda-damska","36":"product_tag-moda-fitness","37":"product_tag-moda-komfortowa","38":"product_tag-moda-uliczna","39":"product_tag-niebieska-bluza","40":"product_tag-odziez-damska","41":"product_tag-oliwkowa-bluza","42":"product_tag-ruda-bluza","43":"product_tag-styl-casual","44":"product_tag-styl-elegancki","45":"product_tag-styl-miejski","46":"product_tag-styl-premium","47":"product_tag-styl-sportowy","48":"product_tag-trwala-bluza","49":"product_tag-urban-beauty","50":"product_tag-wygodna-bluza","51":"product_tag-wysokiej-jakosci-material","53":"first","54":"instock","55":"shipping-taxable","56":"purchasable","57":"product-type-variable","58":"has-default-attributes","59":"wvs-archive-product-wrapper"},"acf":[],"yoast_head":"<!-- This site is optimized with the Yoast SEO plugin v26.1.1 - https:\/\/yoast.com\/wordpress\/plugins\/seo\/ -->\n<title>Bluza - Urban Beauty: Dual Mode - 1nasty<\/title>\n<meta name=\"description\" content=\"Bluza Urban Beauty Dual Mode zosta\u0142a zaprojektowana jako model o podw\u00f3jnej funkcji, pozwala na noszenie bluzy na dwa sposoby \u2013 klasycznie lub ty\u0142em na prz\u00f3d\" \/>\n<meta name=\"robots\" content=\"index, follow, max-snippet:-1, max-image-preview:large, max-video-preview:-1\" \/>\n<link rel=\"canonical\" href=\"https:\/\/1nasty.com\/sk\/produkt\/dual-mode\/\" \/>\n<meta property=\"og:locale\" content=\"sk_SK\" \/>\n<meta property=\"og:type\" content=\"article\" \/>\n<meta property=\"og:title\" content=\"Bluza - Urban Beauty: Dual Mode - 1nasty\" \/>\n<meta property=\"og:description\" content=\"Bluza Urban Beauty Dual Mode zosta\u0142a zaprojektowana jako model o podw\u00f3jnej funkcji, pozwala na noszenie bluzy na dwa sposoby \u2013 klasycznie lub ty\u0142em na prz\u00f3d\" \/>\n<meta property=\"og:url\" content=\"https:\/\/1nasty.com\/sk\/produkt\/dual-mode\/\" \/>\n<meta property=\"og:site_name\" content=\"1nasty\" \/>\n<meta property=\"article:modified_time\" content=\"2026-04-04T07:32:51+00:00\" \/>\n<meta property=\"og:image\" content=\"https:\/\/1nasty.com\/wp-content\/uploads\/2025\/02\/0D2A4425.jpg\" \/>\n\t<meta property=\"og:image:width\" content=\"800\" \/>\n\t<meta property=\"og:image:height\" content=\"1200\" \/>\n\t<meta property=\"og:image:type\" content=\"image\/jpeg\" \/>\n<meta name=\"twitter:card\" content=\"summary_large_image\" \/>\n<meta name=\"twitter:label1\" content=\"Predpokladan\u00fd \u010das \u010d\u00edtania\" \/>\n\t<meta name=\"twitter:data1\" content=\"3 min\u00faty\" \/>\n<script type=\"application\/ld+json\" class=\"yoast-schema-graph\">{\"@context\":\"https:\/\/schema.org\",\"@graph\":[{\"@type\":\"WebPage\",\"@id\":\"https:\/\/1nasty.com\/produkt\/dual-mode\/\",\"url\":\"https:\/\/1nasty.com\/produkt\/dual-mode\/\",\"name\":\"Bluza - Urban Beauty: Dual Mode - 1nasty\",\"isPartOf\":{\"@id\":\"https:\/\/1nasty.com\/#website\"},\"primaryImageOfPage\":{\"@id\":\"https:\/\/1nasty.com\/produkt\/dual-mode\/#primaryimage\"},\"image\":{\"@id\":\"https:\/\/1nasty.com\/produkt\/dual-mode\/#primaryimage\"},\"thumbnailUrl\":\"https:\/\/1nasty.com\/wp-content\/uploads\/2025\/02\/0D2A4425.jpg\",\"datePublished\":\"2025-02-23T16:44:37+00:00\",\"dateModified\":\"2026-04-04T07:32:51+00:00\",\"description\":\"Bluza Urban Beauty Dual Mode zosta\u0142a zaprojektowana jako model o podw\u00f3jnej funkcji, pozwala na noszenie bluzy na dwa sposoby \u2013 klasycznie lub ty\u0142em na prz\u00f3d\",\"breadcrumb\":{\"@id\":\"https:\/\/1nasty.com\/produkt\/dual-mode\/#breadcrumb\"},\"inLanguage\":\"sk-SK\",\"potentialAction\":[{\"@type\":\"ReadAction\",\"target\":[\"https:\/\/1nasty.com\/produkt\/dual-mode\/\"]}]},{\"@type\":\"ImageObject\",\"inLanguage\":\"sk-SK\",\"@id\":\"https:\/\/1nasty.com\/produkt\/dual-mode\/#primaryimage\",\"url\":\"https:\/\/1nasty.com\/wp-content\/uploads\/2025\/02\/0D2A4425.jpg\",\"contentUrl\":\"https:\/\/1nasty.com\/wp-content\/uploads\/2025\/02\/0D2A4425.jpg\",\"width\":800,\"height\":1200,\"caption\":\"Dark Monarch; Urban Beauty: Spodnie Skinny; Urban Beauty: Bluza Dual Mode; Czapka 1Nasty Crew;\"},{\"@type\":\"BreadcrumbList\",\"@id\":\"https:\/\/1nasty.com\/produkt\/dual-mode\/#breadcrumb\",\"itemListElement\":[{\"@type\":\"ListItem\",\"position\":1,\"name\":\"Strona g\u0142\u00f3wna\",\"item\":\"https:\/\/1nasty.com\/\"},{\"@type\":\"ListItem\",\"position\":2,\"name\":\"Sklep\",\"item\":\"https:\/\/1nasty.com\/?page_id=29\"},{\"@type\":\"ListItem\",\"position\":3,\"name\":\"Bluza &#8211; Urban Beauty: Dual Mode\"}]},{\"@type\":\"WebSite\",\"@id\":\"https:\/\/1nasty.com\/#website\",\"url\":\"https:\/\/1nasty.com\/\",\"name\":\"1nasty\",\"description\":\"Luxury. Attitude. You!\",\"publisher\":{\"@id\":\"https:\/\/1nasty.com\/#organization\"},\"potentialAction\":[{\"@type\":\"SearchAction\",\"target\":{\"@type\":\"EntryPoint\",\"urlTemplate\":\"https:\/\/1nasty.com\/?s={search_term_string}\"},\"query-input\":{\"@type\":\"PropertyValueSpecification\",\"valueRequired\":true,\"valueName\":\"search_term_string\"}}],\"inLanguage\":\"sk-SK\"},{\"@type\":\"Organization\",\"@id\":\"https:\/\/1nasty.com\/#organization\",\"name\":\"1nasty\",\"url\":\"https:\/\/1nasty.com\/\",\"logo\":{\"@type\":\"ImageObject\",\"inLanguage\":\"sk-SK\",\"@id\":\"https:\/\/1nasty.com\/#\/schema\/logo\/image\/\",\"url\":\"https:\/\/1nasty.com\/wp-content\/uploads\/2024\/08\/f218434d670b74c1b50d2fa3ffcc3dab-e1725744934517.png\",\"contentUrl\":\"https:\/\/1nasty.com\/wp-content\/uploads\/2024\/08\/f218434d670b74c1b50d2fa3ffcc3dab-e1725744934517.png\",\"width\":268,\"height\":322,\"caption\":\"1nasty\"},\"image\":{\"@id\":\"https:\/\/1nasty.com\/#\/schema\/logo\/image\/\"}}]}<\/script>\n<!-- \/ Yoast SEO plugin. -->","yoast_head_json":{"title":"Bluza - Urban Beauty: Dual Mode - 1nasty","description":"Bluza Urban Beauty Dual Mode zosta\u0142a zaprojektowana jako model o podw\u00f3jnej funkcji, pozwala na noszenie bluzy na dwa sposoby \u2013 klasycznie lub ty\u0142em na prz\u00f3d","robots":{"index":"index","follow":"follow","max-snippet":"max-snippet:-1","max-image-preview":"max-image-preview:large","max-video-preview":"max-video-preview:-1"},"canonical":"https:\/\/1nasty.com\/sk\/produkt\/dual-mode\/","og_locale":"sk_SK","og_type":"article","og_title":"Bluza - Urban Beauty: Dual Mode - 1nasty","og_description":"Bluza Urban Beauty Dual Mode zosta\u0142a zaprojektowana jako model o podw\u00f3jnej funkcji, pozwala na noszenie bluzy na dwa sposoby \u2013 klasycznie lub ty\u0142em na prz\u00f3d","og_url":"https:\/\/1nasty.com\/sk\/produkt\/dual-mode\/","og_site_name":"1nasty","article_modified_time":"2026-04-04T07:32:51+00:00","og_image":[{"width":800,"height":1200,"url":"https:\/\/1nasty.com\/wp-content\/uploads\/2025\/02\/0D2A4425.jpg","type":"image\/jpeg"}],"twitter_card":"summary_large_image","twitter_misc":{"Predpokladan\u00fd \u010das \u010d\u00edtania":"3 min\u00faty"},"schema":{"@context":"https:\/\/schema.org","@graph":[{"@type":"WebPage","@id":"https:\/\/1nasty.com\/produkt\/dual-mode\/","url":"https:\/\/1nasty.com\/produkt\/dual-mode\/","name":"Bluza - Urban Beauty: Dual Mode - 1nasty","isPartOf":{"@id":"https:\/\/1nasty.com\/#website"},"primaryImageOfPage":{"@id":"https:\/\/1nasty.com\/produkt\/dual-mode\/#primaryimage"},"image":{"@id":"https:\/\/1nasty.com\/produkt\/dual-mode\/#primaryimage"},"thumbnailUrl":"https:\/\/1nasty.com\/wp-content\/uploads\/2025\/02\/0D2A4425.jpg","datePublished":"2025-02-23T16:44:37+00:00","dateModified":"2026-04-04T07:32:51+00:00","description":"Bluza Urban Beauty Dual Mode zosta\u0142a zaprojektowana jako model o podw\u00f3jnej funkcji, pozwala na noszenie bluzy na dwa sposoby \u2013 klasycznie lub ty\u0142em na prz\u00f3d","breadcrumb":{"@id":"https:\/\/1nasty.com\/produkt\/dual-mode\/#breadcrumb"},"inLanguage":"sk-SK","potentialAction":[{"@type":"ReadAction","target":["https:\/\/1nasty.com\/produkt\/dual-mode\/"]}]},{"@type":"ImageObject","inLanguage":"sk-SK","@id":"https:\/\/1nasty.com\/produkt\/dual-mode\/#primaryimage","url":"https:\/\/1nasty.com\/wp-content\/uploads\/2025\/02\/0D2A4425.jpg","contentUrl":"https:\/\/1nasty.com\/wp-content\/uploads\/2025\/02\/0D2A4425.jpg","width":800,"height":1200,"caption":"Dark Monarch; Urban Beauty: Spodnie Skinny; Urban Beauty: Bluza Dual Mode; Czapka 1Nasty Crew;"},{"@type":"BreadcrumbList","@id":"https:\/\/1nasty.com\/produkt\/dual-mode\/#breadcrumb","itemListElement":[{"@type":"ListItem","position":1,"name":"Strona g\u0142\u00f3wna","item":"https:\/\/1nasty.com\/"},{"@type":"ListItem","position":2,"name":"Sklep","item":"https:\/\/1nasty.com\/?page_id=29"},{"@type":"ListItem","position":3,"name":"Bluza &#8211; Urban Beauty: Dual Mode"}]},{"@type":"WebSite","@id":"https:\/\/1nasty.com\/#website","url":"https:\/\/1nasty.com\/","name":"1.","description":"Luxus. Postoj. Vy!","publisher":{"@id":"https:\/\/1nasty.com\/#organization"},"potentialAction":[{"@type":"SearchAction","target":{"@type":"EntryPoint","urlTemplate":"https:\/\/1nasty.com\/?s={search_term_string}"},"query-input":{"@type":"PropertyValueSpecification","valueRequired":true,"valueName":"search_term_string"}}],"inLanguage":"sk-SK"},{"@type":"Organization","@id":"https:\/\/1nasty.com\/#organization","name":"1.","url":"https:\/\/1nasty.com\/","logo":{"@type":"ImageObject","inLanguage":"sk-SK","@id":"https:\/\/1nasty.com\/#\/schema\/logo\/image\/","url":"https:\/\/1nasty.com\/wp-content\/uploads\/2024\/08\/f218434d670b74c1b50d2fa3ffcc3dab-e1725744934517.png","contentUrl":"https:\/\/1nasty.com\/wp-content\/uploads\/2024\/08\/f218434d670b74c1b50d2fa3ffcc3dab-e1725744934517.png","width":268,"height":322,"caption":"1nasty"},"image":{"@id":"https:\/\/1nasty.com\/#\/schema\/logo\/image\/"}}]}},"_links":{"self":[{"href":"https:\/\/1nasty.com\/sk\/wp-json\/wp\/v2\/product\/626","targetHints":{"allow":["GET"]}}],"collection":[{"href":"https:\/\/1nasty.com\/sk\/wp-json\/wp\/v2\/product"}],"about":[{"href":"https:\/\/1nasty.com\/sk\/wp-json\/wp\/v2\/types\/product"}],"wp:featuredmedia":[{"embeddable":true,"href":"https:\/\/1nasty.com\/sk\/wp-json\/wp\/v2\/media\/813"}],"wp:attachment":[{"href":"https:\/\/1nasty.com\/sk\/wp-json\/wp\/v2\/media?parent=626"}],"wp:term":[{"taxonomy":"product_brand","embeddable":true,"href":"https:\/\/1nasty.com\/sk\/wp-json\/wp\/v2\/product_brand?post=626"},{"taxonomy":"product_cat","embeddable":true,"href":"https:\/\/1nasty.com\/sk\/wp-json\/wp\/v2\/product_cat?post=626"},{"taxonomy":"product_tag","embeddable":true,"href":"https:\/\/1nasty.com\/sk\/wp-json\/wp\/v2\/product_tag?post=626"}],"curies":[{"name":"wp","href":"https:\/\/api.w.org\/{rel}","templated":true}]}}