{"id":2442,"date":"2025-07-26T18:55:31","date_gmt":"2025-07-26T16:55:31","guid":{"rendered":"https:\/\/1nasty.com\/?post_type=product&#038;p=2442"},"modified":"2026-04-04T09:38:52","modified_gmt":"2026-04-04T07:38:52","slug":"drift-dress","status":"publish","type":"product","link":"https:\/\/1nasty.com\/sk\/produkt\/drift-dress\/","title":{"rendered":"\u0160aty - CHROMA VIXEN: DRIFT DRESS"},"content":{"rendered":"<h2 data-section-id=\"vbv886\" data-start=\"252\" data-end=\"327\">\u0160aty - CHROMA VIXEN Drift Dress - dizajn, ktor\u00fd funguje aj na cest\u00e1ch<\/h2>\n<p data-start=\"329\" data-end=\"647\"><strong data-start=\"329\" data-end=\"366\">CHROMA VIXEN Drift Dress<\/strong> bol navrhnut\u00fd na z\u00e1klade pohybu siluety, tak\u017ee jeho kon\u0161trukcia je zalo\u017een\u00e1 na kontrastn\u00fdch farebn\u00fdch paneloch, ktor\u00e9 ved\u00fa l\u00edniu tela a z\u00e1rove\u0148 opticky predl\u017euj\u00fa proporcie. Silueta tak zost\u00e1va jasn\u00e1 a celkov\u00fd tvar si zachov\u00e1va dynamick\u00fd charakter.<\/p>\n<p data-start=\"649\" data-end=\"954\">Technick\u00fd zips na prednej strane dod\u00e1va dizajnu modern\u00fa estetiku, zatia\u013e \u010do vysok\u00fd p\u00e1s stabilizuje proporcie a zd\u00f4raz\u0148uje l\u00edniu bokov. V\u00fdsledkom je <strong data-start=\"803\" data-end=\"831\">CHROMA VIXEN Drift Dress<\/strong> kombinuje elegantn\u00fa siluetu midi \u0161iat s kon\u0161trukciou, ktor\u00e1 bola navrhnut\u00e1 tak, aby spolupracovala s pohybom tela.<\/p>\n<p data-start=\"956\" data-end=\"1170\">Bo\u010dn\u00e9 rozparky so zipsami e\u0161te viac roz\u0161iruj\u00fa l\u00edniu \u0161iat pri ch\u00f4dzi, tak\u017ee l\u00e1tka reaguje na ka\u017ed\u00fd krok. To dod\u00e1va siluete \u013eahkos\u0165 a z\u00e1rove\u0148 zachov\u00e1va jasn\u00fd, kontrolovan\u00fd tvar.<\/p>\n<hr data-start=\"1172\" data-end=\"1175\" \/>\n<h2 data-section-id=\"qw21a0\" data-start=\"1177\" data-end=\"1200\">Dizajn a detaily<\/h2>\n<p data-start=\"1202\" data-end=\"1421\">Model m\u00e1 panelov\u00fa kon\u0161trukciu, ktor\u00e1 tvaruje siluetu, ale neprid\u00e1va jej na objeme. V\u010faka tomu si \u0161aty zachov\u00e1vaj\u00fa \u010dist\u00fa l\u00edniu a z\u00e1rove\u0148 zost\u00e1vaj\u00fa vizu\u00e1lne v\u00fdrazn\u00e9.<\/p>\n<p data-start=\"1423\" data-end=\"1458\">K\u013e\u00fa\u010dov\u00e9 prvky projektu zah\u0155\u0148aj\u00fa:<\/p>\n<ul data-start=\"1460\" data-end=\"1877\">\n<li data-section-id=\"1arikg0\" data-start=\"1460\" data-end=\"1534\">\n<p data-start=\"1462\" data-end=\"1534\">vypasovan\u00fd top s technick\u00fdm zipsom na stabiliz\u00e1ciu v\u00fdstrihu<\/p>\n<\/li>\n<li data-section-id=\"17781kk\" data-start=\"1535\" data-end=\"1616\">\n<p data-start=\"1537\" data-end=\"1616\">panelov\u00e1 kon\u0161trukcia, ktor\u00e1 tvaruje siluetu, tak\u017ee proporcie zost\u00e1vaj\u00fa jasn\u00e9<\/p>\n<\/li>\n<li data-section-id=\"1nc3qxv\" data-start=\"1617\" data-end=\"1672\">\n<p data-start=\"1619\" data-end=\"1672\">opasok s vysok\u00fdm p\u00e1som, ktor\u00fd zv\u00fdraz\u0148uje l\u00edniu p\u00e1sa a bokov<\/p>\n<\/li>\n<li data-section-id=\"19280jb\" data-start=\"1673\" data-end=\"1753\">\n<p data-start=\"1675\" data-end=\"1753\">bo\u010dn\u00e9 rozparky so zipsami na dynamickej\u0161\u00ed pohyb<\/p>\n<\/li>\n<li data-section-id=\"8pnz2o\" data-start=\"1754\" data-end=\"1812\">\n<p data-start=\"1756\" data-end=\"1812\">midi d\u013a\u017eka, ktor\u00e1 vyrovn\u00e1va proporcie celej siluety<\/p>\n<\/li>\n<li data-section-id=\"i23d1k\" data-start=\"1813\" data-end=\"1877\">\n<p data-start=\"1815\" data-end=\"1877\">kontrastn\u00e9 farebn\u00e9 panely, ktor\u00e9 lemuj\u00fa karos\u00e9riu<\/p>\n<\/li>\n<\/ul>\n<p data-start=\"1879\" data-end=\"2011\">V\u010faka tomuto dizajnu <strong data-start=\"1905\" data-end=\"1933\">CHROMA VIXEN Drift Dress<\/strong> zachov\u00e1va modern\u00fd tvar a z\u00e1rove\u0148 zd\u00f4raz\u0148uje prirodzen\u00fd pohyb siluety.<\/p>\n<hr data-start=\"1047\" data-end=\"1050\" \/>\n<h2 data-section-id=\"1i17v98\" data-start=\"2018\" data-end=\"2059\">\u0160aty - CHROMA VIXEN - DNA kolekcie<\/h2>\n<p data-start=\"2061\" data-end=\"2248\"><strong data-start=\"2061\" data-end=\"2077\">CHROMA VIXEN<\/strong> je l\u00ednia in\u0161pirovan\u00e1 energiou no\u010dn\u00e9ho mesta. Ne\u00f3ny, svetl\u00e1 a farebn\u00e9 odlesky na mokrom asfalte vytv\u00e1raj\u00fa vizu\u00e1lny rytmus, ktor\u00fd sa stal v\u00fdchodiskom pre cel\u00fa kolekciu.<\/p>\n<p data-start=\"2250\" data-end=\"2526\">Preto s\u00fa n\u00e1vrhy v tejto s\u00e9rii zalo\u017een\u00e9 na kontrastn\u00fdch farebn\u00fdch paneloch, ktor\u00e9 nielen pri\u0165ahuj\u00fa pozornos\u0165, ale aj modeluj\u00fa siluetu a ved\u00fa l\u00edniu tela. Dizajn z\u00e1rove\u0148 zost\u00e1va \u0161trukt\u00farovan\u00fd, ke\u010f\u017ee ka\u017ed\u00fd dizajnov\u00fd prvok m\u00e1 svoju \u0161pecifick\u00fa funkciu.<\/p>\n<p data-start=\"2528\" data-end=\"2696\"><strong data-start=\"2528\" data-end=\"2543\">\u0160aty Drift<\/strong> je jedn\u00fdm z najdynamickej\u0161\u00edch modelov kolekcie, preto\u017ee kombinuje jasn\u00fd farebn\u00fd kontrast s dizajnom, ktor\u00fd spolupracuje s pohybom siluety.<\/p>\n<hr data-start=\"1460\" data-end=\"1463\" \/>\n<h1 data-section-id=\"14s6jcp\" data-start=\"1465\" data-end=\"1486\">K\u013e\u00fa\u010dov\u00e9 vlastnosti \u0161iat<\/h1>\n<ul data-start=\"1488\" data-end=\"1750\">\n<li data-section-id=\"1mo2z0o\" data-start=\"1488\" data-end=\"1529\">\n<p data-start=\"1490\" data-end=\"1529\">Priliehav\u00fd top s technick\u00fdm zipsom<\/p>\n<\/li>\n<li data-section-id=\"1f1wqp9\" data-start=\"1530\" data-end=\"1572\">\n<p data-start=\"1532\" data-end=\"1572\">kontrastn\u00e9 panely na tvarovanie postavy<\/p>\n<\/li>\n<li data-section-id=\"1vdwx1m\" data-start=\"1573\" data-end=\"1603\">\n<p data-start=\"1575\" data-end=\"1603\">bo\u010dn\u00e9 rozparky so zipsami<\/p>\n<\/li>\n<li data-section-id=\"cdj7dd\" data-start=\"1604\" data-end=\"1644\">\n<p data-start=\"1606\" data-end=\"1644\">vysok\u00fd p\u00e1s na zv\u00fdraznenie proporci\u00ed<\/p>\n<\/li>\n<li data-section-id=\"f8bk92\" data-start=\"1645\" data-end=\"1661\">\n<p data-start=\"1647\" data-end=\"1661\">midi d\u013a\u017eka<\/p>\n<\/li>\n<li data-section-id=\"1lfi2wr\" data-start=\"1662\" data-end=\"1706\">\n<p data-start=\"1664\" data-end=\"1706\">kon\u0161trukcia in\u0161pirovan\u00e1 \u0161portov\u00fdm oble\u010den\u00edm<\/p>\n<\/li>\n<li data-section-id=\"vyih8k\" data-start=\"1707\" data-end=\"1750\">\n<p data-start=\"1709\" data-end=\"1750\">pr\u00e9miov\u00fd dizajn z kolekcie CHROMA VIXEN<\/p>\n<\/li>\n<\/ul>\n<hr data-start=\"1752\" data-end=\"1755\" \/>\n<h2 data-section-id=\"10tnhra\" data-start=\"3090\" data-end=\"3111\">Detaily \u0160aty Drift<\/h2>\n<h3 data-section-id=\"165cfcz\" data-start=\"3113\" data-end=\"3125\">Materi\u00e1l<\/h3>\n<p data-start=\"3127\" data-end=\"3262\">Model je vyroben\u00fd zo stre\u010dov\u00e9ho \u00fapletu, tak\u017ee materi\u00e1l sa dobre prisp\u00f4sob\u00ed postave a z\u00e1rove\u0148 zost\u00e1va stabiln\u00fd.<\/p>\n<ul data-start=\"3264\" data-end=\"3361\">\n<li data-section-id=\"884kpu\" data-start=\"3264\" data-end=\"3293\">\n<p data-start=\"3266\" data-end=\"3293\">na dotyk jemn\u00e1 text\u00fara<\/p>\n<\/li>\n<li data-section-id=\"ceuvld\" data-start=\"3294\" data-end=\"3330\">\n<p data-start=\"3296\" data-end=\"3330\">pru\u017en\u00e1 textiln\u00e1 kon\u0161trukcia<\/p>\n<\/li>\n<li data-section-id=\"18kgppj\" data-start=\"3331\" data-end=\"3361\">\n<p data-start=\"3333\" data-end=\"3361\">dobr\u00e1 telesn\u00e1 kond\u00edcia<\/p>\n<\/li>\n<\/ul>\n<p data-start=\"3363\" data-end=\"3468\">V\u010faka tomu sa \u0161aty pohodlne nosia a z\u00e1rove\u0148 si zachov\u00e1vaj\u00fa jasn\u00fa l\u00edniu dizajnu.<\/p>\n<h3 data-section-id=\"x41lyn\" data-start=\"3470\" data-end=\"3485\">Dizajn<\/h3>\n<p data-start=\"3487\" data-end=\"3607\">Panelov\u00e1 kon\u0161trukcia modelu je navrhnut\u00e1 tak, aby viedla l\u00edniu siluety, tak\u017ee proporcie zost\u00e1vaj\u00fa harmonick\u00e9.<\/p>\n<ul data-start=\"3609\" data-end=\"3717\">\n<li data-section-id=\"1g56bfv\" data-start=\"3609\" data-end=\"3653\">\n<p data-start=\"3611\" data-end=\"3653\">panelov\u00e1 kon\u0161trukcia na tvarovanie tela<\/p>\n<\/li>\n<li data-section-id=\"1d5px0p\" data-start=\"3654\" data-end=\"3686\">\n<p data-start=\"3656\" data-end=\"3686\">technick\u00fd zips na prednej strane<\/p>\n<\/li>\n<li data-section-id=\"1vdwx1m\" data-start=\"3687\" data-end=\"3717\">\n<p data-start=\"3689\" data-end=\"3717\">bo\u010dn\u00e9 rozparky so zipsami<\/p>\n<\/li>\n<\/ul>\n<h3 data-section-id=\"ydov0b\" data-start=\"3719\" data-end=\"3730\">Projekt<\/h3>\n<p data-start=\"3732\" data-end=\"3757\">navrhnut\u00e9 a vyroben\u00e9 v Po\u013esku<\/p>\n<hr data-start=\"2017\" data-end=\"2020\" \/>\n<h2 data-section-id=\"ebxfej\" data-start=\"3764\" data-end=\"3790\">CHROMA VIXEN styling<\/h2>\n<p data-start=\"3792\" data-end=\"3918\"><strong data-start=\"3792\" data-end=\"3807\">\u0160aty Drift<\/strong> najlep\u0161ie sa uplatn\u00ed pri v\u00fdraznom stylingu, preto\u017ee samotn\u00fd dizajn \u0161iat vytv\u00e1ra charakter cel\u00e9ho vzh\u013eadu.<\/p>\n<p data-start=\"3920\" data-end=\"3938\">M\u00f4\u017eete ho nosi\u0165 s:<\/p>\n<ul data-start=\"3940\" data-end=\"4184\">\n<li data-section-id=\"1wg5qv4\" data-start=\"3940\" data-end=\"4019\">\n<p data-start=\"3942\" data-end=\"4019\">top\u00e1nky nad kolen\u00e1 pre v\u00fdraznej\u0161iu siluetu<\/p>\n<\/li>\n<li data-section-id=\"1vcjmvn\" data-start=\"4020\" data-end=\"4086\">\n<p data-start=\"4022\" data-end=\"4086\">top\u00e1nky na vysokom podp\u00e4tku, ktor\u00e9 e\u0161te viac pred\u013a\u017eia l\u00edniu n\u00f4h<\/p>\n<\/li>\n<li data-section-id=\"kn94o1\" data-start=\"4087\" data-end=\"4184\">\n<p data-start=\"4089\" data-end=\"4184\">minimalistick\u00e9 tenisky, ak chcete modernej\u0161\u00ed vzh\u013ead<\/p>\n<\/li>\n<\/ul>\n<p data-start=\"4186\" data-end=\"4277\">Preto <strong data-start=\"4194\" data-end=\"4222\">CHROMA VIXEN Drift Dress<\/strong> m\u00f4\u017ee meni\u0165 svoj charakter v z\u00e1vislosti od pr\u00edsad.<\/p>\n<hr data-start=\"2017\" data-end=\"2020\" \/>\n<h2 data-section-id=\"1e3vewt\" data-start=\"2461\" data-end=\"2485\">Kolekcia CHROMA VIXEN<\/h2>\n<p data-start=\"2487\" data-end=\"2633\">Model patr\u00ed do kolekcie <strong data-start=\"2512\" data-end=\"2528\">CHROMA VIXEN<\/strong>, v ktorom s\u00fa n\u00e1vrhy zalo\u017een\u00e9 na kontrastn\u00fdch paneloch a dynamickom dizajne in\u0161pirovanom pohybom.<\/p>\n<p data-start=\"2635\" data-end=\"2729\">Pozrite si aj \u010fal\u0161ie modely z tohto <strong><a href=\"https:\/\/1nasty.com\/sk\/kategoria-produktu\/chroma-vixen\/\">kolekcia<\/a>.<\/strong><br data-start=\"2675\" data-end=\"2678\" \/>M\u00f4\u017eete si pozrie\u0165 aj \u010fal\u0161ie \u0161aty tejto zna\u010dky <a href=\"https:\/\/1nasty.com\/sk\/kategoria-produktu\/odziez\/sukienki\/\"><strong>Tu.<\/strong><\/a><\/p>","protected":false},"excerpt":{"rendered":"<p>DRIFT DRESS s\u00fa elegantn\u00e9 \u0161aty pre akt\u00edvne \u017eeny. Priliehav\u00fd strih. Zipsy na stehn\u00e1ch a vo v\u00fdstrihu.<\/p>","protected":false},"featured_media":2489,"template":"","meta":{"_acf_changed":false},"product_brand":[558],"product_cat":[366,48,95],"product_tag":[378,105,379,377,375,376,109,371,268,374,358,369,367,372,373,368,370],"class_list":{"0":"post-2442","1":"product","2":"type-product","3":"status-publish","4":"has-post-thumbnail","6":"product_brand-1nasty","7":"product_cat-chroma-vixen","8":"product_cat-nowosci","9":"product_cat-sukienki","10":"product_tag-activewear","11":"product_tag-bodycon-dress","12":"product_tag-fashion-for-strong-women","13":"product_tag-fitness-fashion","14":"product_tag-kobieca-forma","15":"product_tag-kolekcja-chroma-vixen","16":"product_tag-made-in-poland","17":"product_tag-odziez-premium-dla-kobiet","18":"product_tag-sportowa-elegancja","19":"product_tag-streetwear-sportowy","20":"product_tag-sukienka-dla-aktywnych-kobiet","21":"product_tag-sukienka-dopasowana","22":"product_tag-sukienka-drift-dress","23":"product_tag-sukienka-na-fit-sylwetke","24":"product_tag-sukienka-po-treningu","25":"product_tag-sukienka-sportowa","26":"product_tag-sukienka-z-rozcieciem","28":"first","29":"instock","30":"shipping-taxable","31":"purchasable","32":"product-type-variable","33":"has-default-attributes","34":"wvs-archive-product-wrapper"},"acf":[],"yoast_head":"<!-- This site is optimized with the Yoast SEO plugin v26.1.1 - https:\/\/yoast.com\/wordpress\/plugins\/seo\/ -->\n<title>Sukienka - CHROMA VIXEN: DRIFT DRESS - 1nasty<\/title>\n<meta name=\"description\" content=\"CHROMA VIXEN: DRIFT DRESS to futurystyczna sukienka midi z kontrastowymi panelami modeluj\u0105cymi sylwetk\u0119. Sportowa konstrukcja i dynamiczny design.\" \/>\n<meta name=\"robots\" content=\"index, follow, max-snippet:-1, max-image-preview:large, max-video-preview:-1\" \/>\n<link rel=\"canonical\" href=\"https:\/\/1nasty.com\/sk\/produkt\/drift-dress\/\" \/>\n<meta property=\"og:locale\" content=\"sk_SK\" \/>\n<meta property=\"og:type\" content=\"article\" \/>\n<meta property=\"og:title\" content=\"Sukienka - CHROMA VIXEN: DRIFT DRESS - 1nasty\" \/>\n<meta property=\"og:description\" content=\"CHROMA VIXEN: DRIFT DRESS to futurystyczna sukienka midi z kontrastowymi panelami modeluj\u0105cymi sylwetk\u0119. Sportowa konstrukcja i dynamiczny design.\" \/>\n<meta property=\"og:url\" content=\"https:\/\/1nasty.com\/sk\/produkt\/drift-dress\/\" \/>\n<meta property=\"og:site_name\" content=\"1nasty\" \/>\n<meta property=\"article:modified_time\" content=\"2026-04-04T07:38:52+00:00\" \/>\n<meta property=\"og:image\" content=\"https:\/\/1nasty.com\/wp-content\/uploads\/2025\/07\/DL0A3273-Kopiowanie.jpg\" \/>\n\t<meta property=\"og:image:width\" content=\"800\" \/>\n\t<meta property=\"og:image:height\" content=\"1200\" \/>\n\t<meta property=\"og:image:type\" content=\"image\/jpeg\" \/>\n<meta name=\"twitter:card\" content=\"summary_large_image\" \/>\n<meta name=\"twitter:label1\" content=\"Predpokladan\u00fd \u010das \u010d\u00edtania\" \/>\n\t<meta name=\"twitter:data1\" content=\"4 min\u00faty\" \/>\n<script type=\"application\/ld+json\" class=\"yoast-schema-graph\">{\"@context\":\"https:\/\/schema.org\",\"@graph\":[{\"@type\":\"WebPage\",\"@id\":\"https:\/\/1nasty.com\/produkt\/drift-dress\/\",\"url\":\"https:\/\/1nasty.com\/produkt\/drift-dress\/\",\"name\":\"Sukienka - CHROMA VIXEN: DRIFT DRESS - 1nasty\",\"isPartOf\":{\"@id\":\"https:\/\/1nasty.com\/#website\"},\"primaryImageOfPage\":{\"@id\":\"https:\/\/1nasty.com\/produkt\/drift-dress\/#primaryimage\"},\"image\":{\"@id\":\"https:\/\/1nasty.com\/produkt\/drift-dress\/#primaryimage\"},\"thumbnailUrl\":\"https:\/\/1nasty.com\/wp-content\/uploads\/2025\/07\/DL0A3273-Kopiowanie.jpg\",\"datePublished\":\"2025-07-26T16:55:31+00:00\",\"dateModified\":\"2026-04-04T07:38:52+00:00\",\"description\":\"CHROMA VIXEN: DRIFT DRESS to futurystyczna sukienka midi z kontrastowymi panelami modeluj\u0105cymi sylwetk\u0119. Sportowa konstrukcja i dynamiczny design.\",\"breadcrumb\":{\"@id\":\"https:\/\/1nasty.com\/produkt\/drift-dress\/#breadcrumb\"},\"inLanguage\":\"sk-SK\",\"potentialAction\":[{\"@type\":\"ReadAction\",\"target\":[\"https:\/\/1nasty.com\/produkt\/drift-dress\/\"]}]},{\"@type\":\"ImageObject\",\"inLanguage\":\"sk-SK\",\"@id\":\"https:\/\/1nasty.com\/produkt\/drift-dress\/#primaryimage\",\"url\":\"https:\/\/1nasty.com\/wp-content\/uploads\/2025\/07\/DL0A3273-Kopiowanie.jpg\",\"contentUrl\":\"https:\/\/1nasty.com\/wp-content\/uploads\/2025\/07\/DL0A3273-Kopiowanie.jpg\",\"width\":800,\"height\":1200,\"caption\":\"Sukienka - CHROMA VIXEN: SLIDE SUIT SUNSET CLASH BOK\"},{\"@type\":\"BreadcrumbList\",\"@id\":\"https:\/\/1nasty.com\/produkt\/drift-dress\/#breadcrumb\",\"itemListElement\":[{\"@type\":\"ListItem\",\"position\":1,\"name\":\"Strona g\u0142\u00f3wna\",\"item\":\"https:\/\/1nasty.com\/\"},{\"@type\":\"ListItem\",\"position\":2,\"name\":\"Sklep\",\"item\":\"https:\/\/1nasty.com\/?page_id=29\"},{\"@type\":\"ListItem\",\"position\":3,\"name\":\"Sukienka &#8211; CHROMA VIXEN: DRIFT DRESS\"}]},{\"@type\":\"WebSite\",\"@id\":\"https:\/\/1nasty.com\/#website\",\"url\":\"https:\/\/1nasty.com\/\",\"name\":\"1nasty\",\"description\":\"Luxury. Attitude. You!\",\"publisher\":{\"@id\":\"https:\/\/1nasty.com\/#organization\"},\"potentialAction\":[{\"@type\":\"SearchAction\",\"target\":{\"@type\":\"EntryPoint\",\"urlTemplate\":\"https:\/\/1nasty.com\/?s={search_term_string}\"},\"query-input\":{\"@type\":\"PropertyValueSpecification\",\"valueRequired\":true,\"valueName\":\"search_term_string\"}}],\"inLanguage\":\"sk-SK\"},{\"@type\":\"Organization\",\"@id\":\"https:\/\/1nasty.com\/#organization\",\"name\":\"1nasty\",\"url\":\"https:\/\/1nasty.com\/\",\"logo\":{\"@type\":\"ImageObject\",\"inLanguage\":\"sk-SK\",\"@id\":\"https:\/\/1nasty.com\/#\/schema\/logo\/image\/\",\"url\":\"https:\/\/1nasty.com\/wp-content\/uploads\/2024\/08\/f218434d670b74c1b50d2fa3ffcc3dab-e1725744934517.png\",\"contentUrl\":\"https:\/\/1nasty.com\/wp-content\/uploads\/2024\/08\/f218434d670b74c1b50d2fa3ffcc3dab-e1725744934517.png\",\"width\":268,\"height\":322,\"caption\":\"1nasty\"},\"image\":{\"@id\":\"https:\/\/1nasty.com\/#\/schema\/logo\/image\/\"}}]}<\/script>\n<!-- \/ Yoast SEO plugin. -->","yoast_head_json":{"title":"Sukienka - CHROMA VIXEN: DRIFT DRESS - 1nasty","description":"CHROMA VIXEN: DRIFT DRESS to futurystyczna sukienka midi z kontrastowymi panelami modeluj\u0105cymi sylwetk\u0119. Sportowa konstrukcja i dynamiczny design.","robots":{"index":"index","follow":"follow","max-snippet":"max-snippet:-1","max-image-preview":"max-image-preview:large","max-video-preview":"max-video-preview:-1"},"canonical":"https:\/\/1nasty.com\/sk\/produkt\/drift-dress\/","og_locale":"sk_SK","og_type":"article","og_title":"Sukienka - CHROMA VIXEN: DRIFT DRESS - 1nasty","og_description":"CHROMA VIXEN: DRIFT DRESS to futurystyczna sukienka midi z kontrastowymi panelami modeluj\u0105cymi sylwetk\u0119. Sportowa konstrukcja i dynamiczny design.","og_url":"https:\/\/1nasty.com\/sk\/produkt\/drift-dress\/","og_site_name":"1nasty","article_modified_time":"2026-04-04T07:38:52+00:00","og_image":[{"width":800,"height":1200,"url":"https:\/\/1nasty.com\/wp-content\/uploads\/2025\/07\/DL0A3273-Kopiowanie.jpg","type":"image\/jpeg"}],"twitter_card":"summary_large_image","twitter_misc":{"Predpokladan\u00fd \u010das \u010d\u00edtania":"4 min\u00faty"},"schema":{"@context":"https:\/\/schema.org","@graph":[{"@type":"WebPage","@id":"https:\/\/1nasty.com\/produkt\/drift-dress\/","url":"https:\/\/1nasty.com\/produkt\/drift-dress\/","name":"Sukienka - CHROMA VIXEN: DRIFT DRESS - 1nasty","isPartOf":{"@id":"https:\/\/1nasty.com\/#website"},"primaryImageOfPage":{"@id":"https:\/\/1nasty.com\/produkt\/drift-dress\/#primaryimage"},"image":{"@id":"https:\/\/1nasty.com\/produkt\/drift-dress\/#primaryimage"},"thumbnailUrl":"https:\/\/1nasty.com\/wp-content\/uploads\/2025\/07\/DL0A3273-Kopiowanie.jpg","datePublished":"2025-07-26T16:55:31+00:00","dateModified":"2026-04-04T07:38:52+00:00","description":"CHROMA VIXEN: DRIFT DRESS to futurystyczna sukienka midi z kontrastowymi panelami modeluj\u0105cymi sylwetk\u0119. Sportowa konstrukcja i dynamiczny design.","breadcrumb":{"@id":"https:\/\/1nasty.com\/produkt\/drift-dress\/#breadcrumb"},"inLanguage":"sk-SK","potentialAction":[{"@type":"ReadAction","target":["https:\/\/1nasty.com\/produkt\/drift-dress\/"]}]},{"@type":"ImageObject","inLanguage":"sk-SK","@id":"https:\/\/1nasty.com\/produkt\/drift-dress\/#primaryimage","url":"https:\/\/1nasty.com\/wp-content\/uploads\/2025\/07\/DL0A3273-Kopiowanie.jpg","contentUrl":"https:\/\/1nasty.com\/wp-content\/uploads\/2025\/07\/DL0A3273-Kopiowanie.jpg","width":800,"height":1200,"caption":"Sukienka - CHROMA VIXEN: SLIDE SUIT SUNSET CLASH BOK"},{"@type":"BreadcrumbList","@id":"https:\/\/1nasty.com\/produkt\/drift-dress\/#breadcrumb","itemListElement":[{"@type":"ListItem","position":1,"name":"Strona g\u0142\u00f3wna","item":"https:\/\/1nasty.com\/"},{"@type":"ListItem","position":2,"name":"Sklep","item":"https:\/\/1nasty.com\/?page_id=29"},{"@type":"ListItem","position":3,"name":"Sukienka &#8211; CHROMA VIXEN: DRIFT DRESS"}]},{"@type":"WebSite","@id":"https:\/\/1nasty.com\/#website","url":"https:\/\/1nasty.com\/","name":"1.","description":"Luxus. Postoj. Vy!","publisher":{"@id":"https:\/\/1nasty.com\/#organization"},"potentialAction":[{"@type":"SearchAction","target":{"@type":"EntryPoint","urlTemplate":"https:\/\/1nasty.com\/?s={search_term_string}"},"query-input":{"@type":"PropertyValueSpecification","valueRequired":true,"valueName":"search_term_string"}}],"inLanguage":"sk-SK"},{"@type":"Organization","@id":"https:\/\/1nasty.com\/#organization","name":"1.","url":"https:\/\/1nasty.com\/","logo":{"@type":"ImageObject","inLanguage":"sk-SK","@id":"https:\/\/1nasty.com\/#\/schema\/logo\/image\/","url":"https:\/\/1nasty.com\/wp-content\/uploads\/2024\/08\/f218434d670b74c1b50d2fa3ffcc3dab-e1725744934517.png","contentUrl":"https:\/\/1nasty.com\/wp-content\/uploads\/2024\/08\/f218434d670b74c1b50d2fa3ffcc3dab-e1725744934517.png","width":268,"height":322,"caption":"1nasty"},"image":{"@id":"https:\/\/1nasty.com\/#\/schema\/logo\/image\/"}}]}},"_links":{"self":[{"href":"https:\/\/1nasty.com\/sk\/wp-json\/wp\/v2\/product\/2442","targetHints":{"allow":["GET"]}}],"collection":[{"href":"https:\/\/1nasty.com\/sk\/wp-json\/wp\/v2\/product"}],"about":[{"href":"https:\/\/1nasty.com\/sk\/wp-json\/wp\/v2\/types\/product"}],"wp:featuredmedia":[{"embeddable":true,"href":"https:\/\/1nasty.com\/sk\/wp-json\/wp\/v2\/media\/2489"}],"wp:attachment":[{"href":"https:\/\/1nasty.com\/sk\/wp-json\/wp\/v2\/media?parent=2442"}],"wp:term":[{"taxonomy":"product_brand","embeddable":true,"href":"https:\/\/1nasty.com\/sk\/wp-json\/wp\/v2\/product_brand?post=2442"},{"taxonomy":"product_cat","embeddable":true,"href":"https:\/\/1nasty.com\/sk\/wp-json\/wp\/v2\/product_cat?post=2442"},{"taxonomy":"product_tag","embeddable":true,"href":"https:\/\/1nasty.com\/sk\/wp-json\/wp\/v2\/product_tag?post=2442"}],"curies":[{"name":"wp","href":"https:\/\/api.w.org\/{rel}","templated":true}]}}