{"id":2442,"date":"2025-07-26T18:55:31","date_gmt":"2025-07-26T16:55:31","guid":{"rendered":"https:\/\/1nasty.com\/?post_type=product&#038;p=2442"},"modified":"2026-04-04T09:38:52","modified_gmt":"2026-04-04T07:38:52","slug":"drift-dress","status":"publish","type":"product","link":"https:\/\/1nasty.com\/de\/produkt\/drift-dress\/","title":{"rendered":"Kleid - CHROMA VIXEN: DRIFT DRESS"},"content":{"rendered":"<h2 data-section-id=\"vbv886\" data-start=\"252\" data-end=\"327\">Kleid - CHROMA VIXEN Drift Dress - ein Design, das auch in der Bewegung funktioniert<\/h2>\n<p data-start=\"329\" data-end=\"647\"><strong data-start=\"329\" data-end=\"366\">CHROMA VIXEN Drift Kleid<\/strong> wurde um die Bewegung der Silhouette herum konzipiert. Seine Konstruktion basiert daher auf farblich abgesetzten Paneelen, die die K\u00f6rperlinie f\u00fchren und die Proportionen optisch verl\u00e4ngern. Auf diese Weise bleibt die Silhouette klar und die Gesamtform beh\u00e4lt einen dynamischen Charakter.<\/p>\n<p data-start=\"649\" data-end=\"954\">Der technische Rei\u00dfverschluss auf der Vorderseite verleiht dem Design eine moderne \u00c4sthetik, w\u00e4hrend der hohe Bund die Proportionen stabilisiert und die H\u00fcftlinie betont. Als Ergebnis <strong data-start=\"803\" data-end=\"831\">CHROMA VIXEN Drift Kleid<\/strong> kombiniert die elegante Silhouette eines Midikleides mit einer Konstruktion, die sich den Bewegungen des K\u00f6rpers anpasst.<\/p>\n<p data-start=\"956\" data-end=\"1170\">Seitliche Schlitze mit Rei\u00dfverschl\u00fcssen lockern die Linie des Kleides beim Gehen weiter auf, sodass der Stoff auf jeden Schritt reagiert. Dies verleiht der Silhouette Leichtigkeit und sorgt gleichzeitig f\u00fcr eine klare, kontrollierte Form.<\/p>\n<hr data-start=\"1172\" data-end=\"1175\" \/>\n<h2 data-section-id=\"qw21a0\" data-start=\"1177\" data-end=\"1200\">Design und Details<\/h2>\n<p data-start=\"1202\" data-end=\"1421\">Das Modell ist mit einer get\u00e4felten Konstruktion entworfen, die die Silhouette formt, aber kein \u00fcberm\u00e4\u00dfiges Volumen hinzuf\u00fcgt. So beh\u00e4lt das Kleid eine klare Linie und bleibt optisch unverwechselbar.<\/p>\n<p data-start=\"1423\" data-end=\"1458\">Zu den wichtigsten Elementen des Projekts geh\u00f6ren:<\/p>\n<ul data-start=\"1460\" data-end=\"1877\">\n<li data-section-id=\"1arikg0\" data-start=\"1460\" data-end=\"1534\">\n<p data-start=\"1462\" data-end=\"1534\">tailliertes Oberteil mit technischem Rei\u00dfverschluss zur Stabilisierung des Dekollet\u00e9s<\/p>\n<\/li>\n<li data-section-id=\"17781kk\" data-start=\"1535\" data-end=\"1616\">\n<p data-start=\"1537\" data-end=\"1616\">get\u00e4felte Konstruktion, die die Silhouette formt, damit die Proportionen klar bleiben<\/p>\n<\/li>\n<li data-section-id=\"1nc3qxv\" data-start=\"1617\" data-end=\"1672\">\n<p data-start=\"1619\" data-end=\"1672\">hoher Tailleng\u00fcrtel, der die Taille und die H\u00fcftlinie betont<\/p>\n<\/li>\n<li data-section-id=\"19280jb\" data-start=\"1673\" data-end=\"1753\">\n<p data-start=\"1675\" data-end=\"1753\">Seitenschlitze mit Rei\u00dfverschl\u00fcssen f\u00fcr mehr Dynamik in der Bewegung<\/p>\n<\/li>\n<li data-section-id=\"8pnz2o\" data-start=\"1754\" data-end=\"1812\">\n<p data-start=\"1756\" data-end=\"1812\">eine Midi-L\u00e4nge, die die Proportionen der gesamten Silhouette ausgleicht<\/p>\n<\/li>\n<li data-section-id=\"i23d1k\" data-start=\"1813\" data-end=\"1877\">\n<p data-start=\"1815\" data-end=\"1877\">farblich abgesetzte Paneele, die die Karosserie s\u00e4umen<\/p>\n<\/li>\n<\/ul>\n<p data-start=\"1879\" data-end=\"2011\">Dank dieser Konstruktion <strong data-start=\"1905\" data-end=\"1933\">CHROMA VIXEN Drift Kleid<\/strong> beh\u00e4lt eine moderne Form bei und unterstreicht gleichzeitig die nat\u00fcrliche Bewegung der Silhouette.<\/p>\n<hr data-start=\"1047\" data-end=\"1050\" \/>\n<h2 data-section-id=\"1i17v98\" data-start=\"2018\" data-end=\"2059\">Kleid - CHROMA VIXEN - DNA der Kollektion<\/h2>\n<p data-start=\"2061\" data-end=\"2248\"><strong data-start=\"2061\" data-end=\"2077\">CHROMA VIXEN<\/strong> ist eine Linie, die von der Energie der n\u00e4chtlichen Stadt inspiriert ist. Neons, Lichter und Farbreflexe auf dem nassen Asphalt schaffen einen visuellen Rhythmus, der zum Ausgangspunkt f\u00fcr die gesamte Kollektion wurde.<\/p>\n<p data-start=\"2250\" data-end=\"2526\">Daher basieren die Entw\u00fcrfe dieser Serie auf kontrastierenden Farbfl\u00e4chen, die nicht nur die Aufmerksamkeit auf sich ziehen, sondern auch die Silhouette formen und die K\u00f6rperlinie f\u00fchren. Gleichzeitig bleibt das Design strukturiert, da jedes Designelement eine bestimmte Funktion hat.<\/p>\n<p data-start=\"2528\" data-end=\"2696\"><strong data-start=\"2528\" data-end=\"2543\">Drift Kleid<\/strong> ist eines der dynamischsten Modelle der Kollektion, da es einen klaren Farbkontrast mit einem Design kombiniert, das mit der Bewegung der Silhouette zusammenarbeitet.<\/p>\n<hr data-start=\"1460\" data-end=\"1463\" \/>\n<h1 data-section-id=\"14s6jcp\" data-start=\"1465\" data-end=\"1486\">Hauptmerkmale des Kleides<\/h1>\n<ul data-start=\"1488\" data-end=\"1750\">\n<li data-section-id=\"1mo2z0o\" data-start=\"1488\" data-end=\"1529\">\n<p data-start=\"1490\" data-end=\"1529\">Tailliertes Oberteil mit technischem Rei\u00dfverschluss<\/p>\n<\/li>\n<li data-section-id=\"1f1wqp9\" data-start=\"1530\" data-end=\"1572\">\n<p data-start=\"1532\" data-end=\"1572\">kontrastierende Eins\u00e4tze zur Formung der Silhouette<\/p>\n<\/li>\n<li data-section-id=\"1vdwx1m\" data-start=\"1573\" data-end=\"1603\">\n<p data-start=\"1575\" data-end=\"1603\">Seitenschlitze mit Rei\u00dfverschl\u00fcssen<\/p>\n<\/li>\n<li data-section-id=\"cdj7dd\" data-start=\"1604\" data-end=\"1644\">\n<p data-start=\"1606\" data-end=\"1644\">hohe Taille zur Betonung der Proportionen<\/p>\n<\/li>\n<li data-section-id=\"f8bk92\" data-start=\"1645\" data-end=\"1661\">\n<p data-start=\"1647\" data-end=\"1661\">Midi-L\u00e4nge<\/p>\n<\/li>\n<li data-section-id=\"1lfi2wr\" data-start=\"1662\" data-end=\"1706\">\n<p data-start=\"1664\" data-end=\"1706\">von der Sportbekleidung inspirierte Konstruktion<\/p>\n<\/li>\n<li data-section-id=\"vyih8k\" data-start=\"1707\" data-end=\"1750\">\n<p data-start=\"1709\" data-end=\"1750\">hochwertiges Design aus der Kollektion CHROMA VIXEN<\/p>\n<\/li>\n<\/ul>\n<hr data-start=\"1752\" data-end=\"1755\" \/>\n<h2 data-section-id=\"10tnhra\" data-start=\"3090\" data-end=\"3111\">Details Driftkleid<\/h2>\n<h3 data-section-id=\"165cfcz\" data-start=\"3113\" data-end=\"3125\">Material<\/h3>\n<p data-start=\"3127\" data-end=\"3262\">Das Modell ist aus dehnbarem Strickstoff gefertigt, so dass sich das Material gut an die Silhouette anpasst und gleichzeitig stabil bleibt.<\/p>\n<ul data-start=\"3264\" data-end=\"3361\">\n<li data-section-id=\"884kpu\" data-start=\"3264\" data-end=\"3293\">\n<p data-start=\"3266\" data-end=\"3293\">weiche, griffige Textur<\/p>\n<\/li>\n<li data-section-id=\"ceuvld\" data-start=\"3294\" data-end=\"3330\">\n<p data-start=\"3296\" data-end=\"3330\">flexible Gewebekonstruktion<\/p>\n<\/li>\n<li data-section-id=\"18kgppj\" data-start=\"3331\" data-end=\"3361\">\n<p data-start=\"3333\" data-end=\"3361\">gute Passform<\/p>\n<\/li>\n<\/ul>\n<p data-start=\"3363\" data-end=\"3468\">So bleibt das Kleid angenehm zu tragen und die klare Linie des Designs erhalten.<\/p>\n<h3 data-section-id=\"x41lyn\" data-start=\"3470\" data-end=\"3485\">Gestaltung<\/h3>\n<p data-start=\"3487\" data-end=\"3607\">Die get\u00e4felte Konstruktion des Modells ist so konzipiert, dass sie die Linie der Silhouette f\u00fchrt, so dass die Proportionen harmonisch bleiben.<\/p>\n<ul data-start=\"3609\" data-end=\"3717\">\n<li data-section-id=\"1g56bfv\" data-start=\"3609\" data-end=\"3653\">\n<p data-start=\"3611\" data-end=\"3653\">Paneelkonstruktion f\u00fcr die K\u00f6rperformung<\/p>\n<\/li>\n<li data-section-id=\"1d5px0p\" data-start=\"3654\" data-end=\"3686\">\n<p data-start=\"3656\" data-end=\"3686\">technischer Rei\u00dfverschluss auf der Vorderseite<\/p>\n<\/li>\n<li data-section-id=\"1vdwx1m\" data-start=\"3687\" data-end=\"3717\">\n<p data-start=\"3689\" data-end=\"3717\">Seitenschlitze mit Rei\u00dfverschl\u00fcssen<\/p>\n<\/li>\n<\/ul>\n<h3 data-section-id=\"ydov0b\" data-start=\"3719\" data-end=\"3730\">Projekt<\/h3>\n<p data-start=\"3732\" data-end=\"3757\">entworfen und hergestellt in Polen<\/p>\n<hr data-start=\"2017\" data-end=\"2020\" \/>\n<h2 data-section-id=\"ebxfej\" data-start=\"3764\" data-end=\"3790\">CHROMA VIXEN-Styling<\/h2>\n<p data-start=\"3792\" data-end=\"3918\"><strong data-start=\"3792\" data-end=\"3807\">Drift Kleid<\/strong> eignet sich am besten f\u00fcr ein ausdrucksstarkes Styling, da das Design des Kleides selbst den Charakter des gesamten Looks bestimmt.<\/p>\n<p data-start=\"3920\" data-end=\"3938\">Sie k\u00f6nnen es tragen mit:<\/p>\n<ul data-start=\"3940\" data-end=\"4184\">\n<li data-section-id=\"1wg5qv4\" data-start=\"3940\" data-end=\"4019\">\n<p data-start=\"3942\" data-end=\"4019\">Overknee-Stiefel f\u00fcr eine definierte Silhouette<\/p>\n<\/li>\n<li data-section-id=\"1vcjmvn\" data-start=\"4020\" data-end=\"4086\">\n<p data-start=\"4022\" data-end=\"4086\">hochhackige Schuhe, um die Beinlinie weiter zu verl\u00e4ngern<\/p>\n<\/li>\n<li data-section-id=\"kn94o1\" data-start=\"4087\" data-end=\"4184\">\n<p data-start=\"4089\" data-end=\"4184\">minimalistische Turnschuhe, wenn Sie einen moderneren Look w\u00fcnschen<\/p>\n<\/li>\n<\/ul>\n<p data-start=\"4186\" data-end=\"4277\">Deshalb <strong data-start=\"4194\" data-end=\"4222\">CHROMA VIXEN Drift Kleid<\/strong> kann je nach Zusatzstoffen seinen Charakter ver\u00e4ndern.<\/p>\n<hr data-start=\"2017\" data-end=\"2020\" \/>\n<h2 data-section-id=\"1e3vewt\" data-start=\"2461\" data-end=\"2485\">CHROMA VIXEN Kollektion<\/h2>\n<p data-start=\"2487\" data-end=\"2633\">Das Modell geh\u00f6rt zu der Sammlung <strong data-start=\"2512\" data-end=\"2528\">CHROMA VIXEN<\/strong>, bei dem die Entw\u00fcrfe auf kontrastierenden Paneelen und einem dynamischen, von der Bewegung inspirierten Design beruhen.<\/p>\n<p data-start=\"2635\" data-end=\"2729\">Siehe auch andere Modelle aus diesem <strong><a href=\"https:\/\/1nasty.com\/de\/produkt-kategorie\/chroma-vixen\/\">Sammlung<\/a>.<\/strong><br data-start=\"2675\" data-end=\"2678\" \/>Sie k\u00f6nnen sich auch die anderen Kleider der Marke ansehen <a href=\"https:\/\/1nasty.com\/de\/produkt-kategorie\/odziez\/sukienki\/\"><strong>Hier.<\/strong><\/a><\/p>","protected":false},"excerpt":{"rendered":"<p>DRIFT DRESS ist ein elegantes Kleid f\u00fcr aktive Frauen. Taillierter Schnitt. Rei\u00dfverschl\u00fcsse an den Oberschenkeln und am Halsausschnitt.<\/p>","protected":false},"featured_media":2489,"template":"","meta":{"_acf_changed":false},"product_brand":[558],"product_cat":[366,48,95],"product_tag":[378,105,379,377,375,376,109,371,268,374,358,369,367,372,373,368,370],"class_list":{"0":"post-2442","1":"product","2":"type-product","3":"status-publish","4":"has-post-thumbnail","6":"product_brand-1nasty","7":"product_cat-chroma-vixen","8":"product_cat-nowosci","9":"product_cat-sukienki","10":"product_tag-activewear","11":"product_tag-bodycon-dress","12":"product_tag-fashion-for-strong-women","13":"product_tag-fitness-fashion","14":"product_tag-kobieca-forma","15":"product_tag-kolekcja-chroma-vixen","16":"product_tag-made-in-poland","17":"product_tag-odziez-premium-dla-kobiet","18":"product_tag-sportowa-elegancja","19":"product_tag-streetwear-sportowy","20":"product_tag-sukienka-dla-aktywnych-kobiet","21":"product_tag-sukienka-dopasowana","22":"product_tag-sukienka-drift-dress","23":"product_tag-sukienka-na-fit-sylwetke","24":"product_tag-sukienka-po-treningu","25":"product_tag-sukienka-sportowa","26":"product_tag-sukienka-z-rozcieciem","28":"first","29":"instock","30":"shipping-taxable","31":"purchasable","32":"product-type-variable","33":"has-default-attributes","34":"wvs-archive-product-wrapper"},"acf":[],"yoast_head":"<!-- This site is optimized with the Yoast SEO plugin v26.1.1 - https:\/\/yoast.com\/wordpress\/plugins\/seo\/ -->\n<title>Sukienka - CHROMA VIXEN: DRIFT DRESS - 1nasty<\/title>\n<meta name=\"description\" content=\"CHROMA VIXEN: DRIFT DRESS to futurystyczna sukienka midi z kontrastowymi panelami modeluj\u0105cymi sylwetk\u0119. Sportowa konstrukcja i dynamiczny design.\" \/>\n<meta name=\"robots\" content=\"index, follow, max-snippet:-1, max-image-preview:large, max-video-preview:-1\" \/>\n<link rel=\"canonical\" href=\"https:\/\/1nasty.com\/de\/produkt\/drift-dress\/\" \/>\n<meta property=\"og:locale\" content=\"de_DE\" \/>\n<meta property=\"og:type\" content=\"article\" \/>\n<meta property=\"og:title\" content=\"Sukienka - CHROMA VIXEN: DRIFT DRESS - 1nasty\" \/>\n<meta property=\"og:description\" content=\"CHROMA VIXEN: DRIFT DRESS to futurystyczna sukienka midi z kontrastowymi panelami modeluj\u0105cymi sylwetk\u0119. Sportowa konstrukcja i dynamiczny design.\" \/>\n<meta property=\"og:url\" content=\"https:\/\/1nasty.com\/de\/produkt\/drift-dress\/\" \/>\n<meta property=\"og:site_name\" content=\"1nasty\" \/>\n<meta property=\"article:modified_time\" content=\"2026-04-04T07:38:52+00:00\" \/>\n<meta property=\"og:image\" content=\"https:\/\/1nasty.com\/wp-content\/uploads\/2025\/07\/DL0A3273-Kopiowanie.jpg\" \/>\n\t<meta property=\"og:image:width\" content=\"800\" \/>\n\t<meta property=\"og:image:height\" content=\"1200\" \/>\n\t<meta property=\"og:image:type\" content=\"image\/jpeg\" \/>\n<meta name=\"twitter:card\" content=\"summary_large_image\" \/>\n<meta name=\"twitter:label1\" content=\"Gesch\u00e4tzte Lesezeit\" \/>\n\t<meta name=\"twitter:data1\" content=\"4\u00a0Minuten\" \/>\n<script type=\"application\/ld+json\" class=\"yoast-schema-graph\">{\"@context\":\"https:\/\/schema.org\",\"@graph\":[{\"@type\":\"WebPage\",\"@id\":\"https:\/\/1nasty.com\/produkt\/drift-dress\/\",\"url\":\"https:\/\/1nasty.com\/produkt\/drift-dress\/\",\"name\":\"Sukienka - CHROMA VIXEN: DRIFT DRESS - 1nasty\",\"isPartOf\":{\"@id\":\"https:\/\/1nasty.com\/#website\"},\"primaryImageOfPage\":{\"@id\":\"https:\/\/1nasty.com\/produkt\/drift-dress\/#primaryimage\"},\"image\":{\"@id\":\"https:\/\/1nasty.com\/produkt\/drift-dress\/#primaryimage\"},\"thumbnailUrl\":\"https:\/\/1nasty.com\/wp-content\/uploads\/2025\/07\/DL0A3273-Kopiowanie.jpg\",\"datePublished\":\"2025-07-26T16:55:31+00:00\",\"dateModified\":\"2026-04-04T07:38:52+00:00\",\"description\":\"CHROMA VIXEN: DRIFT DRESS to futurystyczna sukienka midi z kontrastowymi panelami modeluj\u0105cymi sylwetk\u0119. Sportowa konstrukcja i dynamiczny design.\",\"breadcrumb\":{\"@id\":\"https:\/\/1nasty.com\/produkt\/drift-dress\/#breadcrumb\"},\"inLanguage\":\"de\",\"potentialAction\":[{\"@type\":\"ReadAction\",\"target\":[\"https:\/\/1nasty.com\/produkt\/drift-dress\/\"]}]},{\"@type\":\"ImageObject\",\"inLanguage\":\"de\",\"@id\":\"https:\/\/1nasty.com\/produkt\/drift-dress\/#primaryimage\",\"url\":\"https:\/\/1nasty.com\/wp-content\/uploads\/2025\/07\/DL0A3273-Kopiowanie.jpg\",\"contentUrl\":\"https:\/\/1nasty.com\/wp-content\/uploads\/2025\/07\/DL0A3273-Kopiowanie.jpg\",\"width\":800,\"height\":1200,\"caption\":\"Sukienka - CHROMA VIXEN: SLIDE SUIT SUNSET CLASH BOK\"},{\"@type\":\"BreadcrumbList\",\"@id\":\"https:\/\/1nasty.com\/produkt\/drift-dress\/#breadcrumb\",\"itemListElement\":[{\"@type\":\"ListItem\",\"position\":1,\"name\":\"Strona g\u0142\u00f3wna\",\"item\":\"https:\/\/1nasty.com\/\"},{\"@type\":\"ListItem\",\"position\":2,\"name\":\"Sklep\",\"item\":\"https:\/\/1nasty.com\/?page_id=29\"},{\"@type\":\"ListItem\",\"position\":3,\"name\":\"Sukienka &#8211; CHROMA VIXEN: DRIFT DRESS\"}]},{\"@type\":\"WebSite\",\"@id\":\"https:\/\/1nasty.com\/#website\",\"url\":\"https:\/\/1nasty.com\/\",\"name\":\"1nasty\",\"description\":\"Luxury. Attitude. You!\",\"publisher\":{\"@id\":\"https:\/\/1nasty.com\/#organization\"},\"potentialAction\":[{\"@type\":\"SearchAction\",\"target\":{\"@type\":\"EntryPoint\",\"urlTemplate\":\"https:\/\/1nasty.com\/?s={search_term_string}\"},\"query-input\":{\"@type\":\"PropertyValueSpecification\",\"valueRequired\":true,\"valueName\":\"search_term_string\"}}],\"inLanguage\":\"de\"},{\"@type\":\"Organization\",\"@id\":\"https:\/\/1nasty.com\/#organization\",\"name\":\"1nasty\",\"url\":\"https:\/\/1nasty.com\/\",\"logo\":{\"@type\":\"ImageObject\",\"inLanguage\":\"de\",\"@id\":\"https:\/\/1nasty.com\/#\/schema\/logo\/image\/\",\"url\":\"https:\/\/1nasty.com\/wp-content\/uploads\/2024\/08\/f218434d670b74c1b50d2fa3ffcc3dab-e1725744934517.png\",\"contentUrl\":\"https:\/\/1nasty.com\/wp-content\/uploads\/2024\/08\/f218434d670b74c1b50d2fa3ffcc3dab-e1725744934517.png\",\"width\":268,\"height\":322,\"caption\":\"1nasty\"},\"image\":{\"@id\":\"https:\/\/1nasty.com\/#\/schema\/logo\/image\/\"}}]}<\/script>\n<!-- \/ Yoast SEO plugin. -->","yoast_head_json":{"title":"Sukienka - CHROMA VIXEN: DRIFT DRESS - 1nasty","description":"CHROMA VIXEN: DRIFT DRESS to futurystyczna sukienka midi z kontrastowymi panelami modeluj\u0105cymi sylwetk\u0119. Sportowa konstrukcja i dynamiczny design.","robots":{"index":"index","follow":"follow","max-snippet":"max-snippet:-1","max-image-preview":"max-image-preview:large","max-video-preview":"max-video-preview:-1"},"canonical":"https:\/\/1nasty.com\/de\/produkt\/drift-dress\/","og_locale":"de_DE","og_type":"article","og_title":"Sukienka - CHROMA VIXEN: DRIFT DRESS - 1nasty","og_description":"CHROMA VIXEN: DRIFT DRESS to futurystyczna sukienka midi z kontrastowymi panelami modeluj\u0105cymi sylwetk\u0119. Sportowa konstrukcja i dynamiczny design.","og_url":"https:\/\/1nasty.com\/de\/produkt\/drift-dress\/","og_site_name":"1nasty","article_modified_time":"2026-04-04T07:38:52+00:00","og_image":[{"width":800,"height":1200,"url":"https:\/\/1nasty.com\/wp-content\/uploads\/2025\/07\/DL0A3273-Kopiowanie.jpg","type":"image\/jpeg"}],"twitter_card":"summary_large_image","twitter_misc":{"Gesch\u00e4tzte Lesezeit":"4\u00a0Minuten"},"schema":{"@context":"https:\/\/schema.org","@graph":[{"@type":"WebPage","@id":"https:\/\/1nasty.com\/produkt\/drift-dress\/","url":"https:\/\/1nasty.com\/produkt\/drift-dress\/","name":"Sukienka - CHROMA VIXEN: DRIFT DRESS - 1nasty","isPartOf":{"@id":"https:\/\/1nasty.com\/#website"},"primaryImageOfPage":{"@id":"https:\/\/1nasty.com\/produkt\/drift-dress\/#primaryimage"},"image":{"@id":"https:\/\/1nasty.com\/produkt\/drift-dress\/#primaryimage"},"thumbnailUrl":"https:\/\/1nasty.com\/wp-content\/uploads\/2025\/07\/DL0A3273-Kopiowanie.jpg","datePublished":"2025-07-26T16:55:31+00:00","dateModified":"2026-04-04T07:38:52+00:00","description":"CHROMA VIXEN: DRIFT DRESS to futurystyczna sukienka midi z kontrastowymi panelami modeluj\u0105cymi sylwetk\u0119. Sportowa konstrukcja i dynamiczny design.","breadcrumb":{"@id":"https:\/\/1nasty.com\/produkt\/drift-dress\/#breadcrumb"},"inLanguage":"de","potentialAction":[{"@type":"ReadAction","target":["https:\/\/1nasty.com\/produkt\/drift-dress\/"]}]},{"@type":"ImageObject","inLanguage":"de","@id":"https:\/\/1nasty.com\/produkt\/drift-dress\/#primaryimage","url":"https:\/\/1nasty.com\/wp-content\/uploads\/2025\/07\/DL0A3273-Kopiowanie.jpg","contentUrl":"https:\/\/1nasty.com\/wp-content\/uploads\/2025\/07\/DL0A3273-Kopiowanie.jpg","width":800,"height":1200,"caption":"Sukienka - CHROMA VIXEN: SLIDE SUIT SUNSET CLASH BOK"},{"@type":"BreadcrumbList","@id":"https:\/\/1nasty.com\/produkt\/drift-dress\/#breadcrumb","itemListElement":[{"@type":"ListItem","position":1,"name":"Strona g\u0142\u00f3wna","item":"https:\/\/1nasty.com\/"},{"@type":"ListItem","position":2,"name":"Sklep","item":"https:\/\/1nasty.com\/?page_id=29"},{"@type":"ListItem","position":3,"name":"Sukienka &#8211; CHROMA VIXEN: DRIFT DRESS"}]},{"@type":"WebSite","@id":"https:\/\/1nasty.com\/#website","url":"https:\/\/1nasty.com\/","name":"1.","description":"Luxus. Haltung. Sie!","publisher":{"@id":"https:\/\/1nasty.com\/#organization"},"potentialAction":[{"@type":"SearchAction","target":{"@type":"EntryPoint","urlTemplate":"https:\/\/1nasty.com\/?s={search_term_string}"},"query-input":{"@type":"PropertyValueSpecification","valueRequired":true,"valueName":"search_term_string"}}],"inLanguage":"de"},{"@type":"Organization","@id":"https:\/\/1nasty.com\/#organization","name":"1.","url":"https:\/\/1nasty.com\/","logo":{"@type":"ImageObject","inLanguage":"de","@id":"https:\/\/1nasty.com\/#\/schema\/logo\/image\/","url":"https:\/\/1nasty.com\/wp-content\/uploads\/2024\/08\/f218434d670b74c1b50d2fa3ffcc3dab-e1725744934517.png","contentUrl":"https:\/\/1nasty.com\/wp-content\/uploads\/2024\/08\/f218434d670b74c1b50d2fa3ffcc3dab-e1725744934517.png","width":268,"height":322,"caption":"1nasty"},"image":{"@id":"https:\/\/1nasty.com\/#\/schema\/logo\/image\/"}}]}},"_links":{"self":[{"href":"https:\/\/1nasty.com\/de\/wp-json\/wp\/v2\/product\/2442","targetHints":{"allow":["GET"]}}],"collection":[{"href":"https:\/\/1nasty.com\/de\/wp-json\/wp\/v2\/product"}],"about":[{"href":"https:\/\/1nasty.com\/de\/wp-json\/wp\/v2\/types\/product"}],"wp:featuredmedia":[{"embeddable":true,"href":"https:\/\/1nasty.com\/de\/wp-json\/wp\/v2\/media\/2489"}],"wp:attachment":[{"href":"https:\/\/1nasty.com\/de\/wp-json\/wp\/v2\/media?parent=2442"}],"wp:term":[{"taxonomy":"product_brand","embeddable":true,"href":"https:\/\/1nasty.com\/de\/wp-json\/wp\/v2\/product_brand?post=2442"},{"taxonomy":"product_cat","embeddable":true,"href":"https:\/\/1nasty.com\/de\/wp-json\/wp\/v2\/product_cat?post=2442"},{"taxonomy":"product_tag","embeddable":true,"href":"https:\/\/1nasty.com\/de\/wp-json\/wp\/v2\/product_tag?post=2442"}],"curies":[{"name":"wp","href":"https:\/\/api.w.org\/{rel}","templated":true}]}}