{"id":1395,"date":"2025-02-28T14:17:40","date_gmt":"2025-02-28T13:17:40","guid":{"rendered":"https:\/\/1nasty.com\/?page_id=1395"},"modified":"2026-04-10T14:25:44","modified_gmt":"2026-04-10T12:25:44","slug":"moje-konto","status":"publish","type":"page","link":"https:\/\/1nasty.com\/de\/moje-konto\/","title":{"rendered":"Mein Konto"},"content":{"rendered":"<div data-elementor-type=\"wp-page\" data-elementor-id=\"1395\" class=\"elementor elementor-1395\" data-elementor-post-type=\"page\">\n\t\t\t\t<div class=\"elementor-element elementor-element-b6206b5 e-con-full e-flex e-con e-parent\" data-id=\"b6206b5\" data-element_type=\"container\" data-e-type=\"container\" data-settings=\"{&quot;background_background&quot;:&quot;classic&quot;}\">\n\t\t<div class=\"elementor-element elementor-element-c79950f e-flex e-con-boxed e-con e-child\" data-id=\"c79950f\" data-element_type=\"container\" data-e-type=\"container\">\n\t\t\t\t\t<div class=\"e-con-inner\">\n\t\t\t\t<div class=\"elementor-element elementor-element-2b0220e elementor-widget elementor-widget-heading\" data-id=\"2b0220e\" data-element_type=\"widget\" data-e-type=\"widget\" data-widget_type=\"heading.default\">\n\t\t\t\t<div class=\"elementor-widget-container\">\n\t\t\t\t\t<h2 class=\"elementor-heading-title elementor-size-default\">Ihr Konto<\/h2>\t\t\t\t<\/div>\n\t\t\t\t<\/div>\n\t\t\t\t<div class=\"elementor-element elementor-element-3520fb9 elementor-widget elementor-widget-eael-woo-account-dashboard\" data-id=\"3520fb9\" data-element_type=\"widget\" data-e-type=\"widget\" data-settings=\"{&quot;eael_account_dashboard_table_header_column_alignment&quot;:&quot;left&quot;,&quot;eael_account_dashboard_table_body_column_alignment&quot;:&quot;left&quot;}\" data-widget_type=\"eael-woo-account-dashboard.default\">\n\t\t\t\t<div class=\"elementor-widget-container\">\n\t\t\t\t\t\n        <div>\n            <div class=\"eael-account-dashboard-wrapper preset-2\">\n    <div class=\"eael-account-dashboard-body\">\n        <div class=\"eael-account-dashboard-container\">\n            \t\t<div class=\"eael-account-dashboard-navbar eael-d-none\">\n\t\t\t\n<nav class=\"woocommerce-MyAccount-navigation\" aria-label=\"Kontoseiten\" data-no-translation-aria-label=\"\">\n\t<ul>\n\t\t\t\t\t<li class=\"woocommerce-MyAccount-navigation-link woocommerce-MyAccount-navigation-link--dashboard\">\n\t\t\t\t<a href=\"https:\/\/1nasty.com\/de\/moje-konto\/\" >\n\t\t\t\t\tHomepage\t\t\t\t<\/a>\n\t\t\t<\/li>\n\t\t\t\t\t<li class=\"woocommerce-MyAccount-navigation-link woocommerce-MyAccount-navigation-link--rtwalwm_affiliate_menu\">\n\t\t\t\t<a href=\"https:\/\/1nasty.com\/de\/moje-konto\/rtwalwm_affiliate_menu\/\" >\n\t\t\t\t\tAffiliate\t\t\t\t<\/a>\n\t\t\t<\/li>\n\t\t\t\t\t<li class=\"woocommerce-MyAccount-navigation-link woocommerce-MyAccount-navigation-link--orders\">\n\t\t\t\t<a href=\"https:\/\/1nasty.com\/de\/moje-konto\/orders\/\" >\n\t\t\t\t\tBeschaffung\t\t\t\t<\/a>\n\t\t\t<\/li>\n\t\t\t\t\t<li class=\"woocommerce-MyAccount-navigation-link woocommerce-MyAccount-navigation-link--downloads\">\n\t\t\t\t<a href=\"https:\/\/1nasty.com\/de\/moje-konto\/downloads\/\" >\n\t\t\t\t\tHerunterladen\t\t\t\t<\/a>\n\t\t\t<\/li>\n\t\t\t\t\t<li class=\"woocommerce-MyAccount-navigation-link woocommerce-MyAccount-navigation-link--edit-address\">\n\t\t\t\t<a href=\"https:\/\/1nasty.com\/de\/moje-konto\/edit-address\/\" >\n\t\t\t\t\tAdressen\t\t\t\t<\/a>\n\t\t\t<\/li>\n\t\t\t\t\t<li class=\"woocommerce-MyAccount-navigation-link woocommerce-MyAccount-navigation-link--payment-methods\">\n\t\t\t\t<a href=\"https:\/\/1nasty.com\/de\/moje-konto\/payment-methods\/\" >\n\t\t\t\t\tZahlungsmethoden\t\t\t\t<\/a>\n\t\t\t<\/li>\n\t\t\t\t\t<li class=\"woocommerce-MyAccount-navigation-link woocommerce-MyAccount-navigation-link--edit-account\">\n\t\t\t\t<a href=\"https:\/\/1nasty.com\/de\/moje-konto\/edit-account\/\" >\n\t\t\t\t\tDetails zum Konto\t\t\t\t<\/a>\n\t\t\t<\/li>\n\t\t\t\t\t<li class=\"woocommerce-MyAccount-navigation-link woocommerce-MyAccount-navigation-link--wishlist\">\n\t\t\t\t<a href=\"https:\/\/1nasty.com\/de\/moje-konto\/wishlist\/\" >\n\t\t\t\t\tWunschzettel\t\t\t\t<\/a>\n\t\t\t<\/li>\n\t\t\t\t\t<li class=\"woocommerce-MyAccount-navigation-link woocommerce-MyAccount-navigation-link--customer-logout\">\n\t\t\t\t<a href=\"https:\/\/1nasty.com\/de\/moje-konto\/customer-logout\/?_wpnonce=81b56f4a54\" >\n\t\t\t\t\tAbmelden\t\t\t\t<\/a>\n\t\t\t<\/li>\n\t\t\t<\/ul>\n<\/nav>\n\n\n\t\t\t\t\t<\/div>\n\t\t            \t\t<div class=\"eael-account-dashboard-content\">\n\t\t\t<div class=\"woocommerce\"><\/div>\t\t<\/div>\n\t\t        <\/div>\n    <\/div>\n<\/div>        <\/div>\n\n\t\t\t\t\t\t<\/div>\n\t\t\t\t<\/div>\n\t\t\t\t\t<\/div>\n\t\t\t\t<\/div>\n\t\t<div class=\"elementor-element elementor-element-74064b9 e-con-full e-flex e-con e-child\" data-id=\"74064b9\" data-element_type=\"container\" data-e-type=\"container\" data-settings=\"{&quot;background_background&quot;:&quot;classic&quot;}\">\n\t\t<div class=\"elementor-element elementor-element-69f9cb3 e-grid e-con-full e-con e-child\" data-id=\"69f9cb3\" data-element_type=\"container\" data-e-type=\"container\">\n\t\t<div class=\"elementor-element elementor-element-f82d5c0 e-con-full e-flex e-con e-child\" data-id=\"f82d5c0\" data-element_type=\"container\" data-e-type=\"container\">\n\t\t\t\t<div class=\"elementor-element elementor-element-2b9d6d4 elementor-widget elementor-widget-image\" data-id=\"2b9d6d4\" data-element_type=\"widget\" data-e-type=\"widget\" data-widget_type=\"image.default\">\n\t\t\t\t<div class=\"elementor-widget-container\">\n\t\t\t\t\t\t\t\t\t\t\t\t\t\t\t<img decoding=\"async\" width=\"52\" height=\"50\" src=\"https:\/\/1nasty.com\/wp-content\/uploads\/2026\/01\/eIOE_1-2.png\" class=\"attachment-large size-large wp-image-4853 wvs-archive-product-image\" alt=\"\" srcset=\"https:\/\/1nasty.com\/wp-content\/uploads\/2026\/01\/eIOE_1-2.png 52w, https:\/\/1nasty.com\/wp-content\/uploads\/2026\/01\/eIOE_1-2-12x12.png 12w\" sizes=\"(max-width: 52px) 100vw, 52px\" \/>\t\t\t\t\t\t\t\t\t\t\t\t\t\t\t<\/div>\n\t\t\t\t<\/div>\n\t\t\t\t<div class=\"elementor-element elementor-element-ca263ef elementor-widget elementor-widget-heading\" data-id=\"ca263ef\" data-element_type=\"widget\" data-e-type=\"widget\" data-widget_type=\"heading.default\">\n\t\t\t\t<div class=\"elementor-widget-container\">\n\t\t\t\t\t<h4 class=\"elementor-heading-title elementor-size-default\">SICHERE ZAHLUNGEN<\/h4>\t\t\t\t<\/div>\n\t\t\t\t<\/div>\n\t\t\t\t<div class=\"elementor-element elementor-element-7df68b4 elementor-widget elementor-widget-heading\" data-id=\"7df68b4\" data-element_type=\"widget\" data-e-type=\"widget\" data-widget_type=\"heading.default\">\n\t\t\t\t<div class=\"elementor-widget-container\">\n\t\t\t\t\t<h2 class=\"elementor-heading-title elementor-size-default\">Kaufen Sie mit Vertrauen, wir k\u00fcmmern uns um den Rest<\/h2>\t\t\t\t<\/div>\n\t\t\t\t<\/div>\n\t\t\t\t<\/div>\n\t\t<div class=\"elementor-element elementor-element-d60bbfb e-con-full e-flex e-con e-child\" data-id=\"d60bbfb\" data-element_type=\"container\" data-e-type=\"container\">\n\t\t\t\t<div class=\"elementor-element elementor-element-6f7d05f elementor-widget elementor-widget-image\" data-id=\"6f7d05f\" data-element_type=\"widget\" data-e-type=\"widget\" data-widget_type=\"image.default\">\n\t\t\t\t<div class=\"elementor-widget-container\">\n\t\t\t\t\t\t\t\t\t\t\t\t\t\t\t<img decoding=\"async\" width=\"42\" height=\"50\" src=\"https:\/\/1nasty.com\/wp-content\/uploads\/2026\/01\/eIOE_1-1.png\" class=\"attachment-large size-large wp-image-4852 wvs-archive-product-image\" alt=\"\" srcset=\"https:\/\/1nasty.com\/wp-content\/uploads\/2026\/01\/eIOE_1-1.png 42w, https:\/\/1nasty.com\/wp-content\/uploads\/2026\/01\/eIOE_1-1-10x12.png 10w\" sizes=\"(max-width: 42px) 100vw, 42px\" \/>\t\t\t\t\t\t\t\t\t\t\t\t\t\t\t<\/div>\n\t\t\t\t<\/div>\n\t\t\t\t<div class=\"elementor-element elementor-element-4400316 elementor-widget elementor-widget-heading\" data-id=\"4400316\" data-element_type=\"widget\" data-e-type=\"widget\" data-widget_type=\"heading.default\">\n\t\t\t\t<div class=\"elementor-widget-container\">\n\t\t\t\t\t<h4 class=\"elementor-heading-title elementor-size-default\">RISIKOFREIES EINKAUFEN<\/h4>\t\t\t\t<\/div>\n\t\t\t\t<\/div>\n\t\t\t\t<div class=\"elementor-element elementor-element-0b51fc7 elementor-widget elementor-widget-heading\" data-id=\"0b51fc7\" data-element_type=\"widget\" data-e-type=\"widget\" data-widget_type=\"heading.default\">\n\t\t\t\t<div class=\"elementor-widget-container\">\n\t\t\t\t\t<h2 class=\"elementor-heading-title elementor-size-default\">14 Tage f\u00fcr R\u00fcckgabe oder Umtausch, kein Stress<\/h2>\t\t\t\t<\/div>\n\t\t\t\t<\/div>\n\t\t\t\t<\/div>\n\t\t<div class=\"elementor-element elementor-element-b471dbd e-con-full e-flex e-con e-child\" data-id=\"b471dbd\" data-element_type=\"container\" data-e-type=\"container\">\n\t\t\t\t<div class=\"elementor-element elementor-element-94230c1 elementor-widget elementor-widget-image\" data-id=\"94230c1\" data-element_type=\"widget\" data-e-type=\"widget\" data-widget_type=\"image.default\">\n\t\t\t\t<div class=\"elementor-widget-container\">\n\t\t\t\t\t\t\t\t\t\t\t\t\t\t\t<img decoding=\"async\" width=\"54\" height=\"50\" src=\"https:\/\/1nasty.com\/wp-content\/uploads\/2026\/01\/eIOE_1-3.png\" class=\"attachment-large size-large wp-image-4861 wvs-archive-product-image\" alt=\"\" srcset=\"https:\/\/1nasty.com\/wp-content\/uploads\/2026\/01\/eIOE_1-3.png 54w, https:\/\/1nasty.com\/wp-content\/uploads\/2026\/01\/eIOE_1-3-13x12.png 13w\" sizes=\"(max-width: 54px) 100vw, 54px\" \/>\t\t\t\t\t\t\t\t\t\t\t\t\t\t\t<\/div>\n\t\t\t\t<\/div>\n\t\t\t\t<div class=\"elementor-element elementor-element-cb6a7e1 elementor-widget elementor-widget-heading\" data-id=\"cb6a7e1\" data-element_type=\"widget\" data-e-type=\"widget\" data-widget_type=\"heading.default\">\n\t\t\t\t<div class=\"elementor-widget-container\">\n\t\t\t\t\t<h4 class=\"elementor-heading-title elementor-size-default\">KOSTENLOSE LIEFERUNG<\/h4>\t\t\t\t<\/div>\n\t\t\t\t<\/div>\n\t\t\t\t<div class=\"elementor-element elementor-element-f8cead7 elementor-widget elementor-widget-heading\" data-id=\"f8cead7\" data-element_type=\"widget\" data-e-type=\"widget\" data-widget_type=\"heading.default\">\n\t\t\t\t<div class=\"elementor-widget-container\">\n\t\t\t\t\t<h2 class=\"elementor-heading-title elementor-size-default\">f\u00fcr Bestellungen \u00fcber 150 PLN<\/h2>\t\t\t\t<\/div>\n\t\t\t\t<\/div>\n\t\t\t\t<\/div>\n\t\t<div class=\"elementor-element elementor-element-8d5b913 e-con-full e-flex e-con e-child\" data-id=\"8d5b913\" data-element_type=\"container\" data-e-type=\"container\">\n\t\t\t\t<div class=\"elementor-element elementor-element-84fbc22 elementor-widget elementor-widget-image\" data-id=\"84fbc22\" data-element_type=\"widget\" data-e-type=\"widget\" data-widget_type=\"image.default\">\n\t\t\t\t<div class=\"elementor-widget-container\">\n\t\t\t\t\t\t\t\t\t\t\t\t\t\t\t<img loading=\"lazy\" decoding=\"async\" width=\"78\" height=\"50\" src=\"https:\/\/1nasty.com\/wp-content\/uploads\/2026\/01\/eIOE_1.png\" class=\"attachment-large size-large wp-image-4854 wvs-archive-product-image\" alt=\"\" srcset=\"https:\/\/1nasty.com\/wp-content\/uploads\/2026\/01\/eIOE_1.png 78w, https:\/\/1nasty.com\/wp-content\/uploads\/2026\/01\/eIOE_1-18x12.png 18w, https:\/\/1nasty.com\/wp-content\/uploads\/2026\/01\/eIOE_1-64x41.png 64w\" sizes=\"(max-width: 78px) 100vw, 78px\" \/>\t\t\t\t\t\t\t\t\t\t\t\t\t\t\t<\/div>\n\t\t\t\t<\/div>\n\t\t\t\t<div class=\"elementor-element elementor-element-803cf6f elementor-widget elementor-widget-heading\" data-id=\"803cf6f\" data-element_type=\"widget\" data-e-type=\"widget\" data-widget_type=\"heading.default\">\n\t\t\t\t<div class=\"elementor-widget-container\">\n\t\t\t\t\t<h4 class=\"elementor-heading-title elementor-size-default\">SCHNELLE LIEFERUNG<\/h4>\t\t\t\t<\/div>\n\t\t\t\t<\/div>\n\t\t\t\t<div class=\"elementor-element elementor-element-4a47235 elementor-widget elementor-widget-heading\" data-id=\"4a47235\" data-element_type=\"widget\" data-e-type=\"widget\" data-widget_type=\"heading.default\">\n\t\t\t\t<div class=\"elementor-widget-container\">\n\t\t\t\t\t<h2 class=\"elementor-heading-title elementor-size-default\">Bevor Sie etwas verpassen <br>hinter dem neuen Outfit<\/h2>\t\t\t\t<\/div>\n\t\t\t\t<\/div>\n\t\t\t\t<\/div>\n\t\t\t\t<\/div>\n\t\t\t\t<\/div>\n\t\t\t\t<\/div>\n\t\t\t\t<\/div>","protected":false},"excerpt":{"rendered":"<p>Twoje konto Strona g\u0142\u00f3wna Affiliate Zam\u00f3wienia Do pobrania Adresy Metody p\u0142atno\u015bci Szczeg\u00f3\u0142y konta punkt\u00f3w Wishlist Wyloguj si\u0119 Strona g\u0142\u00f3wna Affiliate Zam\u00f3wienia Do pobrania Adresy Metody p\u0142atno\u015bci Szczeg\u00f3\u0142y konta punkt\u00f3w Wishlist Wyloguj si\u0119 Witaj 1nasty (nie jeste\u015b 1nasty? Wyloguj si\u0119) W ustawieniach swojego konta mo\u017cesz przejrze\u0107 swoje ostatnie zam\u00f3wienia, zarz\u0105dza\u0107 adresami p\u0142atno\u015bci i dostawy oraz zmienia\u0107 [&hellip;]<\/p>","protected":false},"author":1,"featured_media":0,"parent":0,"menu_order":0,"comment_status":"closed","ping_status":"closed","template":"elementor_header_footer","meta":{"_acf_changed":false,"footnotes":""},"class_list":["post-1395","page","type-page","status-publish","hentry"],"acf":[],"yoast_head":"<!-- This site is optimized with the Yoast SEO plugin v26.1.1 - https:\/\/yoast.com\/wordpress\/plugins\/seo\/ -->\n<title>Moje konto - 1nasty<\/title>\n<meta name=\"description\" content=\"Strona moje konto pozwala na zarz\u0105dzanie danymi na Twoim koncie. Posiadaj\u0105c konto w naszym serwisie mo\u017cesz zamawia\u0107 produkty.\" \/>\n<meta name=\"robots\" content=\"index, follow, max-snippet:-1, max-image-preview:large, max-video-preview:-1\" \/>\n<link rel=\"canonical\" href=\"https:\/\/1nasty.com\/de\/moje-konto\/\" \/>\n<meta property=\"og:locale\" content=\"de_DE\" \/>\n<meta property=\"og:type\" content=\"article\" \/>\n<meta property=\"og:title\" content=\"Moje konto - 1nasty\" \/>\n<meta property=\"og:description\" content=\"Strona moje konto pozwala na zarz\u0105dzanie danymi na Twoim koncie. Posiadaj\u0105c konto w naszym serwisie mo\u017cesz zamawia\u0107 produkty.\" \/>\n<meta property=\"og:url\" content=\"https:\/\/1nasty.com\/de\/moje-konto\/\" \/>\n<meta property=\"og:site_name\" content=\"1nasty\" \/>\n<meta property=\"article:modified_time\" content=\"2026-04-10T12:25:44+00:00\" \/>\n<meta property=\"og:image\" content=\"https:\/\/1nasty.com\/wp-content\/uploads\/2026\/01\/eIOE_1-2.png\" \/>\n\t<meta property=\"og:image:width\" content=\"52\" \/>\n\t<meta property=\"og:image:height\" content=\"50\" \/>\n\t<meta property=\"og:image:type\" content=\"image\/png\" \/>\n<meta name=\"twitter:card\" content=\"summary_large_image\" \/>\n<meta name=\"twitter:label1\" content=\"Gesch\u00e4tzte Lesezeit\" \/>\n\t<meta name=\"twitter:data1\" content=\"4\u00a0Minuten\" \/>\n<script type=\"application\/ld+json\" class=\"yoast-schema-graph\">{\"@context\":\"https:\/\/schema.org\",\"@graph\":[{\"@type\":\"WebPage\",\"@id\":\"https:\/\/1nasty.com\/moje-konto\/\",\"url\":\"https:\/\/1nasty.com\/moje-konto\/\",\"name\":\"Moje konto - 1nasty\",\"isPartOf\":{\"@id\":\"https:\/\/1nasty.com\/#website\"},\"primaryImageOfPage\":{\"@id\":\"https:\/\/1nasty.com\/moje-konto\/#primaryimage\"},\"image\":{\"@id\":\"https:\/\/1nasty.com\/moje-konto\/#primaryimage\"},\"thumbnailUrl\":\"https:\/\/1nasty.com\/wp-content\/uploads\/2026\/01\/eIOE_1-2.png\",\"datePublished\":\"2025-02-28T13:17:40+00:00\",\"dateModified\":\"2026-04-10T12:25:44+00:00\",\"description\":\"Strona moje konto pozwala na zarz\u0105dzanie danymi na Twoim koncie. Posiadaj\u0105c konto w naszym serwisie mo\u017cesz zamawia\u0107 produkty.\",\"breadcrumb\":{\"@id\":\"https:\/\/1nasty.com\/moje-konto\/#breadcrumb\"},\"inLanguage\":\"de\",\"potentialAction\":[{\"@type\":\"ReadAction\",\"target\":[\"https:\/\/1nasty.com\/moje-konto\/\"]}]},{\"@type\":\"ImageObject\",\"inLanguage\":\"de\",\"@id\":\"https:\/\/1nasty.com\/moje-konto\/#primaryimage\",\"url\":\"https:\/\/1nasty.com\/wp-content\/uploads\/2026\/01\/eIOE_1-2.png\",\"contentUrl\":\"https:\/\/1nasty.com\/wp-content\/uploads\/2026\/01\/eIOE_1-2.png\"},{\"@type\":\"BreadcrumbList\",\"@id\":\"https:\/\/1nasty.com\/moje-konto\/#breadcrumb\",\"itemListElement\":[{\"@type\":\"ListItem\",\"position\":1,\"name\":\"Strona g\u0142\u00f3wna\",\"item\":\"https:\/\/1nasty.com\/\"},{\"@type\":\"ListItem\",\"position\":2,\"name\":\"Moje konto\"}]},{\"@type\":\"WebSite\",\"@id\":\"https:\/\/1nasty.com\/#website\",\"url\":\"https:\/\/1nasty.com\/\",\"name\":\"1nasty\",\"description\":\"Luxury. Attitude. You!\",\"publisher\":{\"@id\":\"https:\/\/1nasty.com\/#organization\"},\"potentialAction\":[{\"@type\":\"SearchAction\",\"target\":{\"@type\":\"EntryPoint\",\"urlTemplate\":\"https:\/\/1nasty.com\/?s={search_term_string}\"},\"query-input\":{\"@type\":\"PropertyValueSpecification\",\"valueRequired\":true,\"valueName\":\"search_term_string\"}}],\"inLanguage\":\"de\"},{\"@type\":\"Organization\",\"@id\":\"https:\/\/1nasty.com\/#organization\",\"name\":\"1nasty\",\"url\":\"https:\/\/1nasty.com\/\",\"logo\":{\"@type\":\"ImageObject\",\"inLanguage\":\"de\",\"@id\":\"https:\/\/1nasty.com\/#\/schema\/logo\/image\/\",\"url\":\"https:\/\/1nasty.com\/wp-content\/uploads\/2024\/08\/f218434d670b74c1b50d2fa3ffcc3dab-e1725744934517.png\",\"contentUrl\":\"https:\/\/1nasty.com\/wp-content\/uploads\/2024\/08\/f218434d670b74c1b50d2fa3ffcc3dab-e1725744934517.png\",\"width\":268,\"height\":322,\"caption\":\"1nasty\"},\"image\":{\"@id\":\"https:\/\/1nasty.com\/#\/schema\/logo\/image\/\"}}]}<\/script>\n<!-- \/ Yoast SEO plugin. -->","yoast_head_json":{"title":"Moje konto - 1nasty","description":"Strona moje konto pozwala na zarz\u0105dzanie danymi na Twoim koncie. Posiadaj\u0105c konto w naszym serwisie mo\u017cesz zamawia\u0107 produkty.","robots":{"index":"index","follow":"follow","max-snippet":"max-snippet:-1","max-image-preview":"max-image-preview:large","max-video-preview":"max-video-preview:-1"},"canonical":"https:\/\/1nasty.com\/de\/moje-konto\/","og_locale":"de_DE","og_type":"article","og_title":"Moje konto - 1nasty","og_description":"Strona moje konto pozwala na zarz\u0105dzanie danymi na Twoim koncie. Posiadaj\u0105c konto w naszym serwisie mo\u017cesz zamawia\u0107 produkty.","og_url":"https:\/\/1nasty.com\/de\/moje-konto\/","og_site_name":"1nasty","article_modified_time":"2026-04-10T12:25:44+00:00","og_image":[{"width":52,"height":50,"url":"https:\/\/1nasty.com\/wp-content\/uploads\/2026\/01\/eIOE_1-2.png","type":"image\/png"}],"twitter_card":"summary_large_image","twitter_misc":{"Gesch\u00e4tzte Lesezeit":"4\u00a0Minuten"},"schema":{"@context":"https:\/\/schema.org","@graph":[{"@type":"WebPage","@id":"https:\/\/1nasty.com\/moje-konto\/","url":"https:\/\/1nasty.com\/moje-konto\/","name":"Moje konto - 1nasty","isPartOf":{"@id":"https:\/\/1nasty.com\/#website"},"primaryImageOfPage":{"@id":"https:\/\/1nasty.com\/moje-konto\/#primaryimage"},"image":{"@id":"https:\/\/1nasty.com\/moje-konto\/#primaryimage"},"thumbnailUrl":"https:\/\/1nasty.com\/wp-content\/uploads\/2026\/01\/eIOE_1-2.png","datePublished":"2025-02-28T13:17:40+00:00","dateModified":"2026-04-10T12:25:44+00:00","description":"Strona moje konto pozwala na zarz\u0105dzanie danymi na Twoim koncie. Posiadaj\u0105c konto w naszym serwisie mo\u017cesz zamawia\u0107 produkty.","breadcrumb":{"@id":"https:\/\/1nasty.com\/moje-konto\/#breadcrumb"},"inLanguage":"de","potentialAction":[{"@type":"ReadAction","target":["https:\/\/1nasty.com\/moje-konto\/"]}]},{"@type":"ImageObject","inLanguage":"de","@id":"https:\/\/1nasty.com\/moje-konto\/#primaryimage","url":"https:\/\/1nasty.com\/wp-content\/uploads\/2026\/01\/eIOE_1-2.png","contentUrl":"https:\/\/1nasty.com\/wp-content\/uploads\/2026\/01\/eIOE_1-2.png"},{"@type":"BreadcrumbList","@id":"https:\/\/1nasty.com\/moje-konto\/#breadcrumb","itemListElement":[{"@type":"ListItem","position":1,"name":"Strona g\u0142\u00f3wna","item":"https:\/\/1nasty.com\/"},{"@type":"ListItem","position":2,"name":"Moje konto"}]},{"@type":"WebSite","@id":"https:\/\/1nasty.com\/#website","url":"https:\/\/1nasty.com\/","name":"1.","description":"Luxus. Haltung. Sie!","publisher":{"@id":"https:\/\/1nasty.com\/#organization"},"potentialAction":[{"@type":"SearchAction","target":{"@type":"EntryPoint","urlTemplate":"https:\/\/1nasty.com\/?s={search_term_string}"},"query-input":{"@type":"PropertyValueSpecification","valueRequired":true,"valueName":"search_term_string"}}],"inLanguage":"de"},{"@type":"Organization","@id":"https:\/\/1nasty.com\/#organization","name":"1.","url":"https:\/\/1nasty.com\/","logo":{"@type":"ImageObject","inLanguage":"de","@id":"https:\/\/1nasty.com\/#\/schema\/logo\/image\/","url":"https:\/\/1nasty.com\/wp-content\/uploads\/2024\/08\/f218434d670b74c1b50d2fa3ffcc3dab-e1725744934517.png","contentUrl":"https:\/\/1nasty.com\/wp-content\/uploads\/2024\/08\/f218434d670b74c1b50d2fa3ffcc3dab-e1725744934517.png","width":268,"height":322,"caption":"1nasty"},"image":{"@id":"https:\/\/1nasty.com\/#\/schema\/logo\/image\/"}}]}},"_links":{"self":[{"href":"https:\/\/1nasty.com\/de\/wp-json\/wp\/v2\/pages\/1395","targetHints":{"allow":["GET"]}}],"collection":[{"href":"https:\/\/1nasty.com\/de\/wp-json\/wp\/v2\/pages"}],"about":[{"href":"https:\/\/1nasty.com\/de\/wp-json\/wp\/v2\/types\/page"}],"author":[{"embeddable":true,"href":"https:\/\/1nasty.com\/de\/wp-json\/wp\/v2\/users\/1"}],"replies":[{"embeddable":true,"href":"https:\/\/1nasty.com\/de\/wp-json\/wp\/v2\/comments?post=1395"}],"version-history":[{"count":115,"href":"https:\/\/1nasty.com\/de\/wp-json\/wp\/v2\/pages\/1395\/revisions"}],"predecessor-version":[{"id":7780,"href":"https:\/\/1nasty.com\/de\/wp-json\/wp\/v2\/pages\/1395\/revisions\/7780"}],"wp:attachment":[{"href":"https:\/\/1nasty.com\/de\/wp-json\/wp\/v2\/media?parent=1395"}],"curies":[{"name":"wp","href":"https:\/\/api.w.org\/{rel}","templated":true}]}}