{"id":1348,"date":"2025-02-28T13:48:58","date_gmt":"2025-02-28T12:48:58","guid":{"rendered":"https:\/\/1nasty.com\/?page_id=1348"},"modified":"2026-04-10T15:27:49","modified_gmt":"2026-04-10T13:27:49","slug":"zwroty","status":"publish","type":"page","link":"https:\/\/1nasty.com\/de\/zwroty\/","title":{"rendered":"R\u00fcckgabe"},"content":{"rendered":"<div data-elementor-type=\"wp-page\" data-elementor-id=\"1348\" class=\"elementor elementor-1348\" data-elementor-post-type=\"page\">\n\t\t\t\t<div class=\"elementor-element elementor-element-01d294f e-con-full e-flex e-con e-parent\" data-id=\"01d294f\" data-element_type=\"container\" data-e-type=\"container\" data-settings=\"{&quot;background_background&quot;:&quot;classic&quot;}\">\n\t\t<div class=\"elementor-element elementor-element-c79950f e-flex e-con-boxed e-con e-child\" data-id=\"c79950f\" data-element_type=\"container\" data-e-type=\"container\">\n\t\t\t\t\t<div class=\"e-con-inner\">\n\t\t\t\t<div class=\"elementor-element elementor-element-2b0220e elementor-widget elementor-widget-heading\" data-id=\"2b0220e\" data-element_type=\"widget\" data-e-type=\"widget\" data-widget_type=\"heading.default\">\n\t\t\t\t<div class=\"elementor-widget-container\">\n\t\t\t\t\t<h2 class=\"elementor-heading-title elementor-size-default\">R\u00fcckgabe<\/h2>\t\t\t\t<\/div>\n\t\t\t\t<\/div>\n\t\t\t\t<div class=\"elementor-element elementor-element-cae2e8a elementor-widget__width-initial elementor-widget-mobile__width-inherit elementor-widget elementor-widget-text-editor\" data-id=\"cae2e8a\" data-element_type=\"widget\" data-e-type=\"widget\" data-widget_type=\"text-editor.default\">\n\t\t\t\t<div class=\"elementor-widget-container\">\n\t\t\t\t\t\t\t\t\t<p style=\"text-align: left;\">\u00a7 10.R\u00fccktrittsrecht vom Kaufvertrag<\/p><p>(1) Das Widerrufsrecht f\u00fcr einen im Fernabsatz geschlossenen Vertrag gilt nicht f\u00fcr den Verbraucher in Bezug auf den Vertrag:<\/p><p>1) bei der Erbringung von Dienstleistungen, wenn der Verk\u00e4ufer die Dienstleistung mit der ausdr\u00fccklichen Zustimmung des Verbrauchers, der vor Beginn der Leistung dar\u00fcber informiert wurde, dass er nach der Leistung des Verk\u00e4ufers das Recht auf R\u00fccktritt vom Vertrag verliert, vollst\u00e4ndig erbracht hat;<\/p><p>2) bei denen der Preis oder die Verg\u00fctung von Fluktuationen auf dem Finanzmarkt abh\u00e4ngt, auf die der Verk\u00e4ufer keinen Einfluss hat und die schon vorher auftreten k\u00f6nnen<br \/>Ablauf der Widerrufsfrist;<\/p><p>3) bei denen es sich bei dem Leistungsgegenstand um einen nicht wiederaufgearbeiteten Gegenstand handelt, der nach den Vorgaben des Verbrauchers hergestellt wurde oder dazu dient, die pers\u00f6nlichen Bed\u00fcrfnisse des Verbrauchers zu erf\u00fcllen;<\/p><p>4) wenn es sich bei dem Leistungsgegenstand um einen verderblichen Gegenstand oder einen Gegenstand mit kurzer Haltbarkeit handelt;<\/p><p>5) wenn es sich bei dem Leistungsgegenstand um eine in versiegelter Verpackung gelieferte Sache handelt, die nach dem \u00d6ffnen aus gesundheitlichen oder hygienischen Gr\u00fcnden nicht zur\u00fcckgegeben werden kann, wenn die Verpackung nach der Lieferung ge\u00f6ffnet wurde;<\/p><p>6) bei denen der Leistungsgegenstand aus Gegenst\u00e4nden besteht, die ihrer Natur nach nach der Lieferung von anderen Gegenst\u00e4nden untrennbar sind;<\/p><p>7) wenn es sich bei dem Leistungsgegenstand um alkoholische Getr\u00e4nke handelt, deren Preis bei Abschluss des Kaufvertrags vereinbart wurde, deren Lieferung erst nach 30 Tagen erfolgen kann und deren Wert von Schwankungen auf dem Markt abh\u00e4ngt, auf die der Gewerbetreibende keinen Einfluss hat;<\/p><p>8) in denen der Verbraucher ausdr\u00fccklich verlangt hat, dass der Verk\u00e4ufer zu ihm kommt, um eine dringende Reparatur oder Wartung durchzuf\u00fchren; erbringt der Verk\u00e4ufer dar\u00fcber hinaus andere Dienstleistungen als die vom Verbraucher verlangten oder liefert er andere Gegenst\u00e4nde als Ersatzteile, die f\u00fcr die Durchf\u00fchrung der Reparatur oder Wartung erforderlich sind, so steht dem Verbraucher in Bezug auf die zus\u00e4tzlichen Dienstleistungen oder Gegenst\u00e4nde ein Widerrufsrecht zu;<\/p><p>9) bei denen der Gegenstand der Dienstleistung Ton- oder Bildaufnahmen oder Computerprogramme sind, die in einer versiegelten Verpackung geliefert werden, wenn die Verpackung nach der Lieferung ge\u00f6ffnet wurde;<\/p><p>10) f\u00fcr die Lieferung von Zeitungen, Zeitschriften oder Illustrierten, mit Ausnahme von Abonnementvertr\u00e4gen;<\/p><p>11) durch \u00f6ffentliche Versteigerung abgeschlossen;<\/p><p>12) f\u00fcr die Bereitstellung von Unterk\u00fcnften, die nicht zu Wohnzwecken dienen, f\u00fcr die Bef\u00f6rderung von G\u00fctern, f\u00fcr die Vermietung von Kraftfahrzeugen, f\u00fcr die Bewirtung, f\u00fcr Dienstleistungen im Zusammenhang mit Freizeit-, Unterhaltungs-, Sport- oder Kulturveranstaltungen, wenn im Vertrag der Tag oder der Zeitraum der Dienstleistung festgelegt ist;<\/p><p>13) f\u00fcr die Lieferung von digitalen Produkten, die nicht auf einem materiellen Datentr\u00e4ger aufgezeichnet sind, wenn die Leistung mit ausdr\u00fccklicher Zustimmung des Verbrauchers vor Ablauf der Widerrufsfrist begonnen hat und nachdem der Verk\u00e4ufer den Verbraucher \u00fcber den Verlust des Widerrufsrechts informiert hat.<\/p><p>(2) In anderen als den in Absatz (1) genannten F\u00e4llen kann der Verbraucher innerhalb von 14 Tagen ohne Angabe von Gr\u00fcnden vom Kaufvertrag zur\u00fccktreten. Die vorgenannte Frist beginnt mit der Inbesitznahme der Ware durch den Verbraucher oder einen Dritten, der nicht der vom Verbraucher angegebene Bef\u00f6rderer ist.<\/p><p>(3) Im Falle eines Vertrags, der mehrere Produkte umfasst, die getrennt, in Chargen oder in Teilen geliefert werden, beginnt die in Absatz 2 genannte Frist mit der Lieferung des letzten Produkts, der letzten Charge oder des letzten Teils.<\/p><p>(4) Der Verbraucher kann vom Vertrag zur\u00fccktreten, indem er gegen\u00fcber dem Verk\u00e4ufer den R\u00fccktritt vom Vertrag erkl\u00e4rt. Es gen\u00fcgt, wenn der Verbraucher die Erkl\u00e4rung vor Ablauf der R\u00fccktrittsfrist absendet.<\/p><p>(5) Die Erkl\u00e4rung kann auf dem herk\u00f6mmlichen Postweg oder auf elektronischem Wege durch \u00dcbermittlung einer Erkl\u00e4rung an die Post- oder E-Mail-Adressen \u00fcbermittelt werden:<br \/><span style=\"text-decoration: underline; color: #ff0000;\"><em><strong>Rezoner XI Robert Jedynasty Golesze Du\u017ce 21A, 97-320 Wolb\u00f3rz<\/strong><\/em><\/span><br \/><span style=\"text-decoration: underline; color: #ff0000;\"><em><strong>office@1nasty.com<\/strong><\/em><\/span><br \/>in \u00a7 3. Abs. 1 der Gesch\u00e4ftsordnung genannt.<\/p><p>(6) Die Erkl\u00e4rung kann auch auf einem Formblatt abgegeben werden, von dem ein Muster als Anlage 1 dieser Regelung beigef\u00fcgt ist.<\/p><p>(7) Erfolgt die Erkl\u00e4rung des Verbrauchers auf elektronischem Wege, hat der Verk\u00e4ufer dem Verbraucher unverz\u00fcglich eine Empfangsbest\u00e4tigung \u00fcber den Eingang der R\u00fccktrittserkl\u00e4rung an die vom Verbraucher angegebene E-Mail-Adresse zu senden.<\/p><p>8 Der R\u00fccktritt vom Kaufvertrag hat folgende Auswirkungen:<\/p><p>a) Im Falle des R\u00fccktritts von einem Fernabsatzvertrag gilt der Vertrag als nicht zustande gekommen;<\/p><p>b) Im Falle des R\u00fccktritts vom Kaufvertrag erstattet der Verk\u00e4ufer dem Verbraucher unverz\u00fcglich, sp\u00e4testens jedoch innerhalb von 14 Tagen nach Eingang der R\u00fccktrittserkl\u00e4rung des Verbrauchers vom Kaufvertrag, alle vom Verbraucher geleisteten Zahlungen, einschlie\u00dflich der Kosten f\u00fcr die Lieferung des Produkts, mit Ausnahme der zus\u00e4tzlichen Kosten, die sich aus der vom Verbraucher gew\u00e4hlten anderen Art der Lieferung als der vom Verk\u00e4ufer angebotenen g\u00fcnstigsten gew\u00f6hnlichen Lieferung ergeben;<\/p><p>(c) Die R\u00fcckzahlung erfolgt durch den Verk\u00e4ufer unter Verwendung desselben Zahlungsmittels, das der Verbraucher bei der urspr\u00fcnglichen Transaktion eingesetzt hat, es sei denn, der Verbraucher hat ausdr\u00fccklich einer anderen L\u00f6sung zugestimmt, die f\u00fcr ihn keine Kosten verursacht;<\/p><p>d) Der Verbraucher hat das Produkt unverz\u00fcglich, sp\u00e4testens jedoch innerhalb von 14 Tagen ab dem Tag, an dem er den Verk\u00e4ufer \u00fcber den Widerruf des Vertrages informiert hat, an die in diesen Gesch\u00e4ftsbedingungen angegebene Adresse des Verk\u00e4ufers zur\u00fcckzusenden. Die Frist ist gewahrt, wenn der Verbraucher das Produkt vor Ablauf der 14-Tage-Frist zur\u00fccksendet.<\/p><p>e) Der Verbraucher tr\u00e4gt die unmittelbaren Kosten der R\u00fccksendung des Produkts, einschlie\u00dflich der Kosten f\u00fcr die R\u00fccksendung des Produkts, wenn das Produkt aufgrund seiner Beschaffenheit nicht normal mit der Post zur\u00fcckgesandt werden kann.<\/p><p>(9) Kann das Produkt aufgrund seiner Beschaffenheit nicht auf dem \u00fcblichen Postweg zur\u00fcckgeschickt werden, werden Informationen dar\u00fcber sowie \u00fcber die Kosten f\u00fcr die R\u00fccksendung des Produkts in die Beschreibung des Produkts im Shop aufgenommen.<\/p><p>(10) Der Verk\u00e4ufer ist nicht verpflichtet, dem Verbraucher den Kaufpreis direkt zu erstatten, wenn dieser die Bestellung \u00fcber das Bankkonto, die Kredit- oder Zahlungskarte einer anderen Person bezahlt hat. In diesem Fall erfolgt die Erstattung direkt an den Inhaber des Bankkontos, der Kredit- oder Zahlungskarte, die f\u00fcr die Zahlung an den Verk\u00e4ufer verwendet wurde, oder auf andere Weise, mit ausdr\u00fccklicher Zustimmung des Verbrauchers.<\/p><p>(11) Der Verbraucher haftet f\u00fcr jede Wertminderung des Produkts, die sich aus der Nutzung des Produkts ergibt und \u00fcber das hinausgeht, was zur Feststellung der Art, der Eigenschaften und der Funktionsweise des Produkts erforderlich ist.<\/p>\t\t\t\t\t\t\t\t<\/div>\n\t\t\t\t<\/div>\n\t\t\t\t\t<\/div>\n\t\t\t\t<\/div>\n\t\t<div class=\"elementor-element elementor-element-31b3ed7 e-con-full e-flex e-con e-child\" data-id=\"31b3ed7\" data-element_type=\"container\" data-e-type=\"container\" data-settings=\"{&quot;background_background&quot;:&quot;classic&quot;}\">\n\t\t<div class=\"elementor-element elementor-element-fd9094c e-grid e-con-full e-con e-child\" data-id=\"fd9094c\" data-element_type=\"container\" data-e-type=\"container\">\n\t\t<div class=\"elementor-element elementor-element-bf68081 e-con-full e-flex e-con e-child\" data-id=\"bf68081\" data-element_type=\"container\" data-e-type=\"container\">\n\t\t\t\t<div class=\"elementor-element elementor-element-9e49794 elementor-widget elementor-widget-image\" data-id=\"9e49794\" data-element_type=\"widget\" data-e-type=\"widget\" data-widget_type=\"image.default\">\n\t\t\t\t<div class=\"elementor-widget-container\">\n\t\t\t\t\t\t\t\t\t\t\t\t\t\t\t<img decoding=\"async\" width=\"52\" height=\"50\" src=\"https:\/\/1nasty.com\/wp-content\/uploads\/2026\/01\/eIOE_1-2.png\" class=\"attachment-large size-large wp-image-4853 wvs-archive-product-image\" alt=\"\" srcset=\"https:\/\/1nasty.com\/wp-content\/uploads\/2026\/01\/eIOE_1-2.png 52w, https:\/\/1nasty.com\/wp-content\/uploads\/2026\/01\/eIOE_1-2-12x12.png 12w\" sizes=\"(max-width: 52px) 100vw, 52px\" \/>\t\t\t\t\t\t\t\t\t\t\t\t\t\t\t<\/div>\n\t\t\t\t<\/div>\n\t\t\t\t<div class=\"elementor-element elementor-element-1016a32 elementor-widget elementor-widget-heading\" data-id=\"1016a32\" data-element_type=\"widget\" data-e-type=\"widget\" data-widget_type=\"heading.default\">\n\t\t\t\t<div class=\"elementor-widget-container\">\n\t\t\t\t\t<h4 class=\"elementor-heading-title elementor-size-default\">SICHERE ZAHLUNGEN<\/h4>\t\t\t\t<\/div>\n\t\t\t\t<\/div>\n\t\t\t\t<div class=\"elementor-element elementor-element-e29474d elementor-widget elementor-widget-heading\" data-id=\"e29474d\" data-element_type=\"widget\" data-e-type=\"widget\" data-widget_type=\"heading.default\">\n\t\t\t\t<div class=\"elementor-widget-container\">\n\t\t\t\t\t<h2 class=\"elementor-heading-title elementor-size-default\">Kaufen Sie mit Vertrauen, wir k\u00fcmmern uns um den Rest<\/h2>\t\t\t\t<\/div>\n\t\t\t\t<\/div>\n\t\t\t\t<\/div>\n\t\t<div class=\"elementor-element elementor-element-5bb748e e-con-full e-flex e-con e-child\" data-id=\"5bb748e\" data-element_type=\"container\" data-e-type=\"container\">\n\t\t\t\t<div class=\"elementor-element elementor-element-517eac7 elementor-widget elementor-widget-image\" data-id=\"517eac7\" data-element_type=\"widget\" data-e-type=\"widget\" data-widget_type=\"image.default\">\n\t\t\t\t<div class=\"elementor-widget-container\">\n\t\t\t\t\t\t\t\t\t\t\t\t\t\t\t<img decoding=\"async\" width=\"42\" height=\"50\" src=\"https:\/\/1nasty.com\/wp-content\/uploads\/2026\/01\/eIOE_1-1.png\" class=\"attachment-large size-large wp-image-4852 wvs-archive-product-image\" alt=\"\" srcset=\"https:\/\/1nasty.com\/wp-content\/uploads\/2026\/01\/eIOE_1-1.png 42w, https:\/\/1nasty.com\/wp-content\/uploads\/2026\/01\/eIOE_1-1-10x12.png 10w\" sizes=\"(max-width: 42px) 100vw, 42px\" \/>\t\t\t\t\t\t\t\t\t\t\t\t\t\t\t<\/div>\n\t\t\t\t<\/div>\n\t\t\t\t<div class=\"elementor-element elementor-element-31761c8 elementor-widget elementor-widget-heading\" data-id=\"31761c8\" data-element_type=\"widget\" data-e-type=\"widget\" data-widget_type=\"heading.default\">\n\t\t\t\t<div class=\"elementor-widget-container\">\n\t\t\t\t\t<h4 class=\"elementor-heading-title elementor-size-default\">RISIKOFREIES EINKAUFEN<\/h4>\t\t\t\t<\/div>\n\t\t\t\t<\/div>\n\t\t\t\t<div class=\"elementor-element elementor-element-fc805f4 elementor-widget elementor-widget-heading\" data-id=\"fc805f4\" data-element_type=\"widget\" data-e-type=\"widget\" data-widget_type=\"heading.default\">\n\t\t\t\t<div class=\"elementor-widget-container\">\n\t\t\t\t\t<h2 class=\"elementor-heading-title elementor-size-default\">14 Tage f\u00fcr R\u00fcckgabe oder Umtausch, kein Stress<\/h2>\t\t\t\t<\/div>\n\t\t\t\t<\/div>\n\t\t\t\t<\/div>\n\t\t<div class=\"elementor-element elementor-element-7a9d429 e-con-full e-flex e-con e-child\" data-id=\"7a9d429\" data-element_type=\"container\" data-e-type=\"container\">\n\t\t\t\t<div class=\"elementor-element elementor-element-f580cce elementor-widget elementor-widget-image\" data-id=\"f580cce\" data-element_type=\"widget\" data-e-type=\"widget\" data-widget_type=\"image.default\">\n\t\t\t\t<div class=\"elementor-widget-container\">\n\t\t\t\t\t\t\t\t\t\t\t\t\t\t\t<img decoding=\"async\" width=\"54\" height=\"50\" src=\"https:\/\/1nasty.com\/wp-content\/uploads\/2026\/01\/eIOE_1-3.png\" class=\"attachment-large size-large wp-image-4861 wvs-archive-product-image\" alt=\"\" srcset=\"https:\/\/1nasty.com\/wp-content\/uploads\/2026\/01\/eIOE_1-3.png 54w, https:\/\/1nasty.com\/wp-content\/uploads\/2026\/01\/eIOE_1-3-13x12.png 13w\" sizes=\"(max-width: 54px) 100vw, 54px\" \/>\t\t\t\t\t\t\t\t\t\t\t\t\t\t\t<\/div>\n\t\t\t\t<\/div>\n\t\t\t\t<div class=\"elementor-element elementor-element-323ece6 elementor-widget elementor-widget-heading\" data-id=\"323ece6\" data-element_type=\"widget\" data-e-type=\"widget\" data-widget_type=\"heading.default\">\n\t\t\t\t<div class=\"elementor-widget-container\">\n\t\t\t\t\t<h4 class=\"elementor-heading-title elementor-size-default\">KOSTENLOSE LIEFERUNG<\/h4>\t\t\t\t<\/div>\n\t\t\t\t<\/div>\n\t\t\t\t<div class=\"elementor-element elementor-element-1001096 elementor-widget elementor-widget-heading\" data-id=\"1001096\" data-element_type=\"widget\" data-e-type=\"widget\" data-widget_type=\"heading.default\">\n\t\t\t\t<div class=\"elementor-widget-container\">\n\t\t\t\t\t<h2 class=\"elementor-heading-title elementor-size-default\">f\u00fcr Bestellungen \u00fcber 150 PLN<\/h2>\t\t\t\t<\/div>\n\t\t\t\t<\/div>\n\t\t\t\t<\/div>\n\t\t<div class=\"elementor-element elementor-element-9e91667 e-con-full e-flex e-con e-child\" data-id=\"9e91667\" data-element_type=\"container\" data-e-type=\"container\">\n\t\t\t\t<div class=\"elementor-element elementor-element-d445378 elementor-widget elementor-widget-image\" data-id=\"d445378\" data-element_type=\"widget\" data-e-type=\"widget\" data-widget_type=\"image.default\">\n\t\t\t\t<div class=\"elementor-widget-container\">\n\t\t\t\t\t\t\t\t\t\t\t\t\t\t\t<img loading=\"lazy\" decoding=\"async\" width=\"78\" height=\"50\" src=\"https:\/\/1nasty.com\/wp-content\/uploads\/2026\/01\/eIOE_1.png\" class=\"attachment-large size-large wp-image-4854 wvs-archive-product-image\" alt=\"\" srcset=\"https:\/\/1nasty.com\/wp-content\/uploads\/2026\/01\/eIOE_1.png 78w, https:\/\/1nasty.com\/wp-content\/uploads\/2026\/01\/eIOE_1-18x12.png 18w, https:\/\/1nasty.com\/wp-content\/uploads\/2026\/01\/eIOE_1-64x41.png 64w\" sizes=\"(max-width: 78px) 100vw, 78px\" \/>\t\t\t\t\t\t\t\t\t\t\t\t\t\t\t<\/div>\n\t\t\t\t<\/div>\n\t\t\t\t<div class=\"elementor-element elementor-element-f54e169 elementor-widget elementor-widget-heading\" data-id=\"f54e169\" data-element_type=\"widget\" data-e-type=\"widget\" data-widget_type=\"heading.default\">\n\t\t\t\t<div class=\"elementor-widget-container\">\n\t\t\t\t\t<h4 class=\"elementor-heading-title elementor-size-default\">SCHNELLE LIEFERUNG<\/h4>\t\t\t\t<\/div>\n\t\t\t\t<\/div>\n\t\t\t\t<div class=\"elementor-element elementor-element-b120147 elementor-widget elementor-widget-heading\" data-id=\"b120147\" data-element_type=\"widget\" data-e-type=\"widget\" data-widget_type=\"heading.default\">\n\t\t\t\t<div class=\"elementor-widget-container\">\n\t\t\t\t\t<h2 class=\"elementor-heading-title elementor-size-default\">Bevor Sie etwas verpassen <br>hinter dem neuen Outfit<\/h2>\t\t\t\t<\/div>\n\t\t\t\t<\/div>\n\t\t\t\t<\/div>\n\t\t\t\t<\/div>\n\t\t\t\t<\/div>\n\t\t\t\t<\/div>\n\t\t\t\t<\/div>","protected":false},"excerpt":{"rendered":"<p>Zwroty \u00a7 10.Prawo odst\u0105pienia od Umowy Sprzeda\u017cy 1. Prawo odst\u0105pienia od Umowy zawartej na odleg\u0142o\u015b\u0107 nie przys\u0142uguje Konsumentowi w odniesieniu do umowy: 1) o \u015bwiadczenie us\u0142ug, je\u017celi Sprzedawca wykona\u0142 w pe\u0142ni us\u0142ug\u0119 za wyra\u017an\u0105 zgod\u0105 Konsumenta, kt\u00f3ry zosta\u0142 poinformowany przed rozpocz\u0119ciem \u015bwiadczenia, \u017ce po spe\u0142nieniu \u015bwiadczenia przez Sprzedawc\u0119 utraci prawo odst\u0105pienia od Umowy; 2) w [&hellip;]<\/p>","protected":false},"author":1,"featured_media":0,"parent":0,"menu_order":0,"comment_status":"closed","ping_status":"closed","template":"elementor_header_footer","meta":{"_acf_changed":false,"footnotes":""},"class_list":["post-1348","page","type-page","status-publish","hentry"],"acf":[],"yoast_head":"<!-- This site is optimized with the Yoast SEO plugin v26.1.1 - https:\/\/yoast.com\/wordpress\/plugins\/seo\/ -->\n<title>Zwroty - 1nasty<\/title>\n<meta name=\"robots\" content=\"index, follow, max-snippet:-1, max-image-preview:large, max-video-preview:-1\" \/>\n<link rel=\"canonical\" href=\"https:\/\/1nasty.com\/de\/zwroty\/\" \/>\n<meta property=\"og:locale\" content=\"de_DE\" \/>\n<meta property=\"og:type\" content=\"article\" \/>\n<meta property=\"og:title\" content=\"Zwroty - 1nasty\" \/>\n<meta property=\"og:description\" content=\"Zwroty \u00a7 10.Prawo odst\u0105pienia od Umowy Sprzeda\u017cy 1. Prawo odst\u0105pienia od Umowy zawartej na odleg\u0142o\u015b\u0107 nie przys\u0142uguje Konsumentowi w odniesieniu do umowy: 1) o \u015bwiadczenie us\u0142ug, je\u017celi Sprzedawca wykona\u0142 w pe\u0142ni us\u0142ug\u0119 za wyra\u017an\u0105 zgod\u0105 Konsumenta, kt\u00f3ry zosta\u0142 poinformowany przed rozpocz\u0119ciem \u015bwiadczenia, \u017ce po spe\u0142nieniu \u015bwiadczenia przez Sprzedawc\u0119 utraci prawo odst\u0105pienia od Umowy; 2) w [&hellip;]\" \/>\n<meta property=\"og:url\" content=\"https:\/\/1nasty.com\/de\/zwroty\/\" \/>\n<meta property=\"og:site_name\" content=\"1nasty\" \/>\n<meta property=\"article:modified_time\" content=\"2026-04-10T13:27:49+00:00\" \/>\n<meta property=\"og:image\" content=\"https:\/\/1nasty.com\/wp-content\/uploads\/2026\/01\/eIOE_1-2.png\" \/>\n\t<meta property=\"og:image:width\" content=\"52\" \/>\n\t<meta property=\"og:image:height\" content=\"50\" \/>\n\t<meta property=\"og:image:type\" content=\"image\/png\" \/>\n<meta name=\"twitter:card\" content=\"summary_large_image\" \/>\n<meta name=\"twitter:label1\" content=\"Gesch\u00e4tzte Lesezeit\" \/>\n\t<meta name=\"twitter:data1\" content=\"7\u00a0Minuten\" \/>\n<script type=\"application\/ld+json\" class=\"yoast-schema-graph\">{\"@context\":\"https:\/\/schema.org\",\"@graph\":[{\"@type\":\"WebPage\",\"@id\":\"https:\/\/1nasty.com\/zwroty\/\",\"url\":\"https:\/\/1nasty.com\/zwroty\/\",\"name\":\"Zwroty - 1nasty\",\"isPartOf\":{\"@id\":\"https:\/\/1nasty.com\/#website\"},\"primaryImageOfPage\":{\"@id\":\"https:\/\/1nasty.com\/zwroty\/#primaryimage\"},\"image\":{\"@id\":\"https:\/\/1nasty.com\/zwroty\/#primaryimage\"},\"thumbnailUrl\":\"https:\/\/1nasty.com\/wp-content\/uploads\/2026\/01\/eIOE_1-2.png\",\"datePublished\":\"2025-02-28T12:48:58+00:00\",\"dateModified\":\"2026-04-10T13:27:49+00:00\",\"breadcrumb\":{\"@id\":\"https:\/\/1nasty.com\/zwroty\/#breadcrumb\"},\"inLanguage\":\"de\",\"potentialAction\":[{\"@type\":\"ReadAction\",\"target\":[\"https:\/\/1nasty.com\/zwroty\/\"]}]},{\"@type\":\"ImageObject\",\"inLanguage\":\"de\",\"@id\":\"https:\/\/1nasty.com\/zwroty\/#primaryimage\",\"url\":\"https:\/\/1nasty.com\/wp-content\/uploads\/2026\/01\/eIOE_1-2.png\",\"contentUrl\":\"https:\/\/1nasty.com\/wp-content\/uploads\/2026\/01\/eIOE_1-2.png\"},{\"@type\":\"BreadcrumbList\",\"@id\":\"https:\/\/1nasty.com\/zwroty\/#breadcrumb\",\"itemListElement\":[{\"@type\":\"ListItem\",\"position\":1,\"name\":\"Strona g\u0142\u00f3wna\",\"item\":\"https:\/\/1nasty.com\/\"},{\"@type\":\"ListItem\",\"position\":2,\"name\":\"Zwroty\"}]},{\"@type\":\"WebSite\",\"@id\":\"https:\/\/1nasty.com\/#website\",\"url\":\"https:\/\/1nasty.com\/\",\"name\":\"1nasty\",\"description\":\"Luxury. Attitude. You!\",\"publisher\":{\"@id\":\"https:\/\/1nasty.com\/#organization\"},\"potentialAction\":[{\"@type\":\"SearchAction\",\"target\":{\"@type\":\"EntryPoint\",\"urlTemplate\":\"https:\/\/1nasty.com\/?s={search_term_string}\"},\"query-input\":{\"@type\":\"PropertyValueSpecification\",\"valueRequired\":true,\"valueName\":\"search_term_string\"}}],\"inLanguage\":\"de\"},{\"@type\":\"Organization\",\"@id\":\"https:\/\/1nasty.com\/#organization\",\"name\":\"1nasty\",\"url\":\"https:\/\/1nasty.com\/\",\"logo\":{\"@type\":\"ImageObject\",\"inLanguage\":\"de\",\"@id\":\"https:\/\/1nasty.com\/#\/schema\/logo\/image\/\",\"url\":\"https:\/\/1nasty.com\/wp-content\/uploads\/2024\/08\/f218434d670b74c1b50d2fa3ffcc3dab-e1725744934517.png\",\"contentUrl\":\"https:\/\/1nasty.com\/wp-content\/uploads\/2024\/08\/f218434d670b74c1b50d2fa3ffcc3dab-e1725744934517.png\",\"width\":268,\"height\":322,\"caption\":\"1nasty\"},\"image\":{\"@id\":\"https:\/\/1nasty.com\/#\/schema\/logo\/image\/\"}}]}<\/script>\n<!-- \/ Yoast SEO plugin. -->","yoast_head_json":{"title":"Zwroty - 1nasty","robots":{"index":"index","follow":"follow","max-snippet":"max-snippet:-1","max-image-preview":"max-image-preview:large","max-video-preview":"max-video-preview:-1"},"canonical":"https:\/\/1nasty.com\/de\/zwroty\/","og_locale":"de_DE","og_type":"article","og_title":"Zwroty - 1nasty","og_description":"Zwroty \u00a7 10.Prawo odst\u0105pienia od Umowy Sprzeda\u017cy 1. Prawo odst\u0105pienia od Umowy zawartej na odleg\u0142o\u015b\u0107 nie przys\u0142uguje Konsumentowi w odniesieniu do umowy: 1) o \u015bwiadczenie us\u0142ug, je\u017celi Sprzedawca wykona\u0142 w pe\u0142ni us\u0142ug\u0119 za wyra\u017an\u0105 zgod\u0105 Konsumenta, kt\u00f3ry zosta\u0142 poinformowany przed rozpocz\u0119ciem \u015bwiadczenia, \u017ce po spe\u0142nieniu \u015bwiadczenia przez Sprzedawc\u0119 utraci prawo odst\u0105pienia od Umowy; 2) w [&hellip;]","og_url":"https:\/\/1nasty.com\/de\/zwroty\/","og_site_name":"1nasty","article_modified_time":"2026-04-10T13:27:49+00:00","og_image":[{"width":52,"height":50,"url":"https:\/\/1nasty.com\/wp-content\/uploads\/2026\/01\/eIOE_1-2.png","type":"image\/png"}],"twitter_card":"summary_large_image","twitter_misc":{"Gesch\u00e4tzte Lesezeit":"7\u00a0Minuten"},"schema":{"@context":"https:\/\/schema.org","@graph":[{"@type":"WebPage","@id":"https:\/\/1nasty.com\/zwroty\/","url":"https:\/\/1nasty.com\/zwroty\/","name":"Zwroty - 1nasty","isPartOf":{"@id":"https:\/\/1nasty.com\/#website"},"primaryImageOfPage":{"@id":"https:\/\/1nasty.com\/zwroty\/#primaryimage"},"image":{"@id":"https:\/\/1nasty.com\/zwroty\/#primaryimage"},"thumbnailUrl":"https:\/\/1nasty.com\/wp-content\/uploads\/2026\/01\/eIOE_1-2.png","datePublished":"2025-02-28T12:48:58+00:00","dateModified":"2026-04-10T13:27:49+00:00","breadcrumb":{"@id":"https:\/\/1nasty.com\/zwroty\/#breadcrumb"},"inLanguage":"de","potentialAction":[{"@type":"ReadAction","target":["https:\/\/1nasty.com\/zwroty\/"]}]},{"@type":"ImageObject","inLanguage":"de","@id":"https:\/\/1nasty.com\/zwroty\/#primaryimage","url":"https:\/\/1nasty.com\/wp-content\/uploads\/2026\/01\/eIOE_1-2.png","contentUrl":"https:\/\/1nasty.com\/wp-content\/uploads\/2026\/01\/eIOE_1-2.png"},{"@type":"BreadcrumbList","@id":"https:\/\/1nasty.com\/zwroty\/#breadcrumb","itemListElement":[{"@type":"ListItem","position":1,"name":"Strona g\u0142\u00f3wna","item":"https:\/\/1nasty.com\/"},{"@type":"ListItem","position":2,"name":"Zwroty"}]},{"@type":"WebSite","@id":"https:\/\/1nasty.com\/#website","url":"https:\/\/1nasty.com\/","name":"1.","description":"Luxus. Haltung. Sie!","publisher":{"@id":"https:\/\/1nasty.com\/#organization"},"potentialAction":[{"@type":"SearchAction","target":{"@type":"EntryPoint","urlTemplate":"https:\/\/1nasty.com\/?s={search_term_string}"},"query-input":{"@type":"PropertyValueSpecification","valueRequired":true,"valueName":"search_term_string"}}],"inLanguage":"de"},{"@type":"Organization","@id":"https:\/\/1nasty.com\/#organization","name":"1.","url":"https:\/\/1nasty.com\/","logo":{"@type":"ImageObject","inLanguage":"de","@id":"https:\/\/1nasty.com\/#\/schema\/logo\/image\/","url":"https:\/\/1nasty.com\/wp-content\/uploads\/2024\/08\/f218434d670b74c1b50d2fa3ffcc3dab-e1725744934517.png","contentUrl":"https:\/\/1nasty.com\/wp-content\/uploads\/2024\/08\/f218434d670b74c1b50d2fa3ffcc3dab-e1725744934517.png","width":268,"height":322,"caption":"1nasty"},"image":{"@id":"https:\/\/1nasty.com\/#\/schema\/logo\/image\/"}}]}},"_links":{"self":[{"href":"https:\/\/1nasty.com\/de\/wp-json\/wp\/v2\/pages\/1348","targetHints":{"allow":["GET"]}}],"collection":[{"href":"https:\/\/1nasty.com\/de\/wp-json\/wp\/v2\/pages"}],"about":[{"href":"https:\/\/1nasty.com\/de\/wp-json\/wp\/v2\/types\/page"}],"author":[{"embeddable":true,"href":"https:\/\/1nasty.com\/de\/wp-json\/wp\/v2\/users\/1"}],"replies":[{"embeddable":true,"href":"https:\/\/1nasty.com\/de\/wp-json\/wp\/v2\/comments?post=1348"}],"version-history":[{"count":31,"href":"https:\/\/1nasty.com\/de\/wp-json\/wp\/v2\/pages\/1348\/revisions"}],"predecessor-version":[{"id":7828,"href":"https:\/\/1nasty.com\/de\/wp-json\/wp\/v2\/pages\/1348\/revisions\/7828"}],"wp:attachment":[{"href":"https:\/\/1nasty.com\/de\/wp-json\/wp\/v2\/media?parent=1348"}],"curies":[{"name":"wp","href":"https:\/\/api.w.org\/{rel}","templated":true}]}}