{"id":6643,"date":"2026-02-18T17:26:40","date_gmt":"2026-02-18T16:26:40","guid":{"rendered":"https:\/\/1nasty.com\/?post_type=product&#038;p=6643"},"modified":"2026-03-25T16:34:27","modified_gmt":"2026-03-25T15:34:27","slug":"brelok-1nasty-crew","status":"publish","type":"product","link":"https:\/\/1nasty.com\/cs\/produkt\/brelok-1nasty-crew\/","title":{"rendered":"1Nasty p\u0159\u00edv\u011bsek na kl\u00ed\u010de - Crew"},"content":{"rendered":"<p data-start=\"412\" data-end=\"604\">P\u0159\u00edv\u011bsek na kl\u00ed\u010de 1Nasty - Crew dopl\u0148uje kolekci jako v\u00fdrazn\u00fd, rafinovan\u00fd detail. Navrhli jsme ji v estetice zna\u010dky, tak\u017ee podtrhuje charakter ta\u0161ky, batohu nebo kl\u00ed\u010d\u016f bez zbyte\u010dnost\u00ed.<\/p>\n<p data-start=\"606\" data-end=\"877\">Kovov\u00e9 p\u0159\u00edv\u011bsky s v\u00fdrazn\u00fdm leskem v kombinaci s \u010dernou bambul\u00ed vytv\u00e1\u0159ej\u00ed kontrast mezi hladk\u00fdm povrchem kovu a jemnou strukturou materi\u00e1lu. Logo a monogram 1Nasty vytv\u00e1\u0159ej\u00ed rozpoznatelnou kompozici a z\u00e1rove\u0148 z\u016fst\u00e1vaj\u00ed v souladu s lini\u00ed dopl\u0148k\u016f.<\/p>\n<p data-start=\"879\" data-end=\"1106\">Ka\u017ed\u00fd <strong data-start=\"885\" data-end=\"910\">pr\u00e9miov\u00fd d\u00e1msk\u00fd p\u0159\u00edv\u011bsek na kl\u00ed\u010de <\/strong>Tvo\u0159\u00edme v r\u00e1mci v\u00fdb\u011brov\u00fdch s\u00e9ri\u00ed, proto\u017ee m\u00e1me r\u00e1di kontrolu nad proporcemi a povrchovou \u00fapravou. Kontrolujeme hmotnost p\u0159\u00edv\u011bsk\u016f a jejich uspo\u0159\u00e1d\u00e1n\u00ed, tak\u017ee detail nedominuje form\u011b, ale naopak ji zv\u00fdraz\u0148uje.<\/p>\n<hr data-start=\"1108\" data-end=\"1111\" \/>\n<h2 data-start=\"1113\" data-end=\"1138\">Design a odolnost<\/h2>\n<p data-start=\"1140\" data-end=\"1389\">Robustn\u00ed kovov\u00e1 karabina umo\u017e\u0148uje rychl\u00e9 p\u0159ipnut\u00ed kl\u00ed\u010denky k ta\u0161ce, batohu nebo kl\u00ed\u010d\u016fm, tak\u017ee jej\u00ed pou\u017e\u00edv\u00e1n\u00ed z\u016fst\u00e1v\u00e1 pohodln\u00e9. P\u0159\u00edv\u011bsky z\u016fst\u00e1vaj\u00ed stabiln\u00ed p\u0159i ka\u017edodenn\u00edm pou\u017e\u00edv\u00e1n\u00ed, zat\u00edmco bambule p\u0159edstavuje jemn\u00fd vizu\u00e1ln\u00ed kontrast.<\/p>\n<p data-start=\"1391\" data-end=\"1442\">Model je k dispozici ve dvou povrchov\u00fdch \u00faprav\u00e1ch:<\/p>\n<ul data-start=\"1443\" data-end=\"1478\">\n<li data-start=\"1443\" data-end=\"1459\">\n<p data-start=\"1445\" data-end=\"1459\">zlat\u00e9 detaily<\/p>\n<\/li>\n<li data-start=\"1460\" data-end=\"1478\">\n<p data-start=\"1462\" data-end=\"1478\">st\u0159\u00edbrn\u00e9 detaily<\/p>\n<\/li>\n<\/ul>\n<p data-start=\"1480\" data-end=\"1613\">Ob\u011b verze se hod\u00ed k ta\u0161k\u00e1m z kolekce \u2192. <strong data-start=\"1526\" data-end=\"1559\"><a class=\"decorated-link cursor-pointer\" href=\"https:\/\/1nasty.com\/cs\/produkt\/torba-1nasty-crew\/\" rel=\"noopener\" data-start=\"1528\" data-end=\"1557\">Pos\u00e1dka 1Nasty<\/a><\/strong>,tak\u017ee jej m\u016f\u017eete snadno sladit s ostatn\u00edm p\u0159\u00edslu\u0161enstv\u00edm. <a href=\"https:\/\/www.instagram.com\/p\/DUvpFpiio8_\/\">viz video<\/a><\/p>\n<hr data-start=\"1615\" data-end=\"1618\" \/>\n<h2 data-start=\"1620\" data-end=\"1642\">Soulad se sb\u00edrkou<\/h2>\n<p data-start=\"1644\" data-end=\"1812\">Pr\u00e9miov\u00e1 kl\u00ed\u010denka 1Nasty - Crew je logick\u00fdm dopl\u0148kem dopl\u0148k\u016f zna\u010dky. M\u016f\u017eete si ji p\u0159ipevnit na v\u00edkendovou ta\u0161ku nebo batoh nebo ji pou\u017e\u00edt jako kl\u00ed\u010denku.<\/p>\n<p data-start=\"1814\" data-end=\"1977\">Tento detail nav\u00edc organizuje estetiku a posiluje charakter stylu. Nem\u00e1 pouze utilit\u00e1rn\u00ed funkci, ale z\u00e1rove\u0148 buduje uzn\u00e1n\u00ed kolekce.<\/p>\n<hr data-start=\"1979\" data-end=\"1982\" \/>\n<h2 data-start=\"1984\" data-end=\"2037\">Pro\u010d si vybrat pr\u00e9miov\u00fd d\u00e1msk\u00fd p\u0159\u00edv\u011bsek na kl\u00ed\u010de 1Nasty?<\/h2>\n<ul data-start=\"2039\" data-end=\"2179\">\n<li data-start=\"2039\" data-end=\"2071\">\n<p data-start=\"2041\" data-end=\"2071\">v\u00fdrazn\u00e9, propracovan\u00e9 detaily<\/p>\n<\/li>\n<li data-start=\"2072\" data-end=\"2100\">\n<p data-start=\"2074\" data-end=\"2100\">odoln\u00e9 kovov\u00e9 sou\u010d\u00e1sti<\/p>\n<\/li>\n<li data-start=\"2101\" data-end=\"2121\">\n<p data-start=\"2103\" data-end=\"2121\">robustn\u00ed upevn\u011bn\u00ed<\/p>\n<\/li>\n<li data-start=\"2122\" data-end=\"2145\">\n<p data-start=\"2124\" data-end=\"2145\">prov\u00e1zanost se sb\u00edrkou<\/p>\n<\/li>\n<li data-start=\"2146\" data-end=\"2179\">\n<p data-start=\"2148\" data-end=\"2179\">selektivn\u00ed povaha v\u00fdrobku<\/p>\n<\/li>\n<\/ul>\n<p data-start=\"2181\" data-end=\"2289\">1Nasty Crew kombinuje funkci s formou, a je proto promy\u0161len\u00fdm stylov\u00fdm prvkem.<\/p>\n<hr data-start=\"286\" data-end=\"289\" \/>\n<h2 data-start=\"291\" data-end=\"321\">Detail, kter\u00fd m\u011bn\u00ed vn\u00edm\u00e1n\u00ed<\/h2>\n<p data-start=\"323\" data-end=\"799\">U dopl\u0148k\u016f je to pr\u00e1v\u011b proporce, kter\u00e1 ur\u010duje vn\u00edm\u00e1n\u00ed celkov\u00e9ho stylu. Proto jsme se p\u0159i navrhov\u00e1n\u00ed pr\u00e9miov\u00e9 d\u00e1msk\u00e9 kl\u00ed\u010denky 1Nasty Crew zam\u011b\u0159ili nejen na vzhled, ale tak\u00e9 na vztah mezi jednotliv\u00fdmi prvky. Kovov\u00e9 p\u0159\u00edv\u011bsky maj\u00ed jasnou formu, zat\u00edmco bambule kompozici zjem\u0148uje a dod\u00e1v\u00e1 j\u00ed rovnov\u00e1hu. D\u00edky tomu kl\u00ed\u010denka nep\u016fsob\u00ed nahodile, ale je promy\u0161len\u00fdm stylistick\u00fdm prvkem. D\u016fle\u017eit\u00e9 je, \u017ee jej\u00ed p\u0159\u00edtomnost je patrn\u00e1, ale z\u00e1rove\u0148 ta\u0161ce ani batohu nedominuje.<\/p>","protected":false},"excerpt":{"rendered":"<p>1Nasty p\u0159\u00edv\u011bsek na kl\u00ed\u010de - s\u00edla a styl v detailu. Dod\u00e1 charakter va\u0161im kl\u00ed\u010d\u016fm, ta\u0161ce nebo batohu. Kombinuje sportovn\u00edho ducha s designov\u00fdm zpracov\u00e1n\u00edm.<\/p>","protected":false},"featured_media":3080,"template":"","meta":{"_acf_changed":false},"product_brand":[558],"product_cat":[76,442,72,48],"product_tag":[77,485,508,337,330,495,338,339,493,333,336,492,332,331,335,334,494,501,496,502,500,505,498,504,499,325,328,503,506,507,497],"class_list":{"0":"post-6643","1":"product","2":"type-product","3":"status-publish","4":"has-post-thumbnail","6":"product_brand-1nasty","7":"product_cat-akcesoria","8":"product_cat-brelok","9":"product_cat-crew","10":"product_cat-nowosci","11":"product_tag-akcesoria","12":"product_tag-akcesoria-1nasty","13":"product_tag-bag-pendant","14":"product_tag-brelok-i-can","15":"product_tag-brelok-1nasty-crew","16":"product_tag-brelok-damski","17":"product_tag-brelok-designerski","18":"product_tag-brelok-do-kluczy","19":"product_tag-brelok-do-torebki","20":"product_tag-brelok-metalowy","21":"product_tag-brelok-motywacyjny","22":"product_tag-brelok-nasty","23":"product_tag-brelok-sportowy","24":"product_tag-brelok-streetwear","25":"product_tag-brelok-unisex","26":"product_tag-brelok-z-karabinczykiem","27":"product_tag-brelok-z-logo","28":"product_tag-designer-keyring","29":"product_tag-dodatek-streetwear","30":"product_tag-fashion-keychain","31":"product_tag-keychain-with-logo","32":"product_tag-metal-logo-keychain","33":"product_tag-modny-brelok","34":"product_tag-nasty-bag-charm","35":"product_tag-nasty-keychain","36":"product_tag-plecak-unisex","37":"product_tag-plecaki-polska-marka","38":"product_tag-streetwear-charm","39":"product_tag-urban-accessory","40":"product_tag-womens-keyring","41":"product_tag-zawieszka-do-torby","43":"first","44":"instock","45":"shipping-taxable","46":"purchasable","47":"product-type-variable","48":"has-default-attributes","49":"wvs-archive-product-wrapper"},"acf":[],"yoast_head":"<!-- This site is optimized with the Yoast SEO plugin v26.1.1 - https:\/\/yoast.com\/wordpress\/plugins\/seo\/ -->\n<title>Brelok 1Nasty \u2013 Crew - 1nasty<\/title>\n<meta name=\"description\" content=\"Brelok damski premium 1Nasty Crew z metalowymi detalami i czarnym pomponem. Limitowana seria, dopracowana forma i estetyka marki.\" \/>\n<meta name=\"robots\" content=\"index, follow, max-snippet:-1, max-image-preview:large, max-video-preview:-1\" \/>\n<link rel=\"canonical\" href=\"https:\/\/1nasty.com\/cs\/produkt\/brelok-1nasty-crew\/\" \/>\n<meta property=\"og:locale\" content=\"cs_CZ\" \/>\n<meta property=\"og:type\" content=\"article\" \/>\n<meta property=\"og:title\" content=\"Brelok 1Nasty \u2013 Crew - 1nasty\" \/>\n<meta property=\"og:description\" content=\"Brelok damski premium 1Nasty Crew z metalowymi detalami i czarnym pomponem. Limitowana seria, dopracowana forma i estetyka marki.\" \/>\n<meta property=\"og:url\" content=\"https:\/\/1nasty.com\/cs\/produkt\/brelok-1nasty-crew\/\" \/>\n<meta property=\"og:site_name\" content=\"1nasty\" \/>\n<meta property=\"article:modified_time\" content=\"2026-03-25T15:34:27+00:00\" \/>\n<meta property=\"og:image\" content=\"https:\/\/1nasty.com\/wp-content\/uploads\/2025\/10\/DL0A4916-Kopiowanie-scaled.jpg\" \/>\n\t<meta property=\"og:image:width\" content=\"1920\" \/>\n\t<meta property=\"og:image:height\" content=\"1280\" \/>\n\t<meta property=\"og:image:type\" content=\"image\/jpeg\" \/>\n<meta name=\"twitter:card\" content=\"summary_large_image\" \/>\n<meta name=\"twitter:label1\" content=\"Odhadovan\u00e1 doba \u010dten\u00ed\" \/>\n\t<meta name=\"twitter:data1\" content=\"3 minuty\" \/>\n<script type=\"application\/ld+json\" class=\"yoast-schema-graph\">{\"@context\":\"https:\/\/schema.org\",\"@graph\":[{\"@type\":\"WebPage\",\"@id\":\"https:\/\/1nasty.com\/produkt\/brelok-1nasty-crew\/\",\"url\":\"https:\/\/1nasty.com\/produkt\/brelok-1nasty-crew\/\",\"name\":\"Brelok 1Nasty \u2013 Crew - 1nasty\",\"isPartOf\":{\"@id\":\"https:\/\/1nasty.com\/#website\"},\"primaryImageOfPage\":{\"@id\":\"https:\/\/1nasty.com\/produkt\/brelok-1nasty-crew\/#primaryimage\"},\"image\":{\"@id\":\"https:\/\/1nasty.com\/produkt\/brelok-1nasty-crew\/#primaryimage\"},\"thumbnailUrl\":\"https:\/\/1nasty.com\/wp-content\/uploads\/2025\/10\/DL0A4916-Kopiowanie-scaled.jpg\",\"datePublished\":\"2026-02-18T16:26:40+00:00\",\"dateModified\":\"2026-03-25T15:34:27+00:00\",\"description\":\"Brelok damski premium 1Nasty Crew z metalowymi detalami i czarnym pomponem. Limitowana seria, dopracowana forma i estetyka marki.\",\"breadcrumb\":{\"@id\":\"https:\/\/1nasty.com\/produkt\/brelok-1nasty-crew\/#breadcrumb\"},\"inLanguage\":\"cs\",\"potentialAction\":[{\"@type\":\"ReadAction\",\"target\":[\"https:\/\/1nasty.com\/produkt\/brelok-1nasty-crew\/\"]}]},{\"@type\":\"ImageObject\",\"inLanguage\":\"cs\",\"@id\":\"https:\/\/1nasty.com\/produkt\/brelok-1nasty-crew\/#primaryimage\",\"url\":\"https:\/\/1nasty.com\/wp-content\/uploads\/2025\/10\/DL0A4916-Kopiowanie-scaled.jpg\",\"contentUrl\":\"https:\/\/1nasty.com\/wp-content\/uploads\/2025\/10\/DL0A4916-Kopiowanie-scaled.jpg\",\"width\":1920,\"height\":1280,\"caption\":\"GOLD Brelok 1Nasty \u2013 Crew\"},{\"@type\":\"BreadcrumbList\",\"@id\":\"https:\/\/1nasty.com\/produkt\/brelok-1nasty-crew\/#breadcrumb\",\"itemListElement\":[{\"@type\":\"ListItem\",\"position\":1,\"name\":\"Strona g\u0142\u00f3wna\",\"item\":\"https:\/\/1nasty.com\/\"},{\"@type\":\"ListItem\",\"position\":2,\"name\":\"Sklep\",\"item\":\"https:\/\/1nasty.com\/?page_id=29\"},{\"@type\":\"ListItem\",\"position\":3,\"name\":\"Brelok 1Nasty \u2013 Crew\"}]},{\"@type\":\"WebSite\",\"@id\":\"https:\/\/1nasty.com\/#website\",\"url\":\"https:\/\/1nasty.com\/\",\"name\":\"1nasty\",\"description\":\"Luxury. Attitude. You!\",\"publisher\":{\"@id\":\"https:\/\/1nasty.com\/#organization\"},\"potentialAction\":[{\"@type\":\"SearchAction\",\"target\":{\"@type\":\"EntryPoint\",\"urlTemplate\":\"https:\/\/1nasty.com\/?s={search_term_string}\"},\"query-input\":{\"@type\":\"PropertyValueSpecification\",\"valueRequired\":true,\"valueName\":\"search_term_string\"}}],\"inLanguage\":\"cs\"},{\"@type\":\"Organization\",\"@id\":\"https:\/\/1nasty.com\/#organization\",\"name\":\"1nasty\",\"url\":\"https:\/\/1nasty.com\/\",\"logo\":{\"@type\":\"ImageObject\",\"inLanguage\":\"cs\",\"@id\":\"https:\/\/1nasty.com\/#\/schema\/logo\/image\/\",\"url\":\"https:\/\/1nasty.com\/wp-content\/uploads\/2024\/08\/f218434d670b74c1b50d2fa3ffcc3dab-e1725744934517.png\",\"contentUrl\":\"https:\/\/1nasty.com\/wp-content\/uploads\/2024\/08\/f218434d670b74c1b50d2fa3ffcc3dab-e1725744934517.png\",\"width\":268,\"height\":322,\"caption\":\"1nasty\"},\"image\":{\"@id\":\"https:\/\/1nasty.com\/#\/schema\/logo\/image\/\"}}]}<\/script>\n<!-- \/ Yoast SEO plugin. -->","yoast_head_json":{"title":"Brelok 1Nasty \u2013 Crew - 1nasty","description":"Brelok damski premium 1Nasty Crew z metalowymi detalami i czarnym pomponem. Limitowana seria, dopracowana forma i estetyka marki.","robots":{"index":"index","follow":"follow","max-snippet":"max-snippet:-1","max-image-preview":"max-image-preview:large","max-video-preview":"max-video-preview:-1"},"canonical":"https:\/\/1nasty.com\/cs\/produkt\/brelok-1nasty-crew\/","og_locale":"cs_CZ","og_type":"article","og_title":"Brelok 1Nasty \u2013 Crew - 1nasty","og_description":"Brelok damski premium 1Nasty Crew z metalowymi detalami i czarnym pomponem. Limitowana seria, dopracowana forma i estetyka marki.","og_url":"https:\/\/1nasty.com\/cs\/produkt\/brelok-1nasty-crew\/","og_site_name":"1nasty","article_modified_time":"2026-03-25T15:34:27+00:00","og_image":[{"width":1920,"height":1280,"url":"https:\/\/1nasty.com\/wp-content\/uploads\/2025\/10\/DL0A4916-Kopiowanie-scaled.jpg","type":"image\/jpeg"}],"twitter_card":"summary_large_image","twitter_misc":{"Odhadovan\u00e1 doba \u010dten\u00ed":"3 minuty"},"schema":{"@context":"https:\/\/schema.org","@graph":[{"@type":"WebPage","@id":"https:\/\/1nasty.com\/produkt\/brelok-1nasty-crew\/","url":"https:\/\/1nasty.com\/produkt\/brelok-1nasty-crew\/","name":"Brelok 1Nasty \u2013 Crew - 1nasty","isPartOf":{"@id":"https:\/\/1nasty.com\/#website"},"primaryImageOfPage":{"@id":"https:\/\/1nasty.com\/produkt\/brelok-1nasty-crew\/#primaryimage"},"image":{"@id":"https:\/\/1nasty.com\/produkt\/brelok-1nasty-crew\/#primaryimage"},"thumbnailUrl":"https:\/\/1nasty.com\/wp-content\/uploads\/2025\/10\/DL0A4916-Kopiowanie-scaled.jpg","datePublished":"2026-02-18T16:26:40+00:00","dateModified":"2026-03-25T15:34:27+00:00","description":"Brelok damski premium 1Nasty Crew z metalowymi detalami i czarnym pomponem. Limitowana seria, dopracowana forma i estetyka marki.","breadcrumb":{"@id":"https:\/\/1nasty.com\/produkt\/brelok-1nasty-crew\/#breadcrumb"},"inLanguage":"cs","potentialAction":[{"@type":"ReadAction","target":["https:\/\/1nasty.com\/produkt\/brelok-1nasty-crew\/"]}]},{"@type":"ImageObject","inLanguage":"cs","@id":"https:\/\/1nasty.com\/produkt\/brelok-1nasty-crew\/#primaryimage","url":"https:\/\/1nasty.com\/wp-content\/uploads\/2025\/10\/DL0A4916-Kopiowanie-scaled.jpg","contentUrl":"https:\/\/1nasty.com\/wp-content\/uploads\/2025\/10\/DL0A4916-Kopiowanie-scaled.jpg","width":1920,"height":1280,"caption":"GOLD Brelok 1Nasty \u2013 Crew"},{"@type":"BreadcrumbList","@id":"https:\/\/1nasty.com\/produkt\/brelok-1nasty-crew\/#breadcrumb","itemListElement":[{"@type":"ListItem","position":1,"name":"Strona g\u0142\u00f3wna","item":"https:\/\/1nasty.com\/"},{"@type":"ListItem","position":2,"name":"Sklep","item":"https:\/\/1nasty.com\/?page_id=29"},{"@type":"ListItem","position":3,"name":"Brelok 1Nasty \u2013 Crew"}]},{"@type":"WebSite","@id":"https:\/\/1nasty.com\/#website","url":"https:\/\/1nasty.com\/","name":"1.","description":"Luxus. Postoj. Vy!","publisher":{"@id":"https:\/\/1nasty.com\/#organization"},"potentialAction":[{"@type":"SearchAction","target":{"@type":"EntryPoint","urlTemplate":"https:\/\/1nasty.com\/?s={search_term_string}"},"query-input":{"@type":"PropertyValueSpecification","valueRequired":true,"valueName":"search_term_string"}}],"inLanguage":"cs"},{"@type":"Organization","@id":"https:\/\/1nasty.com\/#organization","name":"1.","url":"https:\/\/1nasty.com\/","logo":{"@type":"ImageObject","inLanguage":"cs","@id":"https:\/\/1nasty.com\/#\/schema\/logo\/image\/","url":"https:\/\/1nasty.com\/wp-content\/uploads\/2024\/08\/f218434d670b74c1b50d2fa3ffcc3dab-e1725744934517.png","contentUrl":"https:\/\/1nasty.com\/wp-content\/uploads\/2024\/08\/f218434d670b74c1b50d2fa3ffcc3dab-e1725744934517.png","width":268,"height":322,"caption":"1nasty"},"image":{"@id":"https:\/\/1nasty.com\/#\/schema\/logo\/image\/"}}]}},"_links":{"self":[{"href":"https:\/\/1nasty.com\/cs\/wp-json\/wp\/v2\/product\/6643","targetHints":{"allow":["GET"]}}],"collection":[{"href":"https:\/\/1nasty.com\/cs\/wp-json\/wp\/v2\/product"}],"about":[{"href":"https:\/\/1nasty.com\/cs\/wp-json\/wp\/v2\/types\/product"}],"wp:featuredmedia":[{"embeddable":true,"href":"https:\/\/1nasty.com\/cs\/wp-json\/wp\/v2\/media\/3080"}],"wp:attachment":[{"href":"https:\/\/1nasty.com\/cs\/wp-json\/wp\/v2\/media?parent=6643"}],"wp:term":[{"taxonomy":"product_brand","embeddable":true,"href":"https:\/\/1nasty.com\/cs\/wp-json\/wp\/v2\/product_brand?post=6643"},{"taxonomy":"product_cat","embeddable":true,"href":"https:\/\/1nasty.com\/cs\/wp-json\/wp\/v2\/product_cat?post=6643"},{"taxonomy":"product_tag","embeddable":true,"href":"https:\/\/1nasty.com\/cs\/wp-json\/wp\/v2\/product_tag?post=6643"}],"curies":[{"name":"wp","href":"https:\/\/api.w.org\/{rel}","templated":true}]}}