{"id":2442,"date":"2025-07-26T18:55:31","date_gmt":"2025-07-26T16:55:31","guid":{"rendered":"https:\/\/1nasty.com\/?post_type=product&#038;p=2442"},"modified":"2026-04-04T09:38:52","modified_gmt":"2026-04-04T07:38:52","slug":"drift-dress","status":"publish","type":"product","link":"https:\/\/1nasty.com\/cs\/produkt\/drift-dress\/","title":{"rendered":"\u0160aty - CHROMA VIXEN: DRIFT DRESS"},"content":{"rendered":"<h2 data-section-id=\"vbv886\" data-start=\"252\" data-end=\"327\">\u0160aty - CHROMA VIXEN Drift Dress - design, kter\u00fd funguje i na cest\u00e1ch<\/h2>\n<p data-start=\"329\" data-end=\"647\"><strong data-start=\"329\" data-end=\"366\">CHROMA VIXEN Drift Dress<\/strong> byla navr\u017eena na z\u00e1klad\u011b pohybu siluety, tak\u017ee jej\u00ed konstrukce je zalo\u017eena na kontrastn\u00edch barevn\u00fdch panelech, kter\u00e9 vedou linii t\u011bla a z\u00e1rove\u0148 opticky prodlu\u017euj\u00ed proporce. Silueta tak z\u016fst\u00e1v\u00e1 jasn\u00e1 a celkov\u00fd tvar si zachov\u00e1v\u00e1 dynamick\u00fd charakter.<\/p>\n<p data-start=\"649\" data-end=\"954\">Technick\u00fd zip na p\u0159edn\u00ed stran\u011b dod\u00e1v\u00e1 designu modern\u00ed estetiku, zat\u00edmco vysok\u00fd pas stabilizuje proporce a zd\u016fraz\u0148uje linii bok\u016f. V\u00fdsledkem je <strong data-start=\"803\" data-end=\"831\">CHROMA VIXEN Drift Dress<\/strong> kombinuje elegantn\u00ed siluetu midi \u0161at\u016f s konstrukc\u00ed, kter\u00e1 je navr\u017eena tak, aby spolupracovala s pohybem t\u011bla.<\/p>\n<p data-start=\"956\" data-end=\"1170\">Bo\u010dn\u00ed rozparky se zipy p\u0159i ch\u016fzi je\u0161t\u011b v\u00edce rozev\u00edraj\u00ed linii \u0161at\u016f, tak\u017ee l\u00e1tka reaguje na ka\u017ed\u00fd krok. To dod\u00e1v\u00e1 siluet\u011b lehkost a z\u00e1rove\u0148 zachov\u00e1v\u00e1 jasn\u00fd, kontrolovan\u00fd tvar.<\/p>\n<hr data-start=\"1172\" data-end=\"1175\" \/>\n<h2 data-section-id=\"qw21a0\" data-start=\"1177\" data-end=\"1200\">Design a detaily<\/h2>\n<p data-start=\"1202\" data-end=\"1421\">Model je navr\u017een s panelovou konstrukc\u00ed, kter\u00e1 tvaruje siluetu, ale nep\u0159id\u00e1v\u00e1 j\u00ed na objemu. D\u00edky tomu si \u0161aty zachov\u00e1vaj\u00ed \u010distou linii a z\u00e1rove\u0148 z\u016fst\u00e1vaj\u00ed vizu\u00e1ln\u011b v\u00fdrazn\u00e9.<\/p>\n<p data-start=\"1423\" data-end=\"1458\">Mezi kl\u00ed\u010dov\u00e9 prvky projektu pat\u0159\u00ed:<\/p>\n<ul data-start=\"1460\" data-end=\"1877\">\n<li data-section-id=\"1arikg0\" data-start=\"1460\" data-end=\"1534\">\n<p data-start=\"1462\" data-end=\"1534\">vypasovan\u00fd top s technick\u00fdm zipem pro stabilizaci v\u00fdst\u0159ihu<\/p>\n<\/li>\n<li data-section-id=\"17781kk\" data-start=\"1535\" data-end=\"1616\">\n<p data-start=\"1537\" data-end=\"1616\">panelov\u00e1 konstrukce, kter\u00e1 tvaruje siluetu, tak\u017ee proporce z\u016fst\u00e1vaj\u00ed jasn\u00e9.<\/p>\n<\/li>\n<li data-section-id=\"1nc3qxv\" data-start=\"1617\" data-end=\"1672\">\n<p data-start=\"1619\" data-end=\"1672\">p\u00e1s s vysok\u00fdm pasem, kter\u00fd zv\u00fdraz\u0148uje linii pasu a bok\u016f.<\/p>\n<\/li>\n<li data-section-id=\"19280jb\" data-start=\"1673\" data-end=\"1753\">\n<p data-start=\"1675\" data-end=\"1753\">bo\u010dn\u00ed rozparky se zipy pro dynami\u010dt\u011bj\u0161\u00ed pohyb<\/p>\n<\/li>\n<li data-section-id=\"8pnz2o\" data-start=\"1754\" data-end=\"1812\">\n<p data-start=\"1756\" data-end=\"1812\">midi d\u00e9lka, kter\u00e1 vyrovn\u00e1v\u00e1 proporce cel\u00e9 siluety.<\/p>\n<\/li>\n<li data-section-id=\"i23d1k\" data-start=\"1813\" data-end=\"1877\">\n<p data-start=\"1815\" data-end=\"1877\">kontrastn\u00ed barevn\u00e9 panely lemuj\u00edc\u00ed karoserii<\/p>\n<\/li>\n<\/ul>\n<p data-start=\"1879\" data-end=\"2011\">D\u00edky tomuto designu <strong data-start=\"1905\" data-end=\"1933\">CHROMA VIXEN Drift Dress<\/strong> zachov\u00e1v\u00e1 modern\u00ed formu a z\u00e1rove\u0148 zd\u016fraz\u0148uje p\u0159irozen\u00fd pohyb siluety.<\/p>\n<hr data-start=\"1047\" data-end=\"1050\" \/>\n<h2 data-section-id=\"1i17v98\" data-start=\"2018\" data-end=\"2059\">\u0160aty - CHROMA VIXEN - DNA kolekce<\/h2>\n<p data-start=\"2061\" data-end=\"2248\"><strong data-start=\"2061\" data-end=\"2077\">CHROMA VIXEN<\/strong> je linie inspirovan\u00e1 energi\u00ed no\u010dn\u00edho m\u011bsta. Neony, sv\u011btla a barevn\u00e9 odlesky na mokr\u00e9m asfaltu vytv\u00e1\u0159ej\u00ed vizu\u00e1ln\u00ed rytmus, kter\u00fd se stal v\u00fdchoz\u00edm bodem cel\u00e9 kolekce.<\/p>\n<p data-start=\"2250\" data-end=\"2526\">Proto jsou n\u00e1vrhy t\u00e9to \u0159ady zalo\u017eeny na kontrastn\u00edch barevn\u00fdch panelech, kter\u00e9 nejen p\u0159itahuj\u00ed pozornost, ale tak\u00e9 modeluj\u00ed siluetu a vedou linii t\u011bla. Sou\u010dasn\u011b z\u016fst\u00e1v\u00e1 design strukturovan\u00fd, proto\u017ee ka\u017ed\u00fd designov\u00fd prvek m\u00e1 svou specifickou funkci.<\/p>\n<p data-start=\"2528\" data-end=\"2696\"><strong data-start=\"2528\" data-end=\"2543\">Driftovac\u00ed \u0161aty<\/strong> je jedn\u00edm z nejdynami\u010dt\u011bj\u0161\u00edch model\u016f kolekce, proto\u017ee kombinuje jasn\u00fd barevn\u00fd kontrast s designem, kter\u00fd spolupracuje s pohybem siluety.<\/p>\n<hr data-start=\"1460\" data-end=\"1463\" \/>\n<h1 data-section-id=\"14s6jcp\" data-start=\"1465\" data-end=\"1486\">Kl\u00ed\u010dov\u00e9 vlastnosti \u0161at\u016f<\/h1>\n<ul data-start=\"1488\" data-end=\"1750\">\n<li data-section-id=\"1mo2z0o\" data-start=\"1488\" data-end=\"1529\">\n<p data-start=\"1490\" data-end=\"1529\">P\u0159il\u00e9hav\u00fd top s technick\u00fdm zipem<\/p>\n<\/li>\n<li data-section-id=\"1f1wqp9\" data-start=\"1530\" data-end=\"1572\">\n<p data-start=\"1532\" data-end=\"1572\">kontrastn\u00ed panely pro tvarov\u00e1n\u00ed siluety<\/p>\n<\/li>\n<li data-section-id=\"1vdwx1m\" data-start=\"1573\" data-end=\"1603\">\n<p data-start=\"1575\" data-end=\"1603\">bo\u010dn\u00ed rozparky se zipy<\/p>\n<\/li>\n<li data-section-id=\"cdj7dd\" data-start=\"1604\" data-end=\"1644\">\n<p data-start=\"1606\" data-end=\"1644\">vysok\u00fd pas pro zv\u00fdrazn\u011bn\u00ed proporc\u00ed<\/p>\n<\/li>\n<li data-section-id=\"f8bk92\" data-start=\"1645\" data-end=\"1661\">\n<p data-start=\"1647\" data-end=\"1661\">d\u00e9lka midi<\/p>\n<\/li>\n<li data-section-id=\"1lfi2wr\" data-start=\"1662\" data-end=\"1706\">\n<p data-start=\"1664\" data-end=\"1706\">konstrukce inspirovan\u00e1 sportovn\u00edm oble\u010den\u00edm<\/p>\n<\/li>\n<li data-section-id=\"vyih8k\" data-start=\"1707\" data-end=\"1750\">\n<p data-start=\"1709\" data-end=\"1750\">pr\u00e9miov\u00fd design z kolekce CHROMA VIXEN<\/p>\n<\/li>\n<\/ul>\n<hr data-start=\"1752\" data-end=\"1755\" \/>\n<h2 data-section-id=\"10tnhra\" data-start=\"3090\" data-end=\"3111\">Podrobnosti Drift Dress<\/h2>\n<h3 data-section-id=\"165cfcz\" data-start=\"3113\" data-end=\"3125\">Materi\u00e1l<\/h3>\n<p data-start=\"3127\" data-end=\"3262\">Model je vyroben ze stre\u010dov\u00e9ho \u00fapletu, tak\u017ee se materi\u00e1l dob\u0159e p\u0159izp\u016fsob\u00ed siluet\u011b a z\u00e1rove\u0148 z\u016fst\u00e1v\u00e1 stabiln\u00ed.<\/p>\n<ul data-start=\"3264\" data-end=\"3361\">\n<li data-section-id=\"884kpu\" data-start=\"3264\" data-end=\"3293\">\n<p data-start=\"3266\" data-end=\"3293\">na dotek jemn\u00e1 textura<\/p>\n<\/li>\n<li data-section-id=\"ceuvld\" data-start=\"3294\" data-end=\"3330\">\n<p data-start=\"3296\" data-end=\"3330\">pru\u017en\u00e1 textiln\u00ed konstrukce<\/p>\n<\/li>\n<li data-section-id=\"18kgppj\" data-start=\"3331\" data-end=\"3361\">\n<p data-start=\"3333\" data-end=\"3361\">dobr\u00e1 t\u011blesn\u00e1 stavba<\/p>\n<\/li>\n<\/ul>\n<p data-start=\"3363\" data-end=\"3468\">D\u00edky tomu se \u0161aty pohodln\u011b nos\u00ed a z\u00e1rove\u0148 si zachov\u00e1vaj\u00ed jasnou linii designu.<\/p>\n<h3 data-section-id=\"x41lyn\" data-start=\"3470\" data-end=\"3485\">Design<\/h3>\n<p data-start=\"3487\" data-end=\"3607\">Panelov\u00e1 konstrukce modelu je navr\u017eena tak, aby vedla linii siluety, tak\u017ee proporce z\u016fst\u00e1vaj\u00ed harmonick\u00e9.<\/p>\n<ul data-start=\"3609\" data-end=\"3717\">\n<li data-section-id=\"1g56bfv\" data-start=\"3609\" data-end=\"3653\">\n<p data-start=\"3611\" data-end=\"3653\">panelov\u00e1 konstrukce pro tvarov\u00e1n\u00ed t\u011bla<\/p>\n<\/li>\n<li data-section-id=\"1d5px0p\" data-start=\"3654\" data-end=\"3686\">\n<p data-start=\"3656\" data-end=\"3686\">technick\u00fd zip na p\u0159edn\u00ed stran\u011b<\/p>\n<\/li>\n<li data-section-id=\"1vdwx1m\" data-start=\"3687\" data-end=\"3717\">\n<p data-start=\"3689\" data-end=\"3717\">bo\u010dn\u00ed rozparky se zipy<\/p>\n<\/li>\n<\/ul>\n<h3 data-section-id=\"ydov0b\" data-start=\"3719\" data-end=\"3730\">Projekt<\/h3>\n<p data-start=\"3732\" data-end=\"3757\">navr\u017eeno a vyrobeno v Polsku<\/p>\n<hr data-start=\"2017\" data-end=\"2020\" \/>\n<h2 data-section-id=\"ebxfej\" data-start=\"3764\" data-end=\"3790\">Styling CHROMA VIXEN<\/h2>\n<p data-start=\"3792\" data-end=\"3918\"><strong data-start=\"3792\" data-end=\"3807\">Driftovac\u00ed \u0161aty<\/strong> se nejl\u00e9pe hod\u00ed k v\u00fdrazn\u00e9mu stylingu, proto\u017ee samotn\u00fd design \u0161at\u016f vytv\u00e1\u0159\u00ed charakter cel\u00e9ho vzhledu.<\/p>\n<p data-start=\"3920\" data-end=\"3938\">M\u016f\u017eete ji nosit s:<\/p>\n<ul data-start=\"3940\" data-end=\"4184\">\n<li data-section-id=\"1wg5qv4\" data-start=\"3940\" data-end=\"4019\">\n<p data-start=\"3942\" data-end=\"4019\">boty nad kolena pro v\u00fdrazn\u011bj\u0161\u00ed siluetu.<\/p>\n<\/li>\n<li data-section-id=\"1vcjmvn\" data-start=\"4020\" data-end=\"4086\">\n<p data-start=\"4022\" data-end=\"4086\">boty na vysok\u00e9m podpatku, kter\u00e9 je\u0161t\u011b v\u00edce prodlou\u017e\u00ed linii nohou.<\/p>\n<\/li>\n<li data-section-id=\"kn94o1\" data-start=\"4087\" data-end=\"4184\">\n<p data-start=\"4089\" data-end=\"4184\">minimalistick\u00e9 tenisky, pokud chcete modern\u011bj\u0161\u00ed vzhled.<\/p>\n<\/li>\n<\/ul>\n<p data-start=\"4186\" data-end=\"4277\">Proto <strong data-start=\"4194\" data-end=\"4222\">CHROMA VIXEN Drift Dress<\/strong> m\u016f\u017ee m\u011bnit sv\u016fj charakter v z\u00e1vislosti na p\u0159\u00edsad\u00e1ch.<\/p>\n<hr data-start=\"2017\" data-end=\"2020\" \/>\n<h2 data-section-id=\"1e3vewt\" data-start=\"2461\" data-end=\"2485\">Kolekce CHROMA VIXEN<\/h2>\n<p data-start=\"2487\" data-end=\"2633\">Model pat\u0159\u00ed do kolekce <strong data-start=\"2512\" data-end=\"2528\">CHROMA VIXEN<\/strong>, v n\u00ed\u017e jsou n\u00e1vrhy zalo\u017eeny na kontrastn\u00edch panelech a dynamick\u00e9m designu inspirovan\u00e9m pohybem.<\/p>\n<p data-start=\"2635\" data-end=\"2729\">Pod\u00edvejte se tak\u00e9 na dal\u0161\u00ed modely z t\u00e9to nab\u00eddky <strong><a href=\"https:\/\/1nasty.com\/cs\/kategorie-produktu\/chroma-vixen\/\">sb\u00edrka<\/a>.<\/strong><br data-start=\"2675\" data-end=\"2678\" \/>M\u016f\u017eete si tak\u00e9 prohl\u00e9dnout dal\u0161\u00ed \u0161aty t\u00e9to zna\u010dky. <a href=\"https:\/\/1nasty.com\/cs\/kategorie-produktu\/odziez\/sukienki\/\"><strong>Zde.<\/strong><\/a><\/p>","protected":false},"excerpt":{"rendered":"<p>DRIFT DRESS jsou elegantn\u00ed \u0161aty pro aktivn\u00ed \u017eeny. P\u0159il\u00e9hav\u00fd st\u0159ih. Zipy na stehnech a ve v\u00fdst\u0159ihu.<\/p>","protected":false},"featured_media":2489,"template":"","meta":{"_acf_changed":false},"product_brand":[558],"product_cat":[366,48,95],"product_tag":[378,105,379,377,375,376,109,371,268,374,358,369,367,372,373,368,370],"class_list":{"0":"post-2442","1":"product","2":"type-product","3":"status-publish","4":"has-post-thumbnail","6":"product_brand-1nasty","7":"product_cat-chroma-vixen","8":"product_cat-nowosci","9":"product_cat-sukienki","10":"product_tag-activewear","11":"product_tag-bodycon-dress","12":"product_tag-fashion-for-strong-women","13":"product_tag-fitness-fashion","14":"product_tag-kobieca-forma","15":"product_tag-kolekcja-chroma-vixen","16":"product_tag-made-in-poland","17":"product_tag-odziez-premium-dla-kobiet","18":"product_tag-sportowa-elegancja","19":"product_tag-streetwear-sportowy","20":"product_tag-sukienka-dla-aktywnych-kobiet","21":"product_tag-sukienka-dopasowana","22":"product_tag-sukienka-drift-dress","23":"product_tag-sukienka-na-fit-sylwetke","24":"product_tag-sukienka-po-treningu","25":"product_tag-sukienka-sportowa","26":"product_tag-sukienka-z-rozcieciem","28":"first","29":"instock","30":"shipping-taxable","31":"purchasable","32":"product-type-variable","33":"has-default-attributes","34":"wvs-archive-product-wrapper"},"acf":[],"yoast_head":"<!-- This site is optimized with the Yoast SEO plugin v26.1.1 - https:\/\/yoast.com\/wordpress\/plugins\/seo\/ -->\n<title>Sukienka - CHROMA VIXEN: DRIFT DRESS - 1nasty<\/title>\n<meta name=\"description\" content=\"CHROMA VIXEN: DRIFT DRESS to futurystyczna sukienka midi z kontrastowymi panelami modeluj\u0105cymi sylwetk\u0119. Sportowa konstrukcja i dynamiczny design.\" \/>\n<meta name=\"robots\" content=\"index, follow, max-snippet:-1, max-image-preview:large, max-video-preview:-1\" \/>\n<link rel=\"canonical\" href=\"https:\/\/1nasty.com\/cs\/produkt\/drift-dress\/\" \/>\n<meta property=\"og:locale\" content=\"cs_CZ\" \/>\n<meta property=\"og:type\" content=\"article\" \/>\n<meta property=\"og:title\" content=\"Sukienka - CHROMA VIXEN: DRIFT DRESS - 1nasty\" \/>\n<meta property=\"og:description\" content=\"CHROMA VIXEN: DRIFT DRESS to futurystyczna sukienka midi z kontrastowymi panelami modeluj\u0105cymi sylwetk\u0119. Sportowa konstrukcja i dynamiczny design.\" \/>\n<meta property=\"og:url\" content=\"https:\/\/1nasty.com\/cs\/produkt\/drift-dress\/\" \/>\n<meta property=\"og:site_name\" content=\"1nasty\" \/>\n<meta property=\"article:modified_time\" content=\"2026-04-04T07:38:52+00:00\" \/>\n<meta property=\"og:image\" content=\"https:\/\/1nasty.com\/wp-content\/uploads\/2025\/07\/DL0A3273-Kopiowanie.jpg\" \/>\n\t<meta property=\"og:image:width\" content=\"800\" \/>\n\t<meta property=\"og:image:height\" content=\"1200\" \/>\n\t<meta property=\"og:image:type\" content=\"image\/jpeg\" \/>\n<meta name=\"twitter:card\" content=\"summary_large_image\" \/>\n<meta name=\"twitter:label1\" content=\"Odhadovan\u00e1 doba \u010dten\u00ed\" \/>\n\t<meta name=\"twitter:data1\" content=\"4 minuty\" \/>\n<script type=\"application\/ld+json\" class=\"yoast-schema-graph\">{\"@context\":\"https:\/\/schema.org\",\"@graph\":[{\"@type\":\"WebPage\",\"@id\":\"https:\/\/1nasty.com\/produkt\/drift-dress\/\",\"url\":\"https:\/\/1nasty.com\/produkt\/drift-dress\/\",\"name\":\"Sukienka - CHROMA VIXEN: DRIFT DRESS - 1nasty\",\"isPartOf\":{\"@id\":\"https:\/\/1nasty.com\/#website\"},\"primaryImageOfPage\":{\"@id\":\"https:\/\/1nasty.com\/produkt\/drift-dress\/#primaryimage\"},\"image\":{\"@id\":\"https:\/\/1nasty.com\/produkt\/drift-dress\/#primaryimage\"},\"thumbnailUrl\":\"https:\/\/1nasty.com\/wp-content\/uploads\/2025\/07\/DL0A3273-Kopiowanie.jpg\",\"datePublished\":\"2025-07-26T16:55:31+00:00\",\"dateModified\":\"2026-04-04T07:38:52+00:00\",\"description\":\"CHROMA VIXEN: DRIFT DRESS to futurystyczna sukienka midi z kontrastowymi panelami modeluj\u0105cymi sylwetk\u0119. Sportowa konstrukcja i dynamiczny design.\",\"breadcrumb\":{\"@id\":\"https:\/\/1nasty.com\/produkt\/drift-dress\/#breadcrumb\"},\"inLanguage\":\"cs\",\"potentialAction\":[{\"@type\":\"ReadAction\",\"target\":[\"https:\/\/1nasty.com\/produkt\/drift-dress\/\"]}]},{\"@type\":\"ImageObject\",\"inLanguage\":\"cs\",\"@id\":\"https:\/\/1nasty.com\/produkt\/drift-dress\/#primaryimage\",\"url\":\"https:\/\/1nasty.com\/wp-content\/uploads\/2025\/07\/DL0A3273-Kopiowanie.jpg\",\"contentUrl\":\"https:\/\/1nasty.com\/wp-content\/uploads\/2025\/07\/DL0A3273-Kopiowanie.jpg\",\"width\":800,\"height\":1200,\"caption\":\"Sukienka - CHROMA VIXEN: SLIDE SUIT SUNSET CLASH BOK\"},{\"@type\":\"BreadcrumbList\",\"@id\":\"https:\/\/1nasty.com\/produkt\/drift-dress\/#breadcrumb\",\"itemListElement\":[{\"@type\":\"ListItem\",\"position\":1,\"name\":\"Strona g\u0142\u00f3wna\",\"item\":\"https:\/\/1nasty.com\/\"},{\"@type\":\"ListItem\",\"position\":2,\"name\":\"Sklep\",\"item\":\"https:\/\/1nasty.com\/?page_id=29\"},{\"@type\":\"ListItem\",\"position\":3,\"name\":\"Sukienka &#8211; CHROMA VIXEN: DRIFT DRESS\"}]},{\"@type\":\"WebSite\",\"@id\":\"https:\/\/1nasty.com\/#website\",\"url\":\"https:\/\/1nasty.com\/\",\"name\":\"1nasty\",\"description\":\"Luxury. Attitude. You!\",\"publisher\":{\"@id\":\"https:\/\/1nasty.com\/#organization\"},\"potentialAction\":[{\"@type\":\"SearchAction\",\"target\":{\"@type\":\"EntryPoint\",\"urlTemplate\":\"https:\/\/1nasty.com\/?s={search_term_string}\"},\"query-input\":{\"@type\":\"PropertyValueSpecification\",\"valueRequired\":true,\"valueName\":\"search_term_string\"}}],\"inLanguage\":\"cs\"},{\"@type\":\"Organization\",\"@id\":\"https:\/\/1nasty.com\/#organization\",\"name\":\"1nasty\",\"url\":\"https:\/\/1nasty.com\/\",\"logo\":{\"@type\":\"ImageObject\",\"inLanguage\":\"cs\",\"@id\":\"https:\/\/1nasty.com\/#\/schema\/logo\/image\/\",\"url\":\"https:\/\/1nasty.com\/wp-content\/uploads\/2024\/08\/f218434d670b74c1b50d2fa3ffcc3dab-e1725744934517.png\",\"contentUrl\":\"https:\/\/1nasty.com\/wp-content\/uploads\/2024\/08\/f218434d670b74c1b50d2fa3ffcc3dab-e1725744934517.png\",\"width\":268,\"height\":322,\"caption\":\"1nasty\"},\"image\":{\"@id\":\"https:\/\/1nasty.com\/#\/schema\/logo\/image\/\"}}]}<\/script>\n<!-- \/ Yoast SEO plugin. -->","yoast_head_json":{"title":"Sukienka - CHROMA VIXEN: DRIFT DRESS - 1nasty","description":"CHROMA VIXEN: DRIFT DRESS to futurystyczna sukienka midi z kontrastowymi panelami modeluj\u0105cymi sylwetk\u0119. Sportowa konstrukcja i dynamiczny design.","robots":{"index":"index","follow":"follow","max-snippet":"max-snippet:-1","max-image-preview":"max-image-preview:large","max-video-preview":"max-video-preview:-1"},"canonical":"https:\/\/1nasty.com\/cs\/produkt\/drift-dress\/","og_locale":"cs_CZ","og_type":"article","og_title":"Sukienka - CHROMA VIXEN: DRIFT DRESS - 1nasty","og_description":"CHROMA VIXEN: DRIFT DRESS to futurystyczna sukienka midi z kontrastowymi panelami modeluj\u0105cymi sylwetk\u0119. Sportowa konstrukcja i dynamiczny design.","og_url":"https:\/\/1nasty.com\/cs\/produkt\/drift-dress\/","og_site_name":"1nasty","article_modified_time":"2026-04-04T07:38:52+00:00","og_image":[{"width":800,"height":1200,"url":"https:\/\/1nasty.com\/wp-content\/uploads\/2025\/07\/DL0A3273-Kopiowanie.jpg","type":"image\/jpeg"}],"twitter_card":"summary_large_image","twitter_misc":{"Odhadovan\u00e1 doba \u010dten\u00ed":"4 minuty"},"schema":{"@context":"https:\/\/schema.org","@graph":[{"@type":"WebPage","@id":"https:\/\/1nasty.com\/produkt\/drift-dress\/","url":"https:\/\/1nasty.com\/produkt\/drift-dress\/","name":"Sukienka - CHROMA VIXEN: DRIFT DRESS - 1nasty","isPartOf":{"@id":"https:\/\/1nasty.com\/#website"},"primaryImageOfPage":{"@id":"https:\/\/1nasty.com\/produkt\/drift-dress\/#primaryimage"},"image":{"@id":"https:\/\/1nasty.com\/produkt\/drift-dress\/#primaryimage"},"thumbnailUrl":"https:\/\/1nasty.com\/wp-content\/uploads\/2025\/07\/DL0A3273-Kopiowanie.jpg","datePublished":"2025-07-26T16:55:31+00:00","dateModified":"2026-04-04T07:38:52+00:00","description":"CHROMA VIXEN: DRIFT DRESS to futurystyczna sukienka midi z kontrastowymi panelami modeluj\u0105cymi sylwetk\u0119. Sportowa konstrukcja i dynamiczny design.","breadcrumb":{"@id":"https:\/\/1nasty.com\/produkt\/drift-dress\/#breadcrumb"},"inLanguage":"cs","potentialAction":[{"@type":"ReadAction","target":["https:\/\/1nasty.com\/produkt\/drift-dress\/"]}]},{"@type":"ImageObject","inLanguage":"cs","@id":"https:\/\/1nasty.com\/produkt\/drift-dress\/#primaryimage","url":"https:\/\/1nasty.com\/wp-content\/uploads\/2025\/07\/DL0A3273-Kopiowanie.jpg","contentUrl":"https:\/\/1nasty.com\/wp-content\/uploads\/2025\/07\/DL0A3273-Kopiowanie.jpg","width":800,"height":1200,"caption":"Sukienka - CHROMA VIXEN: SLIDE SUIT SUNSET CLASH BOK"},{"@type":"BreadcrumbList","@id":"https:\/\/1nasty.com\/produkt\/drift-dress\/#breadcrumb","itemListElement":[{"@type":"ListItem","position":1,"name":"Strona g\u0142\u00f3wna","item":"https:\/\/1nasty.com\/"},{"@type":"ListItem","position":2,"name":"Sklep","item":"https:\/\/1nasty.com\/?page_id=29"},{"@type":"ListItem","position":3,"name":"Sukienka &#8211; CHROMA VIXEN: DRIFT DRESS"}]},{"@type":"WebSite","@id":"https:\/\/1nasty.com\/#website","url":"https:\/\/1nasty.com\/","name":"1.","description":"Luxus. Postoj. Vy!","publisher":{"@id":"https:\/\/1nasty.com\/#organization"},"potentialAction":[{"@type":"SearchAction","target":{"@type":"EntryPoint","urlTemplate":"https:\/\/1nasty.com\/?s={search_term_string}"},"query-input":{"@type":"PropertyValueSpecification","valueRequired":true,"valueName":"search_term_string"}}],"inLanguage":"cs"},{"@type":"Organization","@id":"https:\/\/1nasty.com\/#organization","name":"1.","url":"https:\/\/1nasty.com\/","logo":{"@type":"ImageObject","inLanguage":"cs","@id":"https:\/\/1nasty.com\/#\/schema\/logo\/image\/","url":"https:\/\/1nasty.com\/wp-content\/uploads\/2024\/08\/f218434d670b74c1b50d2fa3ffcc3dab-e1725744934517.png","contentUrl":"https:\/\/1nasty.com\/wp-content\/uploads\/2024\/08\/f218434d670b74c1b50d2fa3ffcc3dab-e1725744934517.png","width":268,"height":322,"caption":"1nasty"},"image":{"@id":"https:\/\/1nasty.com\/#\/schema\/logo\/image\/"}}]}},"_links":{"self":[{"href":"https:\/\/1nasty.com\/cs\/wp-json\/wp\/v2\/product\/2442","targetHints":{"allow":["GET"]}}],"collection":[{"href":"https:\/\/1nasty.com\/cs\/wp-json\/wp\/v2\/product"}],"about":[{"href":"https:\/\/1nasty.com\/cs\/wp-json\/wp\/v2\/types\/product"}],"wp:featuredmedia":[{"embeddable":true,"href":"https:\/\/1nasty.com\/cs\/wp-json\/wp\/v2\/media\/2489"}],"wp:attachment":[{"href":"https:\/\/1nasty.com\/cs\/wp-json\/wp\/v2\/media?parent=2442"}],"wp:term":[{"taxonomy":"product_brand","embeddable":true,"href":"https:\/\/1nasty.com\/cs\/wp-json\/wp\/v2\/product_brand?post=2442"},{"taxonomy":"product_cat","embeddable":true,"href":"https:\/\/1nasty.com\/cs\/wp-json\/wp\/v2\/product_cat?post=2442"},{"taxonomy":"product_tag","embeddable":true,"href":"https:\/\/1nasty.com\/cs\/wp-json\/wp\/v2\/product_tag?post=2442"}],"curies":[{"name":"wp","href":"https:\/\/api.w.org\/{rel}","templated":true}]}}