{"id":1285,"date":"2025-02-27T12:40:41","date_gmt":"2025-02-27T11:40:41","guid":{"rendered":"https:\/\/1nasty.com\/?post_type=product&#038;p=1285"},"modified":"2026-03-25T15:59:49","modified_gmt":"2026-03-25T14:59:49","slug":"nerka1nasty-crew","status":"publish","type":"product","link":"https:\/\/1nasty.com\/cs\/produkt\/nerka1nasty-crew\/","title":{"rendered":"Ledvina 1Nasty - Pos\u00e1dka"},"content":{"rendered":"<h3 data-start=\"138\" data-end=\"209\">Ledvina 1Nasty - Pos\u00e1dka -. <strong>exkluzivn\u00ed <\/strong>ledvinka s logem a povrchovou \u00fapravou ve zlat\u00e9 nebo st\u0159\u00edbrn\u00e9 barv\u011b<\/h3>\n<p data-start=\"86\" data-end=\"172\">Ledvinka 1Nasty - Crew kombinuje sportovn\u00ed eleganci s funk\u010dnost\u00ed, tak\u017ee se hod\u00ed jak na tr\u00e9nink, tak na ka\u017edodenn\u00ed no\u0161en\u00ed. Jedn\u00e1 se o modern\u00ed interpretaci klasick\u00e9 ledvinky, kter\u00e1 je vyrobena z odoln\u00e9ho technick\u00e9ho materi\u00e1lu s vy\u0161it\u00fdm monogramem. D\u00edky tomu je odoln\u00e1 proti od\u011bru a z\u00e1rove\u0148 si zachov\u00e1v\u00e1 estetick\u00fd vzhled.<\/p>\n<p data-start=\"534\" data-end=\"823\">Model je nav\u00edc dopln\u011bn kovov\u00fdm 3D logem ve zlat\u00e9 nebo st\u0159\u00edbrn\u00e9 barv\u011b, kter\u00e9 dod\u00e1v\u00e1 celkov\u00e9mu vzhledu v\u00fdrazn\u00fd charakter. D\u00edky tomu ledvinka p\u0159itahuje pozornost, ale neztr\u00e1c\u00ed soudr\u017enost se zbytkem stylistiky. Jedn\u00e1 se o nab\u00eddku pro \u017eeny, kter\u00e9 si cen\u00ed pohodl\u00ed a z\u00e1rove\u0148 o\u010dek\u00e1vaj\u00ed vyt\u0159\u00edben\u00fd design.<\/p>\n<p data-start=\"825\" data-end=\"1113\">Ledvina je sou\u010d\u00e1st\u00ed presti\u017en\u00edho projektu <a href=\"https:\/\/1nasty.com\/cs\/kategorie-produktu\/akcesoria\/\" target=\"_blank\" rel=\"noopener\">sada 1Nasty<\/a>, tak\u017ee ji m\u016f\u017eete snadno kombinovat s p\u0159\u00edv\u011bskem na kl\u00ed\u010de, \u010depic\u00ed, sportovn\u00ed ta\u0161kou nebo batohem. Ve v\u00fdsledku tak vytvo\u0159\u00edte ucelenou a promy\u0161lenou sadu. Je to \u0159e\u0161en\u00ed pro \u017eeny, kter\u00e9 cht\u011bj\u00ed m\u00edt sv\u016fj styl pod kontrolou, ale p\u0159itom neob\u011btovat pohodl\u00ed.<\/p>\n<p data-start=\"1361\" data-end=\"1593\">D\u00edky chytr\u00e9mu designu v\u00e1m ledvinka pom\u016f\u017ee udr\u017eet po\u0159\u00e1dek a z\u00e1rove\u0148 z\u016fstane vizu\u00e1ln\u011b lehk\u00e1. V\u00fdsledkem je v\u00fdrobek, kter\u00fd kombinuje funk\u010dnost s estetikou, ani\u017e by d\u011blal kompromisy.<\/p>\n<hr data-start=\"1701\" data-end=\"1704\" \/>\n<p data-start=\"1706\" data-end=\"1718\"><strong data-start=\"1706\" data-end=\"1716\">Design:<\/strong><\/p>\n<ul>\n<li data-start=\"1720\" data-end=\"2145\">Exkluzivn\u00ed povrchov\u00e1 \u00faprava - v\u00fdb\u011br zlat\u00fdch nebo st\u0159\u00edbrn\u00fdch detail\u016f: z\u00e1mek, p\u0159ezka a logo<\/li>\n<li data-start=\"1720\" data-end=\"2145\">3D logo NASTY - \u00fast\u0159edn\u00ed bod designu<\/li>\n<li data-start=\"1720\" data-end=\"2145\">Odoln\u00fd technick\u00fd materi\u00e1l s monogramem - odoln\u00fd proti od\u011bru<\/li>\n<li data-start=\"1720\" data-end=\"2145\">Nastaviteln\u00fd opasek - \u0161irok\u00fd a pevn\u00fd, s kovovou sponou ve vojensk\u00e9m stylu.<\/li>\n<li data-start=\"1720\" data-end=\"2145\">Vnit\u0159n\u00ed prostor se sat\u00e9novou pod\u0161\u00edvkou v \u010derven\u00e9 barv\u011b - s kapsou na zip<\/li>\n<li data-start=\"1720\" data-end=\"2145\">Vn\u011bj\u0161\u00ed kapsa s klopou - rychl\u00fd p\u0159\u00edstup k nezbytnostem<\/li>\n<\/ul>\n<hr data-start=\"2147\" data-end=\"2150\" \/>\n<p data-start=\"2152\" data-end=\"2175\"><strong data-start=\"2152\" data-end=\"2173\">Slo\u017een\u00ed a detaily:<\/strong><\/p>\n<ul>\n<li data-start=\"2177\" data-end=\"2437\">Hlavn\u00ed tkanina: \u017eak\u00e1rov\u00e1 tkanina (polyester), nepromokav\u00e1, s vy\u0161it\u00fdm logem<\/li>\n<li data-start=\"2177\" data-end=\"2437\">Povrchov\u00e1 \u00faprava: PU syntetick\u00e1 k\u016f\u017ee<\/li>\n<li data-start=\"2177\" data-end=\"2437\">Pod\u0161\u00edvka: odoln\u00e1 polyesterov\u00e1 tkanina v \u010derven\u00e9 barv\u011b<\/li>\n<li data-start=\"2177\" data-end=\"2437\">Kovov\u00e9 \u010d\u00e1sti: slitina zinku ve zlat\u00e9 nebo st\u0159\u00edbrn\u00e9 barv\u011b<\/li>\n<li data-start=\"2177\" data-end=\"2437\">Opasek: nastaviteln\u00fd<\/li>\n<\/ul>\n<hr data-start=\"2439\" data-end=\"2442\" \/>\n<p data-start=\"2444\" data-end=\"2717\" data-is-last-node=\"\" data-is-only-node=\"\">Ledvinku 1Nasty m\u016f\u017eete nosit na opasku, p\u0159es rameno nebo na hrudi, tak\u017ee ji snadno p\u0159izp\u016fsob\u00edte sv\u00e9mu stylu. Skv\u011ble se kombinuje s tr\u00e9ninkov\u00fdm oble\u010den\u00edm, ale stejn\u011b dob\u0159e se hod\u00ed i na ka\u017edodenn\u00ed no\u0161en\u00ed. Kombinuje tedy styl, funk\u010dnost a odolnost v jednom ucelen\u00e9m designu.<\/p>","protected":false},"excerpt":{"rendered":"<p>Exkluzivn\u00ed ledvinka NASTY s kovov\u00fdm logem a mo\u017enost\u00ed v\u00fdb\u011bru povrchov\u00e9 \u00fapravy - zlat\u00e1 nebo st\u0159\u00edbrn\u00e1 - k no\u0161en\u00ed p\u0159es rameno nebo na opasku.<\/p>","protected":false},"featured_media":3508,"template":"","meta":{"_acf_changed":false},"product_brand":[558],"product_cat":[76,72,446,48],"product_tag":[295,77,318,311,309,312,320,310,316,313,317,319,314,307,135,315],"class_list":{"0":"post-1285","1":"product","2":"type-product","3":"status-publish","4":"has-post-thumbnail","6":"product_brand-1nasty","7":"product_cat-akcesoria","8":"product_cat-crew","9":"product_cat-nerki","10":"product_cat-nowosci","11":"product_tag-1nasty-crew","12":"product_tag-akcesoria","13":"product_tag-functional-belt-bag","14":"product_tag-nerka-1nasty","15":"product_tag-nerka-1nasty-crew","16":"product_tag-nerka-casual","17":"product_tag-nerka-codzienna","18":"product_tag-nerka-crew","19":"product_tag-nerka-miejska","20":"product_tag-nerka-na-co-dzien","21":"product_tag-nerka-pojemna","22":"product_tag-nerka-unisex","23":"product_tag-nerka-z-logo","24":"product_tag-prezent-dla-fana","25":"product_tag-styl-streetwear","26":"product_tag-urban-belt-bag","28":"first","29":"instock","30":"shipping-taxable","31":"purchasable","32":"product-type-variable","33":"has-default-attributes","34":"wvs-archive-product-wrapper"},"acf":[],"yoast_head":"<!-- This site is optimized with the Yoast SEO plugin v26.1.1 - https:\/\/yoast.com\/wordpress\/plugins\/seo\/ -->\n<title>Nerka 1Nasty \u2013 Crew - 1nasty<\/title>\n<meta name=\"description\" content=\"to po\u0142\u0105czenie sportowej elegancji i funkcjonalno\u015bci, kt\u00f3re doskonale wpisuje si\u0119 w modne zestawy treningowe oraz codzienn\u0105 stylizacj\u0119 dla aktywnych.\" \/>\n<meta name=\"robots\" content=\"index, follow, max-snippet:-1, max-image-preview:large, max-video-preview:-1\" \/>\n<link rel=\"canonical\" href=\"https:\/\/1nasty.com\/cs\/produkt\/nerka1nasty-crew\/\" \/>\n<meta property=\"og:locale\" content=\"cs_CZ\" \/>\n<meta property=\"og:type\" content=\"article\" \/>\n<meta property=\"og:title\" content=\"Nerka 1Nasty \u2013 Crew - 1nasty\" \/>\n<meta property=\"og:description\" content=\"to po\u0142\u0105czenie sportowej elegancji i funkcjonalno\u015bci, kt\u00f3re doskonale wpisuje si\u0119 w modne zestawy treningowe oraz codzienn\u0105 stylizacj\u0119 dla aktywnych.\" \/>\n<meta property=\"og:url\" content=\"https:\/\/1nasty.com\/cs\/produkt\/nerka1nasty-crew\/\" \/>\n<meta property=\"og:site_name\" content=\"1nasty\" \/>\n<meta property=\"article:modified_time\" content=\"2026-03-25T14:59:49+00:00\" \/>\n<meta property=\"og:image\" content=\"https:\/\/1nasty.com\/wp-content\/uploads\/2025\/02\/DL0A5056-Kopiowanie-scaled.jpg\" \/>\n\t<meta property=\"og:image:width\" content=\"1280\" \/>\n\t<meta property=\"og:image:height\" content=\"1920\" \/>\n\t<meta property=\"og:image:type\" content=\"image\/jpeg\" \/>\n<meta name=\"twitter:card\" content=\"summary_large_image\" \/>\n<meta name=\"twitter:label1\" content=\"Odhadovan\u00e1 doba \u010dten\u00ed\" \/>\n\t<meta name=\"twitter:data1\" content=\"3 minuty\" \/>\n<script type=\"application\/ld+json\" class=\"yoast-schema-graph\">{\"@context\":\"https:\/\/schema.org\",\"@graph\":[{\"@type\":\"WebPage\",\"@id\":\"https:\/\/1nasty.com\/produkt\/nerka1nasty-crew\/\",\"url\":\"https:\/\/1nasty.com\/produkt\/nerka1nasty-crew\/\",\"name\":\"Nerka 1Nasty \u2013 Crew - 1nasty\",\"isPartOf\":{\"@id\":\"https:\/\/1nasty.com\/#website\"},\"primaryImageOfPage\":{\"@id\":\"https:\/\/1nasty.com\/produkt\/nerka1nasty-crew\/#primaryimage\"},\"image\":{\"@id\":\"https:\/\/1nasty.com\/produkt\/nerka1nasty-crew\/#primaryimage\"},\"thumbnailUrl\":\"https:\/\/1nasty.com\/wp-content\/uploads\/2025\/02\/DL0A5056-Kopiowanie-scaled.jpg\",\"datePublished\":\"2025-02-27T11:40:41+00:00\",\"dateModified\":\"2026-03-25T14:59:49+00:00\",\"description\":\"to po\u0142\u0105czenie sportowej elegancji i funkcjonalno\u015bci, kt\u00f3re doskonale wpisuje si\u0119 w modne zestawy treningowe oraz codzienn\u0105 stylizacj\u0119 dla aktywnych.\",\"breadcrumb\":{\"@id\":\"https:\/\/1nasty.com\/produkt\/nerka1nasty-crew\/#breadcrumb\"},\"inLanguage\":\"cs\",\"potentialAction\":[{\"@type\":\"ReadAction\",\"target\":[\"https:\/\/1nasty.com\/produkt\/nerka1nasty-crew\/\"]}]},{\"@type\":\"ImageObject\",\"inLanguage\":\"cs\",\"@id\":\"https:\/\/1nasty.com\/produkt\/nerka1nasty-crew\/#primaryimage\",\"url\":\"https:\/\/1nasty.com\/wp-content\/uploads\/2025\/02\/DL0A5056-Kopiowanie-scaled.jpg\",\"contentUrl\":\"https:\/\/1nasty.com\/wp-content\/uploads\/2025\/02\/DL0A5056-Kopiowanie-scaled.jpg\",\"width\":1280,\"height\":1920,\"caption\":\"Gold Nerka 1Nasty \u2013 Crew\"},{\"@type\":\"BreadcrumbList\",\"@id\":\"https:\/\/1nasty.com\/produkt\/nerka1nasty-crew\/#breadcrumb\",\"itemListElement\":[{\"@type\":\"ListItem\",\"position\":1,\"name\":\"Strona g\u0142\u00f3wna\",\"item\":\"https:\/\/1nasty.com\/\"},{\"@type\":\"ListItem\",\"position\":2,\"name\":\"Sklep\",\"item\":\"https:\/\/1nasty.com\/?page_id=29\"},{\"@type\":\"ListItem\",\"position\":3,\"name\":\"Nerka 1Nasty \u2013 Crew\"}]},{\"@type\":\"WebSite\",\"@id\":\"https:\/\/1nasty.com\/#website\",\"url\":\"https:\/\/1nasty.com\/\",\"name\":\"1nasty\",\"description\":\"Luxury. Attitude. You!\",\"publisher\":{\"@id\":\"https:\/\/1nasty.com\/#organization\"},\"potentialAction\":[{\"@type\":\"SearchAction\",\"target\":{\"@type\":\"EntryPoint\",\"urlTemplate\":\"https:\/\/1nasty.com\/?s={search_term_string}\"},\"query-input\":{\"@type\":\"PropertyValueSpecification\",\"valueRequired\":true,\"valueName\":\"search_term_string\"}}],\"inLanguage\":\"cs\"},{\"@type\":\"Organization\",\"@id\":\"https:\/\/1nasty.com\/#organization\",\"name\":\"1nasty\",\"url\":\"https:\/\/1nasty.com\/\",\"logo\":{\"@type\":\"ImageObject\",\"inLanguage\":\"cs\",\"@id\":\"https:\/\/1nasty.com\/#\/schema\/logo\/image\/\",\"url\":\"https:\/\/1nasty.com\/wp-content\/uploads\/2024\/08\/f218434d670b74c1b50d2fa3ffcc3dab-e1725744934517.png\",\"contentUrl\":\"https:\/\/1nasty.com\/wp-content\/uploads\/2024\/08\/f218434d670b74c1b50d2fa3ffcc3dab-e1725744934517.png\",\"width\":268,\"height\":322,\"caption\":\"1nasty\"},\"image\":{\"@id\":\"https:\/\/1nasty.com\/#\/schema\/logo\/image\/\"}}]}<\/script>\n<!-- \/ Yoast SEO plugin. -->","yoast_head_json":{"title":"Nerka 1Nasty \u2013 Crew - 1nasty","description":"to po\u0142\u0105czenie sportowej elegancji i funkcjonalno\u015bci, kt\u00f3re doskonale wpisuje si\u0119 w modne zestawy treningowe oraz codzienn\u0105 stylizacj\u0119 dla aktywnych.","robots":{"index":"index","follow":"follow","max-snippet":"max-snippet:-1","max-image-preview":"max-image-preview:large","max-video-preview":"max-video-preview:-1"},"canonical":"https:\/\/1nasty.com\/cs\/produkt\/nerka1nasty-crew\/","og_locale":"cs_CZ","og_type":"article","og_title":"Nerka 1Nasty \u2013 Crew - 1nasty","og_description":"to po\u0142\u0105czenie sportowej elegancji i funkcjonalno\u015bci, kt\u00f3re doskonale wpisuje si\u0119 w modne zestawy treningowe oraz codzienn\u0105 stylizacj\u0119 dla aktywnych.","og_url":"https:\/\/1nasty.com\/cs\/produkt\/nerka1nasty-crew\/","og_site_name":"1nasty","article_modified_time":"2026-03-25T14:59:49+00:00","og_image":[{"width":1280,"height":1920,"url":"https:\/\/1nasty.com\/wp-content\/uploads\/2025\/02\/DL0A5056-Kopiowanie-scaled.jpg","type":"image\/jpeg"}],"twitter_card":"summary_large_image","twitter_misc":{"Odhadovan\u00e1 doba \u010dten\u00ed":"3 minuty"},"schema":{"@context":"https:\/\/schema.org","@graph":[{"@type":"WebPage","@id":"https:\/\/1nasty.com\/produkt\/nerka1nasty-crew\/","url":"https:\/\/1nasty.com\/produkt\/nerka1nasty-crew\/","name":"Nerka 1Nasty \u2013 Crew - 1nasty","isPartOf":{"@id":"https:\/\/1nasty.com\/#website"},"primaryImageOfPage":{"@id":"https:\/\/1nasty.com\/produkt\/nerka1nasty-crew\/#primaryimage"},"image":{"@id":"https:\/\/1nasty.com\/produkt\/nerka1nasty-crew\/#primaryimage"},"thumbnailUrl":"https:\/\/1nasty.com\/wp-content\/uploads\/2025\/02\/DL0A5056-Kopiowanie-scaled.jpg","datePublished":"2025-02-27T11:40:41+00:00","dateModified":"2026-03-25T14:59:49+00:00","description":"to po\u0142\u0105czenie sportowej elegancji i funkcjonalno\u015bci, kt\u00f3re doskonale wpisuje si\u0119 w modne zestawy treningowe oraz codzienn\u0105 stylizacj\u0119 dla aktywnych.","breadcrumb":{"@id":"https:\/\/1nasty.com\/produkt\/nerka1nasty-crew\/#breadcrumb"},"inLanguage":"cs","potentialAction":[{"@type":"ReadAction","target":["https:\/\/1nasty.com\/produkt\/nerka1nasty-crew\/"]}]},{"@type":"ImageObject","inLanguage":"cs","@id":"https:\/\/1nasty.com\/produkt\/nerka1nasty-crew\/#primaryimage","url":"https:\/\/1nasty.com\/wp-content\/uploads\/2025\/02\/DL0A5056-Kopiowanie-scaled.jpg","contentUrl":"https:\/\/1nasty.com\/wp-content\/uploads\/2025\/02\/DL0A5056-Kopiowanie-scaled.jpg","width":1280,"height":1920,"caption":"Gold Nerka 1Nasty \u2013 Crew"},{"@type":"BreadcrumbList","@id":"https:\/\/1nasty.com\/produkt\/nerka1nasty-crew\/#breadcrumb","itemListElement":[{"@type":"ListItem","position":1,"name":"Strona g\u0142\u00f3wna","item":"https:\/\/1nasty.com\/"},{"@type":"ListItem","position":2,"name":"Sklep","item":"https:\/\/1nasty.com\/?page_id=29"},{"@type":"ListItem","position":3,"name":"Nerka 1Nasty \u2013 Crew"}]},{"@type":"WebSite","@id":"https:\/\/1nasty.com\/#website","url":"https:\/\/1nasty.com\/","name":"1.","description":"Luxus. Postoj. Vy!","publisher":{"@id":"https:\/\/1nasty.com\/#organization"},"potentialAction":[{"@type":"SearchAction","target":{"@type":"EntryPoint","urlTemplate":"https:\/\/1nasty.com\/?s={search_term_string}"},"query-input":{"@type":"PropertyValueSpecification","valueRequired":true,"valueName":"search_term_string"}}],"inLanguage":"cs"},{"@type":"Organization","@id":"https:\/\/1nasty.com\/#organization","name":"1.","url":"https:\/\/1nasty.com\/","logo":{"@type":"ImageObject","inLanguage":"cs","@id":"https:\/\/1nasty.com\/#\/schema\/logo\/image\/","url":"https:\/\/1nasty.com\/wp-content\/uploads\/2024\/08\/f218434d670b74c1b50d2fa3ffcc3dab-e1725744934517.png","contentUrl":"https:\/\/1nasty.com\/wp-content\/uploads\/2024\/08\/f218434d670b74c1b50d2fa3ffcc3dab-e1725744934517.png","width":268,"height":322,"caption":"1nasty"},"image":{"@id":"https:\/\/1nasty.com\/#\/schema\/logo\/image\/"}}]}},"_links":{"self":[{"href":"https:\/\/1nasty.com\/cs\/wp-json\/wp\/v2\/product\/1285","targetHints":{"allow":["GET"]}}],"collection":[{"href":"https:\/\/1nasty.com\/cs\/wp-json\/wp\/v2\/product"}],"about":[{"href":"https:\/\/1nasty.com\/cs\/wp-json\/wp\/v2\/types\/product"}],"wp:featuredmedia":[{"embeddable":true,"href":"https:\/\/1nasty.com\/cs\/wp-json\/wp\/v2\/media\/3508"}],"wp:attachment":[{"href":"https:\/\/1nasty.com\/cs\/wp-json\/wp\/v2\/media?parent=1285"}],"wp:term":[{"taxonomy":"product_brand","embeddable":true,"href":"https:\/\/1nasty.com\/cs\/wp-json\/wp\/v2\/product_brand?post=1285"},{"taxonomy":"product_cat","embeddable":true,"href":"https:\/\/1nasty.com\/cs\/wp-json\/wp\/v2\/product_cat?post=1285"},{"taxonomy":"product_tag","embeddable":true,"href":"https:\/\/1nasty.com\/cs\/wp-json\/wp\/v2\/product_tag?post=1285"}],"curies":[{"name":"wp","href":"https:\/\/api.w.org\/{rel}","templated":true}]}}