{"id":1283,"date":"2025-02-27T12:30:52","date_gmt":"2025-02-27T11:30:52","guid":{"rendered":"https:\/\/1nasty.com\/?post_type=product&#038;p=1283"},"modified":"2026-03-24T10:46:24","modified_gmt":"2026-03-24T09:46:24","slug":"torba-1nasty-crew","status":"publish","type":"product","link":"https:\/\/1nasty.com\/cs\/produkt\/torba-1nasty-crew\/","title":{"rendered":"1Nasty bag - Crew"},"content":{"rendered":"<h3 data-start=\"84\" data-end=\"576\"><strong>1Nasty bag z kolekce Crew<\/strong><\/h3>\n<p data-start=\"84\" data-end=\"576\">Kombinace sportovn\u00ed elegance a m\u011bstsk\u00e9 m\u00f3dy ve stylu urban beauty. Speci\u00e1ln\u011b navr\u017eeno pro \u017eeny, kter\u00e9 hledaj\u00ed pohodln\u00e9 sportovn\u00ed oble\u010den\u00ed a m\u00f3dn\u00ed sportovn\u00ed styly, kter\u00e9 kombinuj\u00ed funk\u010dnost s luxusn\u00edm zpracov\u00e1n\u00edm. Tato ta\u0161ka je nejen praktickou ta\u0161kou do posilovny, ale tak\u00e9 jedine\u010dn\u00fdm kouskem elegantn\u00ed fitness m\u00f3dy a m\u00f3dn\u00ed cvi\u010debn\u00ed soupravy. Cel\u00e1 ta\u0161ka je pota\u017eena autorsk\u00fdm monogramem 1NASTY ve stylu tzv. <em data-start=\"725\" data-end=\"739\">m\u011bstsk\u00fd luxus<\/em>.<\/p>\n<p data-start=\"84\" data-end=\"576\">Je vyrobena z odoln\u00fdch, prvot\u0159\u00eddn\u00edch materi\u00e1l\u016f, odol\u00e1 ka\u017edodenn\u00edm v\u00fdzv\u00e1m a ocen\u00ed ji ka\u017ed\u00e1 milovnice sportovn\u00edho vzhledu pro \u017eeny. Jej\u00ed prostorn\u00fd interi\u00e9r uspokoj\u00ed pot\u0159eby na tr\u00e9nink i kr\u00e1tk\u00fd v\u00fdlet - ide\u00e1ln\u00ed dopln\u011bk pro aktivn\u00ed lidi, kte\u0159\u00ed ocen\u00ed funk\u010dn\u00ed sportovn\u00ed oble\u010den\u00ed. \u010cerven\u00fd interi\u00e9r a rafinovan\u00e9 detaily podtrhuj\u00ed jej\u00ed exkluzivn\u00ed charakter. Na p\u0159edn\u00ed stran\u011b jsou v\u00fdrazn\u00e9 zlat\u00e9 nebo st\u0159\u00edbrn\u00e9 detaily a 3D logo NASTY zd\u016fraz\u0148uj\u00edc\u00ed styl a vysokou kvalitu typickou pro na\u0161i polskou sportovn\u00ed zna\u010dku.<\/p>\n<p data-start=\"84\" data-end=\"576\"><strong>1Nasty bag - Crew <\/strong>Hod\u00ed se jak pro sportovn\u00ed styl, tak pro ka\u017edodenn\u00ed m\u011bstsk\u00fd styl. Je vybavena pevn\u00fdmi uchy a \u0161irok\u00fdm nastaviteln\u00fdm popruhem s m\u011bkkou pod\u0161\u00edvkou. Popruh se neza\u0159ez\u00e1v\u00e1 do ramene - m\u016f\u017eete ji pohodln\u011b nosit po cel\u00fd den. Vnit\u0159ek je pod\u0161it\u00fd kontrastn\u00ed pod\u0161\u00edvkou v tmav\u011b \u010derven\u00e9 barv\u011b. Uvnit\u0159 kapsa na zip a elastick\u00e9 bo\u010dn\u00ed p\u0159ihr\u00e1dky.<\/p>\n<hr data-start=\"1062\" data-end=\"1065\" \/>\n<h3 data-start=\"1067\" data-end=\"1483\"><strong data-start=\"1070\" data-end=\"1089\">\u010c\u00edm se li\u0161\u00ed?<\/strong><\/h3>\n<ul>\n<li data-start=\"1067\" data-end=\"1483\">Prostor, kter\u00fd zahrnuje v\u0161e od oble\u010den\u00ed na cvi\u010den\u00ed a\u017e po v\u00edkendovou v\u00fdbavu do m\u011bsta.<\/li>\n<li data-start=\"1067\" data-end=\"1483\">Dvojit\u00e1 dr\u017eadla + \u0161irok\u00fd popruh s pod\u0161\u00edvkou - pohodln\u00e9 no\u0161en\u00ed podle va\u0161ich p\u0159edstav<\/li>\n<li data-start=\"1067\" data-end=\"1483\">Kontrastn\u00ed pod\u0161\u00edvka s dal\u0161\u00edmi kapsami a p\u0159ihr\u00e1dkami<\/li>\n<li data-start=\"1067\" data-end=\"1483\">Zap\u00edn\u00e1n\u00ed a detaily ve zlat\u00e9 nebo st\u0159\u00edbrn\u00e9 barv\u011b - odpov\u00eddaj\u00edc\u00ed verzi loga<\/li>\n<li data-start=\"1067\" data-end=\"1483\">Prvot\u0159\u00eddn\u00ed materi\u00e1l - odoln\u00fd, trvanliv\u00fd a snadno se \u010dist\u00ed<\/li>\n<\/ul>\n<p class=\"my-0\">Ta\u0161ka 1Nasty - Crew je sou\u010d\u00e1st\u00ed exkluzivn\u00ed soupravy 1Nasty, kter\u00e1 zahrnuje tak\u00e9 m\u00f3dn\u00ed oble\u010den\u00ed do posilovny, sportovn\u00ed tr\u00e9ninkov\u00e9 leg\u00edny, batoh, ledvinku a baseballovou \u010depici a vytv\u00e1\u0159\u00ed kompletn\u00ed, funk\u010dn\u00ed a stylov\u00fd vzhled pro \u017eeny, kter\u00e9 oce\u0148uj\u00ed inovativn\u00ed sportovn\u00ed materi\u00e1ly a vysokou kvalitu.<\/p>\n<p class=\"my-0\">Investujte do ta\u0161ky, kter\u00e1 kombinuje pohodln\u00e9 oble\u010den\u00ed na tr\u00e9nink s m\u00f3dn\u00edm m\u011bstsk\u00fdm stylem - ide\u00e1ln\u00ed pro aktivn\u00ed \u017eeny, kter\u00e9 mohou kombinovat sport, ani\u017e by slevily z elegance a designu.<\/p>","protected":false},"excerpt":{"rendered":"<p>Jedine\u010dn\u00e1 ta\u0161ka na v\u00edkend a tr\u00e9nink v luxusn\u00edm m\u011bstsk\u00e9m stylu. Luxusn\u00ed proveden\u00ed s logem NASTY.<\/p>","protected":false},"featured_media":805,"template":"","meta":{"_acf_changed":false},"product_brand":[558],"product_cat":[76,72,48,445],"product_tag":[295,77,304,308,307,135,297,298,306,296,303,302,299,305,300,301],"class_list":{"0":"post-1283","1":"product","2":"type-product","3":"status-publish","4":"has-post-thumbnail","6":"product_brand-1nasty","7":"product_cat-akcesoria","8":"product_cat-crew","9":"product_cat-nowosci","10":"product_cat-torby","11":"product_tag-1nasty-crew","12":"product_tag-akcesoria","13":"product_tag-functional-bag","14":"product_tag-odziez-i-akcesoria","15":"product_tag-prezent-dla-fana","16":"product_tag-styl-streetwear","17":"product_tag-torba-1nasty","18":"product_tag-torba-casual","19":"product_tag-torba-codzienna","20":"product_tag-torba-crew","21":"product_tag-torba-duza-pojemnosc","22":"product_tag-torba-miejska","23":"product_tag-torba-na-co-dzien","24":"product_tag-torba-unisex","25":"product_tag-torba-z-logo","26":"product_tag-urban-bag","28":"first","29":"instock","30":"shipping-taxable","31":"purchasable","32":"product-type-variable","33":"wvs-archive-product-wrapper"},"acf":[],"yoast_head":"<!-- This site is optimized with the Yoast SEO plugin v26.1.1 - https:\/\/yoast.com\/wordpress\/plugins\/seo\/ -->\n<title>Torba 1Nasty \u2013 Crew - 1nasty<\/title>\n<meta name=\"robots\" content=\"index, follow, max-snippet:-1, max-image-preview:large, max-video-preview:-1\" \/>\n<link rel=\"canonical\" href=\"https:\/\/1nasty.com\/cs\/produkt\/torba-1nasty-crew\/\" \/>\n<meta property=\"og:locale\" content=\"cs_CZ\" \/>\n<meta property=\"og:type\" content=\"article\" \/>\n<meta property=\"og:title\" content=\"Torba 1Nasty \u2013 Crew - 1nasty\" \/>\n<meta property=\"og:description\" content=\"Wyj\u0105tkowa torba weekendowa i treningowa w stylu urban luxury. Luksusowe wyko\u0144czenie z logo NASTY\" \/>\n<meta property=\"og:url\" content=\"https:\/\/1nasty.com\/cs\/produkt\/torba-1nasty-crew\/\" \/>\n<meta property=\"og:site_name\" content=\"1nasty\" \/>\n<meta property=\"article:modified_time\" content=\"2026-03-24T09:46:24+00:00\" \/>\n<meta property=\"og:image\" content=\"https:\/\/1nasty.com\/wp-content\/uploads\/2025\/02\/0D2A4357.jpg\" \/>\n\t<meta property=\"og:image:width\" content=\"1600\" \/>\n\t<meta property=\"og:image:height\" content=\"1067\" \/>\n\t<meta property=\"og:image:type\" content=\"image\/jpeg\" \/>\n<meta name=\"twitter:card\" content=\"summary_large_image\" \/>\n<meta name=\"twitter:label1\" content=\"Odhadovan\u00e1 doba \u010dten\u00ed\" \/>\n\t<meta name=\"twitter:data1\" content=\"3 minuty\" \/>\n<script type=\"application\/ld+json\" class=\"yoast-schema-graph\">{\"@context\":\"https:\/\/schema.org\",\"@graph\":[{\"@type\":\"WebPage\",\"@id\":\"https:\/\/1nasty.com\/produkt\/torba-1nasty-crew\/\",\"url\":\"https:\/\/1nasty.com\/produkt\/torba-1nasty-crew\/\",\"name\":\"Torba 1Nasty \u2013 Crew - 1nasty\",\"isPartOf\":{\"@id\":\"https:\/\/1nasty.com\/#website\"},\"primaryImageOfPage\":{\"@id\":\"https:\/\/1nasty.com\/produkt\/torba-1nasty-crew\/#primaryimage\"},\"image\":{\"@id\":\"https:\/\/1nasty.com\/produkt\/torba-1nasty-crew\/#primaryimage\"},\"thumbnailUrl\":\"https:\/\/1nasty.com\/wp-content\/uploads\/2025\/02\/0D2A4357.jpg\",\"datePublished\":\"2025-02-27T11:30:52+00:00\",\"dateModified\":\"2026-03-24T09:46:24+00:00\",\"breadcrumb\":{\"@id\":\"https:\/\/1nasty.com\/produkt\/torba-1nasty-crew\/#breadcrumb\"},\"inLanguage\":\"cs\",\"potentialAction\":[{\"@type\":\"ReadAction\",\"target\":[\"https:\/\/1nasty.com\/produkt\/torba-1nasty-crew\/\"]}]},{\"@type\":\"ImageObject\",\"inLanguage\":\"cs\",\"@id\":\"https:\/\/1nasty.com\/produkt\/torba-1nasty-crew\/#primaryimage\",\"url\":\"https:\/\/1nasty.com\/wp-content\/uploads\/2025\/02\/0D2A4357.jpg\",\"contentUrl\":\"https:\/\/1nasty.com\/wp-content\/uploads\/2025\/02\/0D2A4357.jpg\",\"width\":1600,\"height\":1067,\"caption\":\"Dark Monarch; Urban Beauty: Cargo; Czapka 1Nasty Crew; Torba 1Nasty Crew;\"},{\"@type\":\"BreadcrumbList\",\"@id\":\"https:\/\/1nasty.com\/produkt\/torba-1nasty-crew\/#breadcrumb\",\"itemListElement\":[{\"@type\":\"ListItem\",\"position\":1,\"name\":\"Strona g\u0142\u00f3wna\",\"item\":\"https:\/\/1nasty.com\/\"},{\"@type\":\"ListItem\",\"position\":2,\"name\":\"Sklep\",\"item\":\"https:\/\/1nasty.com\/?page_id=29\"},{\"@type\":\"ListItem\",\"position\":3,\"name\":\"Torba 1Nasty \u2013 Crew\"}]},{\"@type\":\"WebSite\",\"@id\":\"https:\/\/1nasty.com\/#website\",\"url\":\"https:\/\/1nasty.com\/\",\"name\":\"1nasty\",\"description\":\"Luxury. Attitude. You!\",\"publisher\":{\"@id\":\"https:\/\/1nasty.com\/#organization\"},\"potentialAction\":[{\"@type\":\"SearchAction\",\"target\":{\"@type\":\"EntryPoint\",\"urlTemplate\":\"https:\/\/1nasty.com\/?s={search_term_string}\"},\"query-input\":{\"@type\":\"PropertyValueSpecification\",\"valueRequired\":true,\"valueName\":\"search_term_string\"}}],\"inLanguage\":\"cs\"},{\"@type\":\"Organization\",\"@id\":\"https:\/\/1nasty.com\/#organization\",\"name\":\"1nasty\",\"url\":\"https:\/\/1nasty.com\/\",\"logo\":{\"@type\":\"ImageObject\",\"inLanguage\":\"cs\",\"@id\":\"https:\/\/1nasty.com\/#\/schema\/logo\/image\/\",\"url\":\"https:\/\/1nasty.com\/wp-content\/uploads\/2024\/08\/f218434d670b74c1b50d2fa3ffcc3dab-e1725744934517.png\",\"contentUrl\":\"https:\/\/1nasty.com\/wp-content\/uploads\/2024\/08\/f218434d670b74c1b50d2fa3ffcc3dab-e1725744934517.png\",\"width\":268,\"height\":322,\"caption\":\"1nasty\"},\"image\":{\"@id\":\"https:\/\/1nasty.com\/#\/schema\/logo\/image\/\"}}]}<\/script>\n<!-- \/ Yoast SEO plugin. -->","yoast_head_json":{"title":"Torba 1Nasty \u2013 Crew - 1nasty","robots":{"index":"index","follow":"follow","max-snippet":"max-snippet:-1","max-image-preview":"max-image-preview:large","max-video-preview":"max-video-preview:-1"},"canonical":"https:\/\/1nasty.com\/cs\/produkt\/torba-1nasty-crew\/","og_locale":"cs_CZ","og_type":"article","og_title":"Torba 1Nasty \u2013 Crew - 1nasty","og_description":"Wyj\u0105tkowa torba weekendowa i treningowa w stylu urban luxury. Luksusowe wyko\u0144czenie z logo NASTY","og_url":"https:\/\/1nasty.com\/cs\/produkt\/torba-1nasty-crew\/","og_site_name":"1nasty","article_modified_time":"2026-03-24T09:46:24+00:00","og_image":[{"width":1600,"height":1067,"url":"https:\/\/1nasty.com\/wp-content\/uploads\/2025\/02\/0D2A4357.jpg","type":"image\/jpeg"}],"twitter_card":"summary_large_image","twitter_misc":{"Odhadovan\u00e1 doba \u010dten\u00ed":"3 minuty"},"schema":{"@context":"https:\/\/schema.org","@graph":[{"@type":"WebPage","@id":"https:\/\/1nasty.com\/produkt\/torba-1nasty-crew\/","url":"https:\/\/1nasty.com\/produkt\/torba-1nasty-crew\/","name":"Torba 1Nasty \u2013 Crew - 1nasty","isPartOf":{"@id":"https:\/\/1nasty.com\/#website"},"primaryImageOfPage":{"@id":"https:\/\/1nasty.com\/produkt\/torba-1nasty-crew\/#primaryimage"},"image":{"@id":"https:\/\/1nasty.com\/produkt\/torba-1nasty-crew\/#primaryimage"},"thumbnailUrl":"https:\/\/1nasty.com\/wp-content\/uploads\/2025\/02\/0D2A4357.jpg","datePublished":"2025-02-27T11:30:52+00:00","dateModified":"2026-03-24T09:46:24+00:00","breadcrumb":{"@id":"https:\/\/1nasty.com\/produkt\/torba-1nasty-crew\/#breadcrumb"},"inLanguage":"cs","potentialAction":[{"@type":"ReadAction","target":["https:\/\/1nasty.com\/produkt\/torba-1nasty-crew\/"]}]},{"@type":"ImageObject","inLanguage":"cs","@id":"https:\/\/1nasty.com\/produkt\/torba-1nasty-crew\/#primaryimage","url":"https:\/\/1nasty.com\/wp-content\/uploads\/2025\/02\/0D2A4357.jpg","contentUrl":"https:\/\/1nasty.com\/wp-content\/uploads\/2025\/02\/0D2A4357.jpg","width":1600,"height":1067,"caption":"Dark Monarch; Urban Beauty: Cargo; Czapka 1Nasty Crew; Torba 1Nasty Crew;"},{"@type":"BreadcrumbList","@id":"https:\/\/1nasty.com\/produkt\/torba-1nasty-crew\/#breadcrumb","itemListElement":[{"@type":"ListItem","position":1,"name":"Strona g\u0142\u00f3wna","item":"https:\/\/1nasty.com\/"},{"@type":"ListItem","position":2,"name":"Sklep","item":"https:\/\/1nasty.com\/?page_id=29"},{"@type":"ListItem","position":3,"name":"Torba 1Nasty \u2013 Crew"}]},{"@type":"WebSite","@id":"https:\/\/1nasty.com\/#website","url":"https:\/\/1nasty.com\/","name":"1.","description":"Luxus. Postoj. Vy!","publisher":{"@id":"https:\/\/1nasty.com\/#organization"},"potentialAction":[{"@type":"SearchAction","target":{"@type":"EntryPoint","urlTemplate":"https:\/\/1nasty.com\/?s={search_term_string}"},"query-input":{"@type":"PropertyValueSpecification","valueRequired":true,"valueName":"search_term_string"}}],"inLanguage":"cs"},{"@type":"Organization","@id":"https:\/\/1nasty.com\/#organization","name":"1.","url":"https:\/\/1nasty.com\/","logo":{"@type":"ImageObject","inLanguage":"cs","@id":"https:\/\/1nasty.com\/#\/schema\/logo\/image\/","url":"https:\/\/1nasty.com\/wp-content\/uploads\/2024\/08\/f218434d670b74c1b50d2fa3ffcc3dab-e1725744934517.png","contentUrl":"https:\/\/1nasty.com\/wp-content\/uploads\/2024\/08\/f218434d670b74c1b50d2fa3ffcc3dab-e1725744934517.png","width":268,"height":322,"caption":"1nasty"},"image":{"@id":"https:\/\/1nasty.com\/#\/schema\/logo\/image\/"}}]}},"_links":{"self":[{"href":"https:\/\/1nasty.com\/cs\/wp-json\/wp\/v2\/product\/1283","targetHints":{"allow":["GET"]}}],"collection":[{"href":"https:\/\/1nasty.com\/cs\/wp-json\/wp\/v2\/product"}],"about":[{"href":"https:\/\/1nasty.com\/cs\/wp-json\/wp\/v2\/types\/product"}],"wp:featuredmedia":[{"embeddable":true,"href":"https:\/\/1nasty.com\/cs\/wp-json\/wp\/v2\/media\/805"}],"wp:attachment":[{"href":"https:\/\/1nasty.com\/cs\/wp-json\/wp\/v2\/media?parent=1283"}],"wp:term":[{"taxonomy":"product_brand","embeddable":true,"href":"https:\/\/1nasty.com\/cs\/wp-json\/wp\/v2\/product_brand?post=1283"},{"taxonomy":"product_cat","embeddable":true,"href":"https:\/\/1nasty.com\/cs\/wp-json\/wp\/v2\/product_cat?post=1283"},{"taxonomy":"product_tag","embeddable":true,"href":"https:\/\/1nasty.com\/cs\/wp-json\/wp\/v2\/product_tag?post=1283"}],"curies":[{"name":"wp","href":"https:\/\/api.w.org\/{rel}","templated":true}]}}